{"id":7007,"date":"2025-11-26T14:58:25","date_gmt":"2025-11-26T19:58:25","guid":{"rendered":"https:\/\/pscpartners.ca\/vente-aux-encheres\/"},"modified":"2025-11-26T14:58:26","modified_gmt":"2025-11-26T19:58:26","slug":"vente-aux-encheres","status":"publish","type":"page","link":"https:\/\/pscpartners.ca\/fr\/vente-aux-encheres\/","title":{"rendered":"Vente aux ench\u00e8res"},"content":{"rendered":"<div class=\"gb-container gb-container-f926882c\">\n<div class=\"gb-container gb-container-6b1f8ebf\">\n\n<div class=\"wp-block-group\"><div class=\"wp-block-group__inner-container is-layout-constrained wp-block-group-is-layout-constrained\">\n<a class=\"gb-button gb-button-d16415e3 gb-button-text purple-button\" href=\"https:\/\/can.givergy.com\/pscpartnerscaauction2025\" target=\"_blank\" rel=\"noopener noreferrer\"><strong>Visitez le site de la vente aux ench\u00e8res maintenant<\/strong><\/a>\n<\/div><\/div>\n\n<\/div>\n<\/div>\n<figure class=\"gb-block-image gb-block-image-fc6313e7\"><img loading=\"lazy\" decoding=\"async\" width=\"300\" height=\"300\" class=\"gb-image gb-image-fc6313e7\" src=\"https:\/\/pscpartners.ca\/wp-content\/uploads\/2025\/10\/Online-auction-event-image-300x300.png\" alt=\"Collecte de fonds par vente aux ench\u00e8res en ligne du CSP\" title=\"Image de l'\u00e9v\u00e9nement de la vente aux ench\u00e8res en ligne\" srcset=\"https:\/\/pscpartners.ca\/wp-content\/uploads\/2025\/10\/Online-auction-event-image-300x300.png 300w, https:\/\/pscpartners.ca\/wp-content\/uploads\/2025\/10\/Online-auction-event-image-1024x1024.png 1024w, https:\/\/pscpartners.ca\/wp-content\/uploads\/2025\/10\/Online-auction-event-image-150x150.png 150w, https:\/\/pscpartners.ca\/wp-content\/uploads\/2025\/10\/Online-auction-event-image-768x768.png 768w, https:\/\/pscpartners.ca\/wp-content\/uploads\/2025\/10\/Online-auction-event-image-1536x1536.png 1536w, https:\/\/pscpartners.ca\/wp-content\/uploads\/2025\/10\/Online-auction-event-image.png 1920w\" sizes=\"auto, (max-width: 300px) 100vw, 300px\" \/><\/figure>\n\n<p><\/p>\n","protected":false},"excerpt":{"rendered":"","protected":false},"author":2,"featured_media":0,"parent":0,"menu_order":0,"comment_status":"closed","ping_status":"closed","template":"","meta":{"_acf_changed":false,"_seopress_robots_primary_cat":"","_seopress_titles_title":"","_seopress_titles_desc":"","_seopress_robots_index":"","footnotes":""},"class_list":["post-7007","page","type-page","status-publish"],"acf":[],"_links":{"self":[{"href":"https:\/\/pscpartners.ca\/fr\/wp-json\/wp\/v2\/pages\/7007","targetHints":{"allow":["GET"]}}],"collection":[{"href":"https:\/\/pscpartners.ca\/fr\/wp-json\/wp\/v2\/pages"}],"about":[{"href":"https:\/\/pscpartners.ca\/fr\/wp-json\/wp\/v2\/types\/page"}],"author":[{"embeddable":true,"href":"https:\/\/pscpartners.ca\/fr\/wp-json\/wp\/v2\/users\/2"}],"replies":[{"embeddable":true,"href":"https:\/\/pscpartners.ca\/fr\/wp-json\/wp\/v2\/comments?post=7007"}],"version-history":[{"count":1,"href":"https:\/\/pscpartners.ca\/fr\/wp-json\/wp\/v2\/pages\/7007\/revisions"}],"predecessor-version":[{"id":7008,"href":"https:\/\/pscpartners.ca\/fr\/wp-json\/wp\/v2\/pages\/7007\/revisions\/7008"}],"wp:attachment":[{"href":"https:\/\/pscpartners.ca\/fr\/wp-json\/wp\/v2\/media?parent=7007"}],"curies":[{"name":"wp","href":"https:\/\/api.w.org\/{rel}","templated":true}]}}