{"id":5159,"date":"2025-01-30T07:12:21","date_gmt":"2025-01-30T07:12:21","guid":{"rendered":"https:\/\/pscpartners.ca\/faire-un-don\/"},"modified":"2026-01-01T07:53:29","modified_gmt":"2026-01-01T12:53:29","slug":"faire-un-don","status":"publish","type":"page","link":"https:\/\/pscpartners.ca\/fr\/faire-un-don\/","title":{"rendered":"Faire un don"},"content":{"rendered":"<div class=\"gb-container gb-container-e1cc76ff list-items-links\">\n<div class=\"gb-container gb-container-fc1b7b8a psc-container\">\n\n<h1 class=\"gb-headline gb-headline-5213e52a gb-headline-text\">Faire un don<\/h1>\n\n\n\n<p class=\"gb-headline gb-headline-3037b747 gb-headline-text psc-paragraph-p\">Les dons soutiennent notre mission qui consiste \u00e0 stimuler la recherche pour identifier des traitements et un rem\u00e8de pour la cholangite scl\u00e9rosante primitive (CSP) tout en fournissant une \u00e9ducation et un soutien aux personnes touch\u00e9es par cette maladie rare. PSC Partners Canada est un organisme de bienfaisance canadien enregistr\u00e9 (CRA #811905165RR0001). <br><br>Depuis 2016, plus de 2 400 000 dollars ont \u00e9t\u00e9 allou\u00e9s \u00e0 la recherche sur les CSP gr\u00e2ce \u00e0 des dons de source canadienne. Ces fonds n&rsquo;auraient pas pu \u00eatre collect\u00e9s sans le soutien g\u00e9n\u00e9reux de la communaut\u00e9 CSP au Canada. <br><br>Plus de 98 % des fonds donn\u00e9s sont consacr\u00e9s aux subventions de recherche du CSP et 2 % ou moins aux frais de fonctionnement annuels de PSC Partners Canada. Pour consulter l&rsquo;ensemble des recherches financ\u00e9es par PSC Partners Canada, visitez la <a href=\"https:\/\/pscpartners.ca\/fr\/subventions-de-recherche-2\/\" data-type=\"link\" data-id=\"https:\/\/pscpartners.ca\/research-grants\/\">page des subventions de recherche annuelles de PSC Partners Canada<\/a>. <\/p>\n\n<\/div>\n<\/div><div class=\"gb-container gb-container-58991614 list-items-links\">\n<div class=\"gb-container gb-container-32d15e3e psc-container\" data-aos=\"fade-up\">\n<div class=\"gb-container gb-container-fc08999a\" data-aos=\"fade-up\">\n<div class=\"gb-container gb-container-4b2a396e\">\n\n<h2 class=\"gb-headline gb-headline-7d80918e gb-headline-text\">Fa\u00e7ons de faire un don pour les donateurs canadiens<\/h2>\n\n\n\n<p class=\"gb-headline gb-headline-c2c1d8fd gb-headline-text psc-paragraph-p list-items-links\">Lorsque vous faites un don par virement \u00e9lectronique Interac ou par ch\u00e8que, 100 % de votre don est vers\u00e9 \u00e0 PSC Partners Canada, sans frais bancaires pour le traitement de la carte de cr\u00e9dit.<\/p>\n\n\n<div class=\"gb-container gb-container-0076271c\">\n\n<p><strong>Carte de cr\u00e9dit<\/strong>: Faites un don <strong><a href=\"https:\/\/www.canadahelps.org\/en\/dn\/78364\">ICI PAR CARTE DE CR\u00c9DIT<\/a><\/strong>.  <br\/><br\/><strong>Virement \u00e9lectronique Interac<\/strong>: Veuillez adresser vos dons par virement Interac \u00e0 <a href=\"mailto:contactus@pscpartners.ca\">contactus@pscpartners.ca<\/a>. Veuillez remplir et soumettre le <a href=\"https:\/\/docs.google.com\/forms\/d\/e\/1FAIpQLSewzJ39b8VW5EQKwS0gsJSlZFYmbk0H76jbNhJLSPPrueXTpA\/viewform?usp=send_form\" target=\"_blank\" rel=\"noreferrer noopener\">formulaire de don en ligne de PSC Partners Canada<\/a> afin de vous assurer que nous disposons des informations n\u00e9cessaires \u00e0 l&rsquo;\u00e9mission d&rsquo;un re\u00e7u aux fins de l&rsquo;imp\u00f4t sur le revenu.<br\/><br\/><strong>Ch\u00e8que<\/strong>: Faites votre ch\u00e8que \u00e0 l&rsquo;ordre de PSC Partners Seeking a Cure Canada et envoyez-le \u00e0 PSC Partners Seeking a Cure Canada, 192 Spadina Ave, Toronto, ON M5T 2C2.<br\/><br\/><strong>Campagnes de dons en milieu de travail<\/strong>: Les dons peuvent \u00eatre affect\u00e9s \u00e0 PSC Partners Canada dans le cadre de campagnes de dons sur le lieu de travail telles que Centraide ou Benevity. Pour ce faire, il peut \u00eatre n\u00e9cessaire de fournir le nom de l&rsquo;organisme de bienfaisance. Le nom complet de l&rsquo;organisme de bienfaisance est \u00ab\u00a0PSC Partners Seeking a Cure Canada\u00a0\u00bb et le num\u00e9ro d&rsquo;entreprise\/d&rsquo;enregistrement de l&rsquo;organisme de bienfaisance est 811905165RR0001. Les re\u00e7us fiscaux seront \u00e9mis par Centraide ou Benevity. Certains lieux de travail offrent m\u00eame un jumelage des dons !    <br\/><br\/><strong>Titres<\/strong>: Le don de titres ou d&rsquo;actions de fonds communs de placement est le moyen le plus efficace de faire un don caritatif puisque l&rsquo;imp\u00f4t sur les gains en capital ne s&rsquo;applique pas. Les dons de titres ou de parts de fonds communs de placement signifient un don plus important pour PSC Partners Canada. Veuillez nous contacter \u00e0 l&rsquo;adresse <a href=\"mailto:contactus@pscpartners.ca\">contactus@pscpartners.ca<\/a> pour obtenir des instructions sur la fa\u00e7on de faire un don de titres.  <br\/><br\/><strong>Dons \u00e0 la m\u00e9moire ou en l&rsquo;honneur d&rsquo;une personne<\/strong>: Pour les dons faits \u00e0 la m\u00e9moire d&rsquo;une personne, nous offrons la possibilit\u00e9 d&rsquo;informer les proches de la personne qu&rsquo;un don a \u00e9t\u00e9 fait en sa m\u00e9moire. PSC Partners Canada comprend la tristesse et la perte que le CSP peut entra\u00eener. Ces moments obligent l&rsquo;organisation \u00e0 travailler chaque jour pour changer le sort des personnes touch\u00e9es par le CSP.  <br\/><br\/>Pour les dons effectu\u00e9s en l&rsquo;honneur d&rsquo;une personne, nous offrons la possibilit\u00e9 d&rsquo;envoyer une notification \u00e0 la personne honor\u00e9e.<br\/><br\/>Veuillez remplir le <a href=\"https:\/\/docs.google.com\/forms\/d\/e\/1FAIpQLSewzJ39b8VW5EQKwS0gsJSlZFYmbk0H76jbNhJLSPPrueXTpA\/viewform?usp=send_form\" target=\"_blank\" rel=\"noreferrer noopener\">formulaire de don de PSC Partners Canada<\/a> afin de fournir les coordonn\u00e9es dont nous avons besoin pour informer les proches ou les personnes honor\u00e9es. Pour toute question ou information compl\u00e9mentaire, envoyez un courriel \u00e0 PSC Partners Canada \u00e0 l&rsquo;adresse suivante : <a href=\"mailto:contactus@pscpartners.ca\">contactus@pscpartners.ca<\/a>.<\/p>\n\n<\/div>\n<\/div>\n\n<div class=\"gb-container gb-container-9c95e487 image-size-maximize\">\n\n<script id=\"ch_cdn_embed\" type=\"text\/javascript\" src=\"https:\/\/www.canadahelps.org\/secure\/js\/cdf_embed.2.js\" charset=\"utf-8\" data-language=\"en\" data-page-id=\"78364\" data-root-url=\"https:\/\/www.canadahelps.org\" data-formtype=\"1\" data-cfasync=\"false\"><\/script>\n\n<\/div>\n<\/div>\n<\/div>\n<\/div><div class=\"gb-container gb-container-93eafbbc list-items-links\">\n<div class=\"gb-container gb-container-e8e01f27 psc-container\">\n\n<p class=\"gb-headline gb-headline-769ac9c7 gb-headline-text psc-paragraph-p\">Vous souhaitez rejoindre le comit\u00e9 de collecte de fonds ou organiser une collecte de fonds pour la recherche sur les CSP ? Visitez la page des <a href=\"https:\/\/pscpartners.ca\/fr\/benevole\/\">b\u00e9n\u00e9voles<\/a> pour plus d&rsquo;informations. <br><br>Donateurs canadiens : Les dons \u00e9ligibles effectu\u00e9s selon les m\u00e9thodes \u00e9num\u00e9r\u00e9es sur cette page recevront un re\u00e7u fiscal pour les imp\u00f4ts de l&rsquo;Agence des douanes et du revenu du Canada.<br><br>Donateurs am\u00e9ricains : Les personnes souhaitant faire un don donnant droit \u00e0 un re\u00e7u fiscal de l&rsquo;IRS sont invit\u00e9es \u00e0 se rendre sur le <a href=\"http:\/\/www.pscpartners.org\" target=\"_blank\" rel=\"noreferrer noopener\">site web de la filiale am\u00e9ricaine 501(c)(3) du CSP Partners Seeking a Cure<\/a>.  <\/p>\n\n<\/div>\n<\/div>","protected":false},"excerpt":{"rendered":"<p>Faire un don Les dons soutiennent notre mission qui consiste \u00e0 stimuler la recherche pour identifier des traitements et un rem\u00e8de pour la cholangite scl\u00e9rosante primitive (CSP) tout en fournissant une \u00e9ducation et un soutien aux personnes touch\u00e9es par cette maladie rare. PSC Partners Canada est un organisme de bienfaisance canadien enregistr\u00e9 (CRA #811905165RR0001). Depuis &#8230; <a title=\"Faire un don\" class=\"read-more\" href=\"https:\/\/pscpartners.ca\/fr\/faire-un-don\/\" aria-label=\"En savoir plus sur Faire un don\">Lire plus<\/a><\/p>\n","protected":false},"author":1,"featured_media":0,"parent":0,"menu_order":0,"comment_status":"closed","ping_status":"closed","template":"","meta":{"_acf_changed":false,"_seopress_robots_primary_cat":"","_seopress_titles_title":"Soutenez la recherche sur les CSP en faisant un don aujourd'hui","_seopress_titles_desc":"Faites un don \u00e0 PSC Partners Canada pour stimuler la recherche et trouver un rem\u00e8de \u00e0 la cholangite scl\u00e9rosante primitive. Plus de 98 % des fonds vont directement \u00e0 la recherche. ","_seopress_robots_index":"","footnotes":""},"class_list":["post-5159","page","type-page","status-publish"],"acf":[],"_links":{"self":[{"href":"https:\/\/pscpartners.ca\/fr\/wp-json\/wp\/v2\/pages\/5159","targetHints":{"allow":["GET"]}}],"collection":[{"href":"https:\/\/pscpartners.ca\/fr\/wp-json\/wp\/v2\/pages"}],"about":[{"href":"https:\/\/pscpartners.ca\/fr\/wp-json\/wp\/v2\/types\/page"}],"author":[{"embeddable":true,"href":"https:\/\/pscpartners.ca\/fr\/wp-json\/wp\/v2\/users\/1"}],"replies":[{"embeddable":true,"href":"https:\/\/pscpartners.ca\/fr\/wp-json\/wp\/v2\/comments?post=5159"}],"version-history":[{"count":14,"href":"https:\/\/pscpartners.ca\/fr\/wp-json\/wp\/v2\/pages\/5159\/revisions"}],"predecessor-version":[{"id":7136,"href":"https:\/\/pscpartners.ca\/fr\/wp-json\/wp\/v2\/pages\/5159\/revisions\/7136"}],"wp:attachment":[{"href":"https:\/\/pscpartners.ca\/fr\/wp-json\/wp\/v2\/media?parent=5159"}],"curies":[{"name":"wp","href":"https:\/\/api.w.org\/{rel}","templated":true}]}}