{"id":4817,"date":"2025-01-15T07:00:30","date_gmt":"2025-01-15T07:00:30","guid":{"rendered":"https:\/\/pscpartners.ca\/demande-dacces\/"},"modified":"2025-01-29T04:54:53","modified_gmt":"2025-01-29T04:54:53","slug":"demande-dacces","status":"publish","type":"page","link":"https:\/\/pscpartners.ca\/fr\/demande-dacces\/","title":{"rendered":"Demande d&rsquo;acc\u00e8s"},"content":{"rendered":"<div class=\"gb-container gb-container-5ea870ea psc-container\">\n<div class=\"gb-container gb-container-98bdeb4a\">\n<div class=\"gb-container gb-container-b4e3cfda\">\n\n<figure class=\"gb-block-image gb-block-image-72be7121\"><img loading=\"lazy\" decoding=\"async\" width=\"1063\" height=\"472\" class=\"gb-image gb-image-72be7121\" src=\"https:\/\/pscpartners.ca\/wp-content\/uploads\/2024\/12\/GI-4.png\" alt=\"\" title=\"GI-4\" srcset=\"https:\/\/pscpartners.ca\/wp-content\/uploads\/2024\/12\/GI-4.png 1063w, https:\/\/pscpartners.ca\/wp-content\/uploads\/2024\/12\/GI-4-300x133.png 300w, https:\/\/pscpartners.ca\/wp-content\/uploads\/2024\/12\/GI-4-1024x455.png 1024w, https:\/\/pscpartners.ca\/wp-content\/uploads\/2024\/12\/GI-4-768x341.png 768w\" sizes=\"auto, (max-width: 1063px) 100vw, 1063px\" \/><\/figure>\n\n<\/div>\n\n<div class=\"gb-container gb-container-90b4a478\">\n\n<h1 class=\"gb-headline gb-headline-efa531cc gb-headline-text psc-heading-h1\"><strong>Demande d&rsquo;acc\u00e8s<\/strong><\/h1>\n\n\n\n<h2 class=\"gb-headline gb-headline-b00ab700 gb-headline-text psc-heading-h3\">Rejoignez-nous et connectez-vous d\u00e8s aujourd&rsquo;hui !<\/h2>\n\n<\/div>\n<\/div>\n\n<div class=\"gb-container gb-container-9812b45d\">\n\n<h3 class=\"gb-headline gb-headline-f9392458 gb-headline-text psc-heading-h4\"><strong>Vos informations :<\/strong><\/h3>\n\n\n\n<p class=\"gb-headline gb-headline-6df543c6 gb-headline-text psc-paragraph-p\"><em>Ces informations seront utilis\u00e9es pour cr\u00e9er des identifiants d&rsquo;acc\u00e8s pour le patient qui acc\u00e8dera lui-m\u00eame \u00e0 la plateforme, ou pour le soignant\/tuteur qui fournira des informations au nom d&rsquo;un patient.<\/em><\/p>\n\n<\/div>\n\n<div class=\"gb-container gb-container-91fa679a\">\n<noscript class=\"ninja-forms-noscript-message\">\n\tRemarque\u00a0: JavaScript est requis pour ce contenu.<\/noscript>\nAucun champ trouv\u00e9.<style>\n\n        \/* FIELDS STYLES *\/\n    \n        .nf-form-content .nf-field-container #nf-field-36-wrap .nf-field-element .ninja-forms-field {\n                                    background-color:#76232f;\n                    }\n        .nf-form-content .nf-field-container #nf-field-36-wrap .nf-field-element .ninja-forms-field:hover {\n                                    background-color:#76232f;\n                    }\n    <\/style><div id=\"nf-form-5-cont\" class=\"nf-form-cont\" aria-live=\"polite\" aria-labelledby=\"nf-form-title-5\" aria-describedby=\"nf-form-errors-5\" role=\"form\">\n\n    <div class=\"nf-loading-spinner\"><\/div>\n\n<\/div>\n        <!-- That data is being printed as a workaround to page builders reordering the order of the scripts loaded-->\n        <script>var formDisplay=1;var nfForms=nfForms||[];var form=[];form.id='5';form.settings={\"ninjaForms\":\"Ninja Forms\",\"changeEmailErrorMsg\":\"Veuillez saisir une adresse de messagerie valide. Ex\\u00a0: jean.dupont@gmail.com\",\"changeDateErrorMsg\":\"Veuillez saisir une date valide\\u00a0!\",\"confirmFieldErrorMsg\":\"Ces champs doivent correspondre\\u00a0!\",\"fieldNumberNumMinError\":\"Erreur de nombre min.\",\"fieldNumberNumMaxError\":\"Erreur de nombre max.\",\"fieldNumberIncrementBy\":\"Veuillez incr\\u00e9menter par \",\"fieldTextareaRTEInsertLink\":\"Ins\\u00e9rer un lien\",\"fieldTextareaRTEInsertMedia\":\"Ins\\u00e9rer un m\\u00e9dia\",\"fieldTextareaRTESelectAFile\":\"S\\u00e9lectionnez un fichier\",\"formErrorsCorrectErrors\":\"Veuillez corriger les erreurs avant d\\u2019envoyer ce formulaire.\",\"formHoneypot\":\"Si vous \\u00eates un \\u00eatre humain et que vous voyez ce champ, veuillez le laisser vide.\",\"validateRequiredField\":\"Ce champ est obligatoire.\",\"honeypotHoneypotError\":\"Erreur Honeypot\",\"fileUploadOldCodeFileUploadInProgress\":\"T\\u00e9l\\u00e9versement du fichier en cours.\",\"fileUploadOldCodeFileUpload\":\"T\\u00c9L\\u00c9VERSEMENT DE FICHIER\",\"currencySymbol\":\"&#36;\",\"fieldsMarkedRequired\":\"Les champs marqu\\u00e9s d\\u2019un <span class=\\\"ninja-forms-req-symbol\\\">*<\\\/span> sont obligatoires\",\"thousands_sep\":\"\\u00a0\",\"decimal_point\":\",\",\"siteLocale\":\"fr_FR\",\"dateFormat\":\"m\\\/d\\\/Y\",\"startOfWeek\":\"1\",\"of\":\"sur\",\"previousMonth\":\"Mois pr\\u00e9c\\u00e9dent\",\"nextMonth\":\"Mois suivant\",\"months\":[\"Janvier\",\"F\\u00e9vrier\",\"Mars\",\"Avril\",\"Mai\",\"Juin\",\"Juillet\",\"Ao\\u00fbt\",\"Septembre\",\"Octobre\",\"Novembre\",\"D\\u00e9cembre\"],\"monthsShort\":[\"Jan\",\"F\\u00e9v\",\"Mar\",\"Avr\",\"Mai\",\"Juin\",\"Juil\",\"Ao\\u00fb\",\"Sep\",\"Oct\",\"Nov\",\"D\\u00e9c\"],\"weekdays\":[\"Dimanche\",\"Lundi\",\"Mardi\",\"Mercredi\",\"Jeudi\",\"Vendredi\",\"Samedi\"],\"weekdaysShort\":[\"Dim\",\"Lun\",\"Mar\",\"Mer\",\"Jeu\",\"Ven\",\"Sam\"],\"weekdaysMin\":[\"Di\",\"Lu\",\"Ma\",\"Me\",\"Je\",\"Ve\",\"Sa\"],\"recaptchaConsentMissing\":\"reCaptcha validation couldn&#039;t load.\",\"recaptchaMissingCookie\":\"reCaptcha v3 validation couldn&#039;t load the cookie needed to submit the form.\",\"recaptchaConsentEvent\":\"Accept reCaptcha cookies before sending the form.\",\"embed_form\":\"\",\"currency_symbol\":\"\",\"title\":\"\",\"beforeForm\":\"\",\"beforeFields\":\"\",\"afterFields\":\"\",\"afterForm\":\"\"};form.fields=[];nfForms.push(form);<\/script>\n                <script id=\"nf-tmpl-cell\" type=\"text\/template\">\n            <nf-fields><\/nf-fields>\n        <\/script>\n\n        <script id=\"nf-tmpl-row\" type=\"text\/template\">\n            <nf-cells><\/nf-cells>\n        <\/script>\n\n        \n\n<\/div>\n<\/div>","protected":false},"excerpt":{"rendered":"<p>Demande d&rsquo;acc\u00e8s Rejoignez-nous et connectez-vous d\u00e8s aujourd&rsquo;hui ! Vos informations : Ces informations seront utilis\u00e9es pour cr\u00e9er des identifiants d&rsquo;acc\u00e8s pour le patient qui acc\u00e8dera lui-m\u00eame \u00e0 la plateforme, ou pour le soignant\/tuteur qui fournira des informations au nom d&rsquo;un patient.<\/p>\n","protected":false},"author":1,"featured_media":0,"parent":0,"menu_order":0,"comment_status":"closed","ping_status":"closed","template":"","meta":{"_acf_changed":false,"_seopress_robots_primary_cat":"","_seopress_titles_title":"Rejoignez la plateforme sant\u00e9 d\u00e8s aujourd'hui","_seopress_titles_desc":"Rejoignez-nous pour cr\u00e9er des identifiants d'acc\u00e8s s\u00e9curis\u00e9s pour patienter ou soignant. Connectez-vous aujourd'hui!","_seopress_robots_index":"","footnotes":""},"class_list":["post-4817","page","type-page","status-publish"],"acf":[],"_links":{"self":[{"href":"https:\/\/pscpartners.ca\/fr\/wp-json\/wp\/v2\/pages\/4817","targetHints":{"allow":["GET"]}}],"collection":[{"href":"https:\/\/pscpartners.ca\/fr\/wp-json\/wp\/v2\/pages"}],"about":[{"href":"https:\/\/pscpartners.ca\/fr\/wp-json\/wp\/v2\/types\/page"}],"author":[{"embeddable":true,"href":"https:\/\/pscpartners.ca\/fr\/wp-json\/wp\/v2\/users\/1"}],"replies":[{"embeddable":true,"href":"https:\/\/pscpartners.ca\/fr\/wp-json\/wp\/v2\/comments?post=4817"}],"version-history":[{"count":1,"href":"https:\/\/pscpartners.ca\/fr\/wp-json\/wp\/v2\/pages\/4817\/revisions"}],"predecessor-version":[{"id":4818,"href":"https:\/\/pscpartners.ca\/fr\/wp-json\/wp\/v2\/pages\/4817\/revisions\/4818"}],"wp:attachment":[{"href":"https:\/\/pscpartners.ca\/fr\/wp-json\/wp\/v2\/media?parent=4817"}],"curies":[{"name":"wp","href":"https:\/\/api.w.org\/{rel}","templated":true}]}}