{"id":4813,"date":"2025-01-09T08:55:51","date_gmt":"2025-01-09T08:55:51","guid":{"rendered":"https:\/\/pscpartners.ca\/essais-cliniques\/"},"modified":"2026-02-16T20:31:32","modified_gmt":"2026-02-17T01:31:32","slug":"essais-cliniques","status":"publish","type":"page","link":"https:\/\/pscpartners.ca\/fr\/essais-cliniques\/","title":{"rendered":"Essais cliniques"},"content":{"rendered":"<div class=\"gb-container gb-container-e1cc76ff\">\n<div class=\"gb-container gb-container-fc1b7b8a psc-container\">\n\n<h1 class=\"gb-headline gb-headline-5213e52a gb-headline-text psc-heading-h1\">Essais cliniques<\/h1>\n\n\n\n<p class=\"gb-headline gb-headline-3037b747 gb-headline-text psc-paragraph-p\">\u00ab\u00a0Un essai clinique est une \u00e9tude de recherche qui affecte de mani\u00e8re prospective des participants humains ou des groupes d&rsquo;humains \u00e0 une ou plusieurs interventions li\u00e9es \u00e0 la sant\u00e9 afin d&rsquo;en \u00e9valuer les effets sur les r\u00e9sultats sanitaires.\u00a0\u00bb (OMS)<br><br>Les essais cliniques offrent aux patients la possibilit\u00e9 de participer \u00e0 des recherches scientifiques et industrielles. Dans le cadre d&rsquo;un essai clinique, les participants re\u00e7oivent des interventions sp\u00e9cifiques conform\u00e9ment au plan de recherche ou au protocole \u00e9tabli par les chercheurs. Ces interventions peuvent \u00eatre des produits m\u00e9dicaux, tels que des m\u00e9dicaments ou des appareils, des proc\u00e9dures ou des changements de comportement des participants, tels qu&rsquo;un r\u00e9gime alimentaire.  <br><br>Les essais cliniques suivants recrutent des patients sur CSP. CSP Partners collabore avec les soci\u00e9t\u00e9s pharmaceutiques qui m\u00e8nent ces essais cliniques en ajoutant notre point de vue de patient au protocole d&rsquo;essai et en partageant les informations sur les essais cliniques avec la communaut\u00e9 CSP. <\/p>\n\n\n<div class=\"wp-block-image\">\n<figure class=\"alignright size-full is-resized\"><img alt=\"\" loading=\"lazy\" decoding=\"async\" width=\"500\" height=\"500\" src=\"https:\/\/pscpartners.ca\/wp-content\/uploads\/2025\/02\/CLINICAL-TRIALS.png\" alt=\"\" class=\"wp-image-5777\" style=\"width:310px;height:auto\" srcset=\"https:\/\/pscpartners.ca\/wp-content\/uploads\/2025\/02\/CLINICAL-TRIALS.png 500w, https:\/\/pscpartners.ca\/wp-content\/uploads\/2025\/02\/CLINICAL-TRIALS-300x300.png 300w, https:\/\/pscpartners.ca\/wp-content\/uploads\/2025\/02\/CLINICAL-TRIALS-150x150.png 150w\" sizes=\"auto, (max-width: 500px) 100vw, 500px\" \/><\/figure>\n<\/div>\n<\/div>\n<\/div><div class=\"gb-container gb-container-ebf1077b\">\n<div class=\"gb-container gb-container-fd12fd24 psc-container\">\n\n<h2 class=\"gb-headline gb-headline-dcf2ce1b gb-headline-text\">Recrutement en cours au Canada<\/h2>\n\n\n<div class=\"gb-container gb-container-e2fabe45\">\n\n<p class=\"gb-headline gb-headline-b2ab6434 gb-headline-text psc-paragraph-p\">En f\u00e9vrier 2026, trois essais cliniques pour des patients atteints de CSP sont en cours de recrutement ou devraient l&rsquo;\u00eatre prochainement au Canada. Il peut y avoir d&rsquo;autres projets de recherche initi\u00e9s par des chercheurs dans lesquels vous pourriez \u00eatre impliqu\u00e9. Avant de participer \u00e0 une \u00e9tude, discutez des risques et des avantages potentiels avec votre fournisseur de soins de sant\u00e9.  <\/p>\n\n\n\n<p>Les opportunit\u00e9s suivantes recrutent actuellement ou prochainement des patients atteints de CSP au Canada :<\/p>\n\n\n\n<ul class=\"wp-block-list\">\n<li><strong>CSP Partners Seeking a Cure : (WIND-CSP<\/strong> ) Une cohorte d&rsquo;observation prospective multicentrique mondiale pour soutenir le d\u00e9veloppement de m\u00e9dicaments chez les patients adultes atteints de cholangite scl\u00e9rosante primitive (WIND-CSP). Recrutement : CSP patients \u00e2g\u00e9s de 18 \u00e0 75 ans, sans transplantation, sans petit canal CSP, sans cholangite li\u00e9e aux IgG4 et sans cirrhose. Sites canadiens : Toronto General UHN, Universit\u00e9 de l&rsquo;Alberta. Pour obtenir les coordonn\u00e9es des sites, veuillez consulter le site ClinicalTrials.gov Identifiant : <a href=\"https:\/\/clinicaltrials.gov\/study\/NCT06297993\" target=\"_blank\" rel=\"noreferrer noopener\">NCT06297993<\/a>.   <\/li>\n\n\n\n<li><strong>Ipsen Pharmaceuticals : (ELASCOPE)<\/strong> \u00c9tude visant \u00e0 \u00e9valuer la s\u00e9curit\u00e9 et l&rsquo;efficacit\u00e9 de l&rsquo;Elafibranor chez les adultes atteints de cholangite scl\u00e9rosante primitive. Pas encore en cours. Pour les patients adultes atteints de CSP.   Sites d&rsquo;\u00e9tude aux \u00c9tats-Unis, au Canada et en Espagne. Identifiant ClinicalTrials.gov : <a href=\"https:\/\/clinicaltrials.gov\/study\/NCT07387549\">NCT07387549<\/a>. Plus d&rsquo;informations sur ce <a href=\"https:\/\/pscpartners.ca\/fr\/elafibranor-iqirvo-progresse-vers-lessai-clinique-de-phase-3-pour-la-csp\/\">point d&rsquo;actualit\u00e9<\/a>.  <\/li>\n\n\n\n<li><strong>Universit\u00e9 McMaster (DRIVE-UP)<\/strong> \u00c9tude de l&rsquo;efficacit\u00e9 de la vancomycine chez les patients atteints de colite ulc\u00e9reuse et de cholangite scl\u00e9rosante primitive. Pas encore de recrutement. Pour les patients adultes atteints de CSP \u226518 ans avec une RCH mod\u00e9r\u00e9e \u00e0 s\u00e9v\u00e8re , ClinicalTrials.gov Identifier : <a href=\"https:\/\/clinicaltrials.gov\/study\/NCT07341282\">NCT07341282<\/a>.  <\/li>\n<\/ul>\n\n<\/div>\n<\/div>\n\n<div class=\"gb-container gb-container-4d38ff7e psc-container\">\n\n<h2 class=\"gb-headline gb-headline-0bcf9d52 gb-headline-text\">Recrutement actif et termin\u00e9 au Canada<\/h2>\n\n\n<div class=\"gb-container gb-container-0df5724d\">\n\n<ul class=\"wp-block-list\">\n<li><strong>Ipsen Pharmaceuticals : (ELMWOOD)<\/strong> \u00c9tude visant \u00e0 \u00e9valuer l&rsquo;efficacit\u00e9 et la s\u00e9curit\u00e9 d&#8217;emploi de l&rsquo;Elafibranor chez les adultes atteints de cholangite scl\u00e9rosante primitive. Recrutement imminent : Pour les patients adultes atteints de CSP \u00e0 gros canaux.  Identifiant ClinicalTrials.gov : <a href=\"https:\/\/www.clinicaltrials.gov\/ct2\/show\/NCT05627362\" target=\"_blank\" rel=\"noreferrer noopener\">NCT05627362<\/a>.<\/li>\n\n\n\n<li><strong>Mirum Pharmaceuticals : (VISTAS)<\/strong> \u00c9tude visant \u00e0 \u00e9valuer l&rsquo;efficacit\u00e9 et la s\u00e9curit\u00e9 d&rsquo;un m\u00e9dicament exp\u00e9rimental appel\u00e9 Volixibat chez les patients souffrant de d\u00e9mangeaisons caus\u00e9es par la cholangite scl\u00e9rosante primitive, en cours de recrutement : Pour les patients atteints de CSP \u00e2g\u00e9s de plus de 12 ans et souffrant de prurit \u00e0 tous les niveaux. 26+ sites d&rsquo;\u00e9tude aux Etats-Unis et au Canada. Cet essai clinique compare le volixibat \u00e0 un placebo pour traiter le prurit associ\u00e9 \u00e0 la CSP. Le volixibat agit en r\u00e9duisant les acides biliaires dans le sang, ce qui peut diminuer la fr\u00e9quence et la gravit\u00e9 du prurit. Un premier r\u00e9sum\u00e9 des r\u00e9sultats finaux de l&rsquo;essai est attendu au 2\u00e8me trimestre 2026. Identifiant ClinicalTrials.gov : <a href=\"https:\/\/vistaspscstudy.com\/\" target=\"_blank\" rel=\"noreferrer noopener\">NCT04663308<\/a>.     <\/li>\n<\/ul>\n\n<\/div>\n<\/div>\n\n<div class=\"gb-container gb-container-e2b37220 psc-container\">\n<div class=\"gb-container gb-container-be87ee9e\">\n\n<h2 class=\"gb-headline gb-headline-cb7bdf8c gb-headline-text\">Informations compl\u00e9mentaires sur les essais cliniques<\/h2>\n\n\n\n<ul class=\"wp-block-list\">\n<li>Demandez \u00e0 votre h\u00e9patologue s&rsquo;il existe des \u00e9tudes ou des essais cliniques auxquels vous pourriez participer.<\/li>\n\n\n\n<li>Veuillez consulter l&rsquo;article paru dans le volume 1, num\u00e9ro 2 du Loon Duct sur les <a href=\"https:\/\/myemail.constantcontact.com\/The-Loon-Duct---December-2019.html?soid=1101857306873&amp;aid=8pTMq-U99Gg\" data-type=\"post\" data-id=\"6164\" target=\"_blank\" rel=\"noreferrer noopener\">essais cliniques au Canada<\/a>.<\/li>\n\n\n\n<li>Rejoignez le <a href=\"https:\/\/pscpartners.ca\/fr\/registre-des-patients\/\">registre des patients deCSP Partners<\/a> et recevez directement dans votre bo\u00eete de r\u00e9ception des courriels sur les \u00e9tudes et les essais cliniques auxquels vous pouvez participer.<\/li>\n\n\n\n<li>Visitez la <a href=\"https:\/\/www.pscpartnersregistry.org\/resources\/clinical-trials.html\" target=\"_blank\" rel=\"noreferrer noopener\">page des essais cliniques<\/a> du registre des patients de CSP Partners.<\/li>\n\n\n\n<li>Visitez le <a href=\"https:\/\/www.pscpartnersregistry.org\/clinical-trials\/ongoing\" target=\"_blank\" rel=\"noreferrer noopener\">site webCSP Partners<\/a>, bas\u00e9 aux \u00c9tats-Unis, qui traite des essais cliniques.<\/li>\n\n\n\n<li>Visitez le <a href=\"https:\/\/clinicaltrials.gov\/ct2\/home\" target=\"_blank\" rel=\"noreferrer noopener\">site clinicaltrials.gov<\/a>, une base de donn\u00e9es consultable sur les \u00e9tudes cliniques financ\u00e9es par des fonds priv\u00e9s et publics et men\u00e9es dans le monde entier.<\/li>\n<\/ul>\n\n<\/div>\n<\/div>\n<\/div>","protected":false},"excerpt":{"rendered":"<p>Essais cliniques \u00ab\u00a0Un essai clinique est une \u00e9tude de recherche qui affecte de mani\u00e8re prospective des participants humains ou des groupes d&rsquo;humains \u00e0 une ou plusieurs interventions li\u00e9es \u00e0 la sant\u00e9 afin d&rsquo;en \u00e9valuer les effets sur les r\u00e9sultats sanitaires.\u00a0\u00bb (OMS) Les essais cliniques offrent aux patients la possibilit\u00e9 de participer \u00e0 des recherches scientifiques &#8230; <a title=\"Essais cliniques\" class=\"read-more\" href=\"https:\/\/pscpartners.ca\/fr\/essais-cliniques\/\" aria-label=\"En savoir plus sur Essais cliniques\">Lire plus<\/a><\/p>\n","protected":false},"author":1,"featured_media":0,"parent":0,"menu_order":0,"comment_status":"closed","ping_status":"closed","template":"","meta":{"_acf_changed":false,"_seopress_robots_primary_cat":"","_seopress_titles_title":"Rejoignez CSP Essais cliniques au Canada - Participez d\u00e8s aujourd'hui","_seopress_titles_desc":"Explorez les essais cliniques en cours pour les patients du site CSP au Canada. Participez \u00e0 des \u00e9tudes portant sur des interventions novatrices. Discutez des options avec votre fournisseur de soins de sant\u00e9 d\u00e8s aujourd'hui.  ","_seopress_robots_index":"","footnotes":""},"class_list":["post-4813","page","type-page","status-publish"],"acf":[],"_links":{"self":[{"href":"https:\/\/pscpartners.ca\/fr\/wp-json\/wp\/v2\/pages\/4813","targetHints":{"allow":["GET"]}}],"collection":[{"href":"https:\/\/pscpartners.ca\/fr\/wp-json\/wp\/v2\/pages"}],"about":[{"href":"https:\/\/pscpartners.ca\/fr\/wp-json\/wp\/v2\/types\/page"}],"author":[{"embeddable":true,"href":"https:\/\/pscpartners.ca\/fr\/wp-json\/wp\/v2\/users\/1"}],"replies":[{"embeddable":true,"href":"https:\/\/pscpartners.ca\/fr\/wp-json\/wp\/v2\/comments?post=4813"}],"version-history":[{"count":8,"href":"https:\/\/pscpartners.ca\/fr\/wp-json\/wp\/v2\/pages\/4813\/revisions"}],"predecessor-version":[{"id":7408,"href":"https:\/\/pscpartners.ca\/fr\/wp-json\/wp\/v2\/pages\/4813\/revisions\/7408"}],"wp:attachment":[{"href":"https:\/\/pscpartners.ca\/fr\/wp-json\/wp\/v2\/media?parent=4813"}],"curies":[{"name":"wp","href":"https:\/\/api.w.org\/{rel}","templated":true}]}}