{"id":4808,"date":"2025-01-08T12:45:52","date_gmt":"2025-01-08T12:45:52","guid":{"rendered":"https:\/\/pscpartners.ca\/conditions-generales-dutilisation\/"},"modified":"2025-11-26T14:58:24","modified_gmt":"2025-11-26T19:58:24","slug":"conditions-generales-dutilisation","status":"publish","type":"page","link":"https:\/\/pscpartners.ca\/fr\/conditions-generales-dutilisation\/","title":{"rendered":"Politique de confidentialit\u00e9"},"content":{"rendered":"<div class=\"gb-container gb-container-17a8ea13 psc-container\">\n\n<h1 class=\"gb-headline gb-headline-b191c2ab gb-headline-text psc-heading-h1\">Conditions g\u00e9n\u00e9rales d&rsquo;utilisation<\/h1>\n\n\n\n<p class=\"gb-headline gb-headline-bd2f754f gb-headline-text\">La politique de confidentialit\u00e9 de PSC Partners Seeking a Cure Canada (PSCPC) explique la mani\u00e8re dont nous recueillons, utilisons et divulguons les informations personnelles lorsque vous visitez notre site Web situ\u00e9 \u00e0 l&rsquo;adresse www.pscpartners.ca (\u00ab\u00a0site Web\u00a0\u00bb), que vous nous faites un don, que vous participez \u00e0 l&rsquo;un de nos programmes ou que vous interagissez d&rsquo;une autre mani\u00e8re avec nous.<\/p>\n\n\n\n<h5 class=\"gb-headline gb-headline-87643bf0 gb-headline-text psc-heading-h5\">1.&nbsp;COLLECTE&nbsp;ET&nbsp;UTILISATION&nbsp;DES INFORMATIONS PERSONNELLES&nbsp;&nbsp;<\/h5>\n\n\n\n<p class=\"gb-headline gb-headline-b16162a5 gb-headline-text\">CSP\u00a0Partenaires\u00a0Recherche\u00a0a\u00a0Gu\u00e9rison\u00a0Canada\u00a0(PSCPC)\u00a0est\u00a0a\u00a0enregistr\u00e9\u00a0Canadien\u00a0charit\u00e9\u00a0que\u00a0\u00e9galement\u00a0fonctionne\u00a0sous\u00a0les\u00a0marque\u00a0\u00ab\u00a0PSC Partners Canada\u00a0\u00bb.<\/p>\n\n\n\n<p class=\"gb-headline gb-headline-08d149a1 gb-headline-text\">Informations\u00a0que\u00a0recueille\u00a0et\u00a0utilise\u00a0dans le cadre de\u00a0notre site web\u00a0et\u00a0d&rsquo;autres interactions\u00a0:<\/p>\n\n\n\n<p class=\"gb-headline gb-headline-39ee4047 gb-headline-text\">Nous\u00a0pouvons\u00a0collecter\u00a0des informations personnelles\u00a0lorsque\u00a0vous :<\/p>\n\n\n\n<ul class=\"wp-block-list\">\n<li>Faites un don<\/li>\n\n\n\n<li>S&rsquo;inscrire pour recevoir des communications de notre part<\/li>\n\n\n\n<li>Participez \u00e0 une enqu\u00eate<\/li>\n\n\n\n<li>Participez \u00e0 l&rsquo;un de nos \u00e9v\u00e9nements<\/li>\n\n\n\n<li>Contactez nous<\/li>\n<\/ul>\n\n\n<div class=\"gb-container gb-container-fadae1b8\">\n\n<h5 class=\"gb-headline gb-headline-3de7e6da gb-headline-text psc-heading-h5\">Dons&nbsp;et&nbsp;Collecte de fonds :<\/h5>\n\n\n\n<p class=\"gb-headline gb-headline-ab02c063 gb-headline-text\">Si\u00a0vous\u00a0choisir\u00a0\u00e0\u00a0donner\u00a0\u00e0\u00a0PSCPC,\u00a0nous\u00a0peut\u00a0collecter\u00a0l&rsquo;information\u00a0tels\u00a0comme\u00a0votre\u00a0complet\u00a0nom,\u00a0courriel\u00a0adresse,\u00a0domicile\u00a0adresse,\u00a0et\u00a0paiement\u00a0carte\u00a0l&rsquo;information\u00a0ou\u00a0autres\u00a0banque \/ finance\u00a0l&rsquo;information\u00a0(selon\u00a0sur\u00a0les\u00a0mani\u00e8re\u00a0en\u00a0qui\u00a0vous\u00a0don)\u00a0pour\u00a0les\u00a0objectifs\u00a0de\u00a0accepter\u00a0votre\u00a0don\u00a0ou\u00a0facilitant\u00a0votre\u00a0transaction\u00a0et\u00a0d\u00e9livrer\u00a0vous\u00a0une\u00a0taxe\u00a0re\u00e7u.<\/p>\n\n<\/div>\n\n\n<h5 class=\"gb-headline gb-headline-db8103d6 gb-headline-text psc-heading-h5\">Paiement :<\/h5>\n\n\n\n<p class=\"gb-headline gb-headline-9d4acd1d gb-headline-text\">Si vous faites un don \u00e0 PSCPC par l&rsquo;interm\u00e9diaire de l&rsquo;un de nos partenaires (CanaDon, Charitable Impact Foundation ou Paypal Giving Fund), nous (ou notre processeur de paiement tiers autoris\u00e9) recueillerons votre nom complet et vos informations de paiement (y compris l&rsquo;adresse de facturation, le num\u00e9ro de carte de cr\u00e9dit, la date d&rsquo;expiration et le code CVV) afin de traiter le don et de permettre l&rsquo;\u00e9mission d&rsquo;un re\u00e7u fiscal (le cas \u00e9ch\u00e9ant).<\/p>\n\n\n\n<h5 class=\"gb-headline gb-headline-5941f78d gb-headline-text psc-heading-h5\">Communications :<\/h5>\n\n\n\n<p class=\"gb-headline gb-headline-7022d18b gb-headline-text\">Si vous vous inscrivez pour recevoir des communications par courrier \u00e9lectronique, nous collecterons votre adresse \u00e9lectronique afin de vous envoyer des informations \u00e0 notre sujet. Vous pouvez vous d\u00e9sinscrire \u00e0 tout moment en cliquant sur le lien \u00ab\u00a0se d\u00e9sinscrire\u00a0\u00bb figurant au bas de chaque courriel. Vous pouvez \u00e9galement choisir de ne plus recevoir de communications par courrier \u00e9lectronique en nous contactant \u00e0 l&rsquo;adresse indiqu\u00e9e dans la section \u00ab\u00a0Nous contacter\u00a0\u00bb ci-dessous. Veuillez noter que vous pouvez continuer \u00e0 recevoir des communications transactionnelles de notre part.   <\/p>\n\n\n\n<h5 class=\"gb-headline gb-headline-be3a2a1f gb-headline-text psc-heading-h5\">Enqu\u00eates :<\/h5>\n\n\n\n<p class=\"gb-headline gb-headline-e9a08858 gb-headline-text\">De temps \u00e0 autre, nous pouvons vous offrir la possibilit\u00e9 de participer \u00e0 l&rsquo;une de nos enqu\u00eates \u00e0 titre facultatif. Nous utilisons les informations recueillies dans le cadre de nos enqu\u00eates pour nous aider comme suit : <\/p>\n\n\n\n<ul class=\"wp-block-list\">\n<li>Comprendre les besoins et les int\u00e9r\u00eats de nos donateurs<\/li>\n\n\n\n<li>D\u00e9velopper et am\u00e9liorer nos programmes et notre site web<\/li>\n<\/ul>\n\n\n\n<h5 class=\"gb-headline gb-headline-178530cb gb-headline-text psc-heading-h5\">\u00c9v\u00e9nements :<\/h5>\n\n\n\n<p class=\"gb-headline gb-headline-ae741cdf gb-headline-text\">Si vous assistez \u00e0 l&rsquo;un de nos \u00e9v\u00e9nements ou webinaires, nous ou l&rsquo;un de nos partenaires (tels que Zoom, CanadaHelps ou Eventbrite) pouvons recueillir votre nom complet, votre adresse \u00e9lectronique, votre ville, votre province, votre code postal, votre pays, votre num\u00e9ro de t\u00e9l\u00e9phone et toute autre information que vous pourriez nous fournir dans le cadre de l&rsquo;\u00e9v\u00e9nement ou du webinaire. Nous recueillons ces informations afin de pouvoir communiquer avec vous au sujet de l&rsquo;\u00e9v\u00e9nement et de vous contacter au sujet d&rsquo;\u00e9v\u00e9nements futurs. <\/p>\n\n\n\n<h5 class=\"gb-headline gb-headline-06c40e14 gb-headline-text psc-heading-h5\">Contactez&nbsp;Nous :<\/h5>\n\n\n\n<p class=\"gb-headline gb-headline-a9784f50 gb-headline-text\">Lorsque vous nous contactez pour nous faire part d&rsquo;un commentaire, d&rsquo;une question ou d&rsquo;une plainte par courrier \u00e9lectronique ou par t\u00e9l\u00e9phone, il se peut que nous vous demandions des informations permettant de vous identifier, telles que votre nom, votre adresse et un num\u00e9ro de t\u00e9l\u00e9phone, ainsi que des informations suppl\u00e9mentaires dont nous avons besoin pour r\u00e9pondre rapidement \u00e0 votre question ou pour r\u00e9pondre \u00e0 votre commentaire ou \u00e0 votre plainte. Nous pouvons conserver ces informations pour vous aider \u00e0 l&rsquo;avenir et pour am\u00e9liorer nos services et nos programmes. <\/p>\n\n\n\n<h5 class=\"gb-headline gb-headline-29e3af22 gb-headline-text psc-heading-h5\">Informations non identifiables sur&nbsp;:<\/h5>\n\n\n\n<p class=\"gb-headline gb-headline-38ffb30c gb-headline-text\">Si vous fournissez \u00e0 PSCPC les informations personnelles d&rsquo;une autre personne, vous d\u00e9clarez que vous avez obtenu tous les consentements n\u00e9cessaires de cette personne, ou que vous \u00eates l\u00e9galement autoris\u00e9 \u00e0 partager ces informations, afin de nous permettre de collecter, d&rsquo;utiliser et de divulguer ces informations personnelles aux fins \u00e9nonc\u00e9es dans la pr\u00e9sente politique de protection de la vie priv\u00e9e.<\/p>\n\n\n\n<h5 class=\"gb-headline gb-headline-f295b79d gb-headline-text psc-heading-h5\">2.&nbsp;PARTAGE&nbsp;DE&nbsp;INFORMATIONS PERSONNELLES&nbsp;<\/h5>\n\n\n\n<p class=\"gb-headline gb-headline-3f9ff5e1 gb-headline-text\">Nous&nbsp;faire&nbsp;pas&nbsp;vendre&nbsp;ou&nbsp;divulguer&nbsp;votre&nbsp;personnel&nbsp;l&rsquo;information&nbsp;\u00e0&nbsp;troisi\u00e8me&nbsp;parties&nbsp;sans&nbsp;votre&nbsp;consentement,&nbsp;sauf&nbsp;comme&nbsp;fixer&nbsp;avant&nbsp;ci-dessous&nbsp;ou&nbsp;comme&nbsp;requis&nbsp;ou&nbsp;autoris\u00e9&nbsp;par&nbsp;la loi.<\/p>\n\n\n\n<h5 class=\"gb-headline gb-headline-8f983ee9 gb-headline-text psc-heading-h5\">Dons :<\/h5>\n\n\n\n<p class=\"gb-headline gb-headline-9741622e gb-headline-text\">Si vous faites un don \u00e0 une \u00e9quipe ou \u00e0 une personne qui collecte des fonds pour une cause particuli\u00e8re, nous afficherons, avec votre consentement, votre nom, le montant de votre don et tout message que vous choisirez de publier sur la page de collecte de fonds de l&rsquo;\u00e9quipe ou de la personne, et nous communiquerons votre nom et votre adresse \u00e9lectronique au propri\u00e9taire de la page. En outre, si vous faites un don et que vous y consentez, nous pouvons afficher votre nom, votre message et le montant de votre don sur notre site web ou partager votre nom et votre adresse \u00e9lectronique avec toute personne avec laquelle vous choisissez de partager vos informations par l&rsquo;interm\u00e9diaire de notre site web. <\/p>\n\n\n\n<h5 class=\"gb-headline gb-headline-f6aea800 gb-headline-text psc-heading-h5\">Collecte de fonds et sensibilisation :<\/h5>\n\n\n\n<p class=\"gb-headline gb-headline-5784f340 gb-headline-text\">Nous&nbsp;peut&nbsp;action&nbsp;certain&nbsp;l&rsquo;information&nbsp;en&nbsp;un&nbsp;agr\u00e9g\u00e9s,&nbsp;non identifiable&nbsp;formulaire&nbsp;pour&nbsp;les&nbsp;\u00e0 des fins&nbsp;de&nbsp;de collecte de fonds&nbsp;et\/ou&nbsp;de sensibilisation.<\/p>\n\n\n\n<h5 class=\"gb-headline gb-headline-0a653dc6 gb-headline-text psc-heading-h5\">Service&nbsp;Fournisseurs :<\/h5>\n\n\n\n<p class=\"gb-headline gb-headline-513cef5c gb-headline-text\">Vos informations personnelles seront transf\u00e9r\u00e9es (ou mises \u00e0 disposition d&rsquo;une autre mani\u00e8re) \u00e0 certains tiers qui fournissent des services en notre nom. Nous faisons appel \u00e0 des prestataires de services pour fournir des services tels que l&rsquo;h\u00e9bergement du site web, le traitement des paiements et la fourniture de services d&rsquo;analyse, de publicit\u00e9 et de marketing. Nos prestataires de services ne re\u00e7oivent que les informations dont ils ont besoin pour remplir les fonctions qui leur sont assign\u00e9es et ne sont pas autoris\u00e9s \u00e0 utiliser ou \u00e0 divulguer des informations personnelles \u00e0 leurs propres fins de marketing ou \u00e0 d&rsquo;autres fins. Nos fournisseurs de services et nous-m\u00eames pouvons acc\u00e9der aux informations personnelles, les stocker et les traiter d&rsquo;une autre mani\u00e8re en dehors du Canada (et, pour les r\u00e9sidents du Qu\u00e9bec, en dehors du Qu\u00e9bec), y compris aux \u00c9tats-Unis, o\u00f9 nous-m\u00eames ou nos fournisseurs de services sommes situ\u00e9s.   <\/p>\n\n\n\n<h5 class=\"gb-headline gb-headline-949baef6 gb-headline-text psc-heading-h5\">Legal&nbsp;Affili\u00e9 :&nbsp;<\/h5>\n\n\n\n<p class=\"gb-headline gb-headline-56e4f888 gb-headline-text\">Nous pouvons, de temps \u00e0 autre, partager vos informations personnelles avec notre affili\u00e9, PSC Partners Seeking a Cure, une organisation \u00e0 but non lucratif 501(c)(3) du Colorado avec laquelle nous partageons une mission commune, dans le but de fournir des services li\u00e9s \u00e0 la mission et d&rsquo;accuser r\u00e9ception des dons.<\/p>\n\n\n\n<h5 class=\"gb-headline gb-headline-ba0b1334 gb-headline-text psc-heading-h5\">&nbsp;et&nbsp;Conformit\u00e9 :<\/h5>\n\n\n\n<p class=\"gb-headline gb-headline-17d6c20c gb-headline-text\">Nous et nos fournisseurs de services canadiens, am\u00e9ricains et \u00e9trangers pouvons divulguer vos informations personnelles en r\u00e9ponse \u00e0 un mandat de perquisition ou \u00e0 toute autre demande ou ordonnance l\u00e9galement valide, ou \u00e0 une autre organisation dans le but d&rsquo;enqu\u00eater sur une violation d&rsquo;un accord ou une infraction \u00e0 la loi ou de d\u00e9tecter, supprimer ou pr\u00e9venir une fraude, ou de toute autre mani\u00e8re requise ou autoris\u00e9e par la loi canadienne, am\u00e9ricaine ou autre ou par une proc\u00e9dure judiciaire, ce qui peut inclure l&rsquo;acc\u00e8s l\u00e9gal par des tribunaux am\u00e9ricains ou \u00e9trangers, l&rsquo;application de la loi ou d&rsquo;autres autorit\u00e9s gouvernementales. Vos informations personnelles peuvent \u00e9galement \u00eatre divulgu\u00e9es si cela s&rsquo;av\u00e8re n\u00e9cessaire pour l&rsquo;\u00e9tablissement, l&rsquo;exercice ou la d\u00e9fense de r\u00e9clamations l\u00e9gales et pour enqu\u00eater sur des pertes ou des dommages r\u00e9els ou pr\u00e9sum\u00e9s \u00e0 des personnes ou \u00e0 des biens, ou pour pr\u00e9venir de tels dommages. <\/p>\n\n\n\n<h5 class=\"gb-headline gb-headline-0d914fb4 gb-headline-text psc-heading-h5\">3.&nbsp;INFORMATIONS&nbsp;SUR&nbsp;NOS&nbsp;SITES WEB<\/h5>\n\n\n\n<h5 class=\"gb-headline gb-headline-2e3e1d06 gb-headline-text psc-heading-h5\">Visitez&nbsp;notre site web&nbsp;:<\/h5>\n\n\n\n<p class=\"gb-headline gb-headline-28a51741 gb-headline-text\">En g\u00e9n\u00e9ral, vous pouvez visiter notre site web sans nous dire qui vous \u00eates ni soumettre d&rsquo;informations personnelles. Toutefois, nous collectons les adresses IP (protocole Internet) de tous les visiteurs de notre site web et d&rsquo;autres informations connexes, telles que les pages demand\u00e9es, le type de navigateur, le syst\u00e8me d&rsquo;exploitation et le temps moyen pass\u00e9 sur notre site web. Nous utilisons ces informations pour nous aider \u00e0 comprendre l&rsquo;activit\u00e9 du site web et pour contr\u00f4ler et am\u00e9liorer notre site web.  <\/p>\n\n\n\n<h5 class=\"gb-headline gb-headline-a8ee684c gb-headline-text psc-heading-h5\">Cookies :<\/h5>\n\n\n\n<p class=\"gb-headline gb-headline-6a30f763 gb-headline-text\">Nos sites web utilisent une technologie appel\u00e9e \u00ab\u00a0cookies\u00a0\u00bb. Un cookie est un minuscule \u00e9l\u00e9ment de donn\u00e9es que notre site web envoie au navigateur d&rsquo;un utilisateur et qui peut ensuite \u00eatre stock\u00e9 sur le disque dur de l&rsquo;utilisateur afin que nous puissions reconna\u00eetre l&rsquo;ordinateur ou l&rsquo;appareil de l&rsquo;utilisateur lorsqu&rsquo;il revient sur le site. Vous pouvez configurer votre navigateur pour qu&rsquo;il vous avertisse lorsque vous recevez un cookie ou pour qu&rsquo;il n&rsquo;accepte pas certains cookies. Toutefois, si vous d\u00e9cidez de ne pas accepter les cookies de notre site web, il se peut que vous ne puissiez pas profiter de toutes les fonctionnalit\u00e9s du site web.   <\/p>\n\n\n\n<h5 class=\"gb-headline gb-headline-32759338 gb-headline-text psc-heading-h5\">Analyse :<\/h5>\n\n\n\n<p class=\"gb-headline gb-headline-d665144a gb-headline-text\">Nous pouvons faire appel \u00e0 un tiers tel que Google Analytics pour nous aider \u00e0 recueillir et \u00e0 analyser des informations sur les zones visit\u00e9es sur le site web (telles que les pages les plus lues, le temps pass\u00e9, les termes de recherche et d&rsquo;autres donn\u00e9es d&rsquo;engagement) afin d&rsquo;\u00e9valuer et d&rsquo;am\u00e9liorer l&rsquo;exp\u00e9rience de l&rsquo;utilisateur et le site web. Ces tiers peuvent utiliser des cookies et d&rsquo;autres technologies de suivi. Pour plus d&rsquo;informations sur Google https:\/\/support.google.com\/analytics\/topic\/2919631.  <\/p>\n\n\n\n<h5 class=\"gb-headline gb-headline-919b1513 gb-headline-text psc-heading-h5\">Liens avec des tiers&nbsp;:<\/h5>\n\n\n\n<p class=\"gb-headline gb-headline-ddc3ee66 gb-headline-text\">Notre site web peut contenir des liens vers d&rsquo;autres sites web que le PSCP ne poss\u00e8de pas ou n&rsquo;exploite pas. Nous fournissons des liens vers des sites web de tiers pour la commodit\u00e9 de l&rsquo;utilisateur. Ces liens n&rsquo;ont pas pour but d&rsquo;approuver les sites web li\u00e9s ou de s&rsquo;y r\u00e9f\u00e9rer. Les sites web li\u00e9s ont des politiques de confidentialit\u00e9, des avis et des conditions d&rsquo;utilisation distincts et ind\u00e9pendants. Nous n&rsquo;avons aucun contr\u00f4le sur ces sites web et, par cons\u00e9quent, nous ne sommes pas responsables de la mani\u00e8re dont les organisations qui exploitent ces sites web li\u00e9s peuvent collecter, utiliser ou divulguer, s\u00e9curiser et traiter les informations personnelles. Nous vous encourageons \u00e0 lire la politique de confidentialit\u00e9 de chaque site web que vous visitez.     <\/p>\n\n\n\n<h5 class=\"gb-headline gb-headline-3cdebb21 gb-headline-text psc-heading-h5\">4.&nbsp;SAFEGUARDS&nbsp;ET&nbsp;RETENTION<\/h5>\n\n\n\n<p class=\"gb-headline gb-headline-82dbc702 gb-headline-text\">Nous avons mis en \u0153uvre des mesures administratives, techniques et physiques raisonnables afin de prot\u00e9ger les informations personnelles dont nous avons la garde et le contr\u00f4le contre le vol, la perte et l&rsquo;acc\u00e8s, l&rsquo;utilisation, la modification et la divulgation non autoris\u00e9s. Nous limitons l&rsquo;acc\u00e8s aux informations personnelles aux employ\u00e9s et aux b\u00e9n\u00e9voles qui en ont besoin pour remplir leurs fonctions. Tous ces b\u00e9n\u00e9voles signent des accords de confidentialit\u00e9.  <\/p>\n\n\n\n<h5 class=\"gb-headline gb-headline-e00122b5 gb-headline-text psc-heading-h5\">5.&nbsp;VOS CHOIX&nbsp;<\/h5>\n\n\n\n<h5 class=\"gb-headline gb-headline-9920a7d7 gb-headline-text psc-heading-h5\">Communications :<\/h5>\n\n\n\n<p class=\"gb-headline gb-headline-570ba79a gb-headline-text\">Comme indiqu\u00e9 ci-dessus, si vous vous \u00eates inscrit pour recevoir nos communications par courrier \u00e9lectronique, vous pouvez vous d\u00e9sinscrire \u00e0 tout moment en cliquant sur le lien \u00ab\u00a0se d\u00e9sinscrire\u00a0\u00bb figurant au bas du courrier \u00e9lectronique. Vous pouvez \u00e9galement choisir de ne plus recevoir nos communications par courrier \u00e9lectronique en nous contactant \u00e0 l&rsquo;aide des coordonn\u00e9es figurant \u00e0 la rubrique \u00ab\u00a0Nous contacter\u00a0\u00bb ci-dessous. <\/p>\n\n\n\n<h5 class=\"gb-headline gb-headline-cf071a64 gb-headline-text psc-heading-h5\">Exercer&nbsp;vos&nbsp;droits en mati\u00e8re de protection de la vie priv\u00e9e&nbsp;:<\/h5>\n\n\n\n<p class=\"gb-headline gb-headline-8164a814 gb-headline-text\">Sous r\u00e9serve de la l\u00e9gislation applicable, vous avez le droit d&rsquo;acc\u00e9der \u00e0 vos donn\u00e9es personnelles, de les mettre \u00e0 jour, d&rsquo;en corriger les inexactitudes et de retirer votre consentement \u00e0 la collecte, \u00e0 l&rsquo;utilisation et \u00e0 la divulgation de vos donn\u00e9es personnelles dont nous avons la garde ou le contr\u00f4le. Vous pouvez faire une telle demande ou retirer votre consentement en nous envoyant un courriel ou en nous \u00e9crivant aux coordonn\u00e9es indiqu\u00e9es ci-dessous. Nous pouvons vous demander certaines informations personnelles afin de v\u00e9rifier votre identit\u00e9.  <\/p>\n\n\n\n<h5 class=\"gb-headline gb-headline-b8f78a05 gb-headline-text psc-heading-h5\">6.&nbsp;MET \u00c0 JOUR&nbsp;\u00c0&nbsp;LA POLITIQUE DE CONFIDENTIALIT\u00c9&nbsp;&nbsp;<\/h5>\n\n\n\n<p class=\"gb-headline gb-headline-0430c28a gb-headline-text\">Nous pouvons mettre \u00e0 jour cette politique de confidentialit\u00e9 p\u00e9riodiquement afin de refl\u00e9ter les changements apport\u00e9s \u00e0 nos pratiques en mati\u00e8re de confidentialit\u00e9. Nous vous encourageons \u00e0 consulter r\u00e9guli\u00e8rement cette page pour vous assurer que vous \u00eates au courant de ces changements. Nous indiquerons en haut de cette politique de confidentialit\u00e9 la date de sa derni\u00e8re mise \u00e0 jour.  <\/p>\n\n\n\n<h5 class=\"gb-headline gb-headline-4b0afce0 gb-headline-text psc-heading-h5\">7.&nbsp;CONTACT&nbsp;NOUS<\/h5>\n\n\n\n<p class=\"gb-headline gb-headline-e41c47b2 gb-headline-text\">Si vous avez des questions ou des commentaires sur cette politique de confidentialit\u00e9 ou sur la mani\u00e8re dont nous ou nos fournisseurs de services traitons vos informations personnelles, ou si vous souhaitez exercer vos droits concernant vos informations personnelles, veuillez nous contacter \u00e0 l&rsquo;adresse suivante :<\/p>\n\n\n\n<p class=\"gb-headline gb-headline-c35659fe gb-headline-text\">Courrier&nbsp;Adresse :&nbsp;  CSP&nbsp;Partenaires&nbsp;Recherche&nbsp;a&nbsp;Gu\u00e9rison&nbsp;Canada<br>720&nbsp;Bathurst&nbsp;Rue<br>Toronto,&nbsp;ON&nbsp;M5S&nbsp;2R4<br>Courriel :&nbsp;  contactus@pscpartners.ca<br>T\u00e9l\u00e9phone&nbsp;num\u00e9ro : (647)&nbsp;848-6953<\/p>\n\n\n\n<h5 class=\"gb-headline gb-headline-d57c1884 gb-headline-text psc-heading-h5\">8.&nbsp;NOS&nbsp;POLITIQUES DE CONFIDENTIALIT\u00c9&nbsp;&nbsp; ET&nbsp;PRATIQUES<\/h5>\n\n\n\n<p class=\"gb-headline gb-headline-61a30bcf gb-headline-text\">Nous nous engageons \u00e0 prot\u00e9ger les informations personnelles et avons mis en \u0153uvre des politiques et des pratiques qui r\u00e9gissent notre traitement des informations personnelles. Ces politiques et proc\u00e9dures comprennent, entre autres, les \u00e9l\u00e9ments suivants : <\/p>\n\n\n\n<ul class=\"wp-block-list\">\n<li>Nous avons mis en \u0153uvre des politiques et des proc\u00e9dures pour prot\u00e9ger les informations personnelles dont nous avons la garde et le contr\u00f4le contre tout acc\u00e8s, utilisation ou divulgation non autoris\u00e9s.<\/li>\n\n\n\n<li>Nous avons mis en place un cadre de protection de la vie priv\u00e9e qui d\u00e9finit les r\u00f4les et les responsabilit\u00e9s de nos employ\u00e9s et de nos b\u00e9n\u00e9voles en ce qui concerne le traitement des informations personnelles.<\/li>\n<\/ul>\n\n<\/div>\n\n\n<p><\/p>\n","protected":false},"excerpt":{"rendered":"<p>Conditions g\u00e9n\u00e9rales d&rsquo;utilisation La politique de confidentialit\u00e9 de PSC Partners Seeking a Cure Canada (PSCPC) explique la mani\u00e8re dont nous recueillons, utilisons et divulguons les informations personnelles lorsque vous visitez notre site Web situ\u00e9 \u00e0 l&rsquo;adresse www.pscpartners.ca (\u00ab\u00a0site Web\u00a0\u00bb), que vous nous faites un don, que vous participez \u00e0 l&rsquo;un de nos programmes ou que &#8230; <a title=\"Politique de confidentialit\u00e9\" class=\"read-more\" href=\"https:\/\/pscpartners.ca\/fr\/conditions-generales-dutilisation\/\" aria-label=\"En savoir plus sur Politique de confidentialit\u00e9\">Lire plus<\/a><\/p>\n","protected":false},"author":1,"featured_media":0,"parent":0,"menu_order":0,"comment_status":"closed","ping_status":"closed","template":"","meta":{"_acf_changed":false,"_seopress_robots_primary_cat":"","_seopress_titles_title":"PSC Partners Canada : Guide sur la protection de la vie priv\u00e9e et le processus de don","_seopress_titles_desc":"D\u00e9couvrez comment PSC Partners Canada recueille et utilise les renseignements personnels afin d'am\u00e9liorer l'exp\u00e9rience des donateurs et d'assurer la fluidit\u00e9 des dons et de la participation aux \u00e9v\u00e9nements.","_seopress_robots_index":"","footnotes":""},"class_list":["post-4808","page","type-page","status-publish"],"acf":[],"_links":{"self":[{"href":"https:\/\/pscpartners.ca\/fr\/wp-json\/wp\/v2\/pages\/4808","targetHints":{"allow":["GET"]}}],"collection":[{"href":"https:\/\/pscpartners.ca\/fr\/wp-json\/wp\/v2\/pages"}],"about":[{"href":"https:\/\/pscpartners.ca\/fr\/wp-json\/wp\/v2\/types\/page"}],"author":[{"embeddable":true,"href":"https:\/\/pscpartners.ca\/fr\/wp-json\/wp\/v2\/users\/1"}],"replies":[{"embeddable":true,"href":"https:\/\/pscpartners.ca\/fr\/wp-json\/wp\/v2\/comments?post=4808"}],"version-history":[{"count":3,"href":"https:\/\/pscpartners.ca\/fr\/wp-json\/wp\/v2\/pages\/4808\/revisions"}],"predecessor-version":[{"id":7006,"href":"https:\/\/pscpartners.ca\/fr\/wp-json\/wp\/v2\/pages\/4808\/revisions\/7006"}],"wp:attachment":[{"href":"https:\/\/pscpartners.ca\/fr\/wp-json\/wp\/v2\/media?parent=4808"}],"curies":[{"name":"wp","href":"https:\/\/api.w.org\/{rel}","templated":true}]}}