{"id":4804,"date":"2025-01-10T13:32:46","date_gmt":"2025-01-10T13:32:46","guid":{"rendered":"https:\/\/pscpartners.ca\/desole-pour-la-gene-occasionnee\/"},"modified":"2025-11-26T14:57:53","modified_gmt":"2025-11-26T19:57:53","slug":"desole-pour-la-gene-occasionnee","status":"publish","type":"page","link":"https:\/\/pscpartners.ca\/fr\/desole-pour-la-gene-occasionnee\/","title":{"rendered":"D\u00e9sol\u00e9 pour la g\u00eane occasionn\u00e9e"},"content":{"rendered":"<div class=\"gb-container gb-container-86c38591 psc-container\">\n\n<h1 class=\"gb-headline gb-headline-320b973b gb-headline-text psc-heading-h1\">D\u00e9sol\u00e9 pour la g\u00eane occasionn\u00e9e, cet article n&rsquo;est pas disponible pour le moment. Restez \u00e0 l&rsquo;\u00e9coute, le contenu est ajout\u00e9 fr\u00e9quemment. <\/h1>\n\n<\/div>","protected":false},"excerpt":{"rendered":"<p>D\u00e9sol\u00e9 pour la g\u00eane occasionn\u00e9e, cet article n&rsquo;est pas disponible pour le moment. Restez \u00e0 l&rsquo;\u00e9coute, le contenu est ajout\u00e9 fr\u00e9quemment.<\/p>\n","protected":false},"author":1,"featured_media":0,"parent":0,"menu_order":0,"comment_status":"closed","ping_status":"closed","template":"","meta":{"_acf_changed":false,"_seopress_robots_primary_cat":"","_seopress_titles_title":"Article indisponible : Trouvez plus de contenu ici","_seopress_titles_desc":"Nous sommes d\u00e9sol\u00e9s pour la g\u00eane occasionn\u00e9e. Cet article n'est actuellement pas disponible. Revenez bient\u00f4t pour une version mise \u00e0 jour.  ","_seopress_robots_index":"","footnotes":""},"class_list":["post-4804","page","type-page","status-publish"],"acf":[],"_links":{"self":[{"href":"https:\/\/pscpartners.ca\/fr\/wp-json\/wp\/v2\/pages\/4804","targetHints":{"allow":["GET"]}}],"collection":[{"href":"https:\/\/pscpartners.ca\/fr\/wp-json\/wp\/v2\/pages"}],"about":[{"href":"https:\/\/pscpartners.ca\/fr\/wp-json\/wp\/v2\/types\/page"}],"author":[{"embeddable":true,"href":"https:\/\/pscpartners.ca\/fr\/wp-json\/wp\/v2\/users\/1"}],"replies":[{"embeddable":true,"href":"https:\/\/pscpartners.ca\/fr\/wp-json\/wp\/v2\/comments?post=4804"}],"version-history":[{"count":4,"href":"https:\/\/pscpartners.ca\/fr\/wp-json\/wp\/v2\/pages\/4804\/revisions"}],"predecessor-version":[{"id":6992,"href":"https:\/\/pscpartners.ca\/fr\/wp-json\/wp\/v2\/pages\/4804\/revisions\/6992"}],"wp:attachment":[{"href":"https:\/\/pscpartners.ca\/fr\/wp-json\/wp\/v2\/media?parent=4804"}],"curies":[{"name":"wp","href":"https:\/\/api.w.org\/{rel}","templated":true}]}}