{"id":4792,"date":"2025-01-15T05:45:52","date_gmt":"2025-01-15T05:45:52","guid":{"rendered":"https:\/\/pscpartners.ca\/registre-des-patients\/"},"modified":"2026-04-01T07:11:40","modified_gmt":"2026-04-01T11:11:40","slug":"registre-des-patients","status":"publish","type":"page","link":"https:\/\/pscpartners.ca\/fr\/registre-des-patients\/","title":{"rendered":"Registre des patients"},"content":{"rendered":"<div class=\"gb-container gb-container-e1cc76ff\">\n<div class=\"gb-container gb-container-fc1b7b8a psc-container\">\n\n<h1 class=\"gb-headline gb-headline-5213e52a gb-headline-text psc-heading-h1\">Registre des patients des partenaires du CSP<\/h1>\n\n\n<div class=\"gb-container gb-container-bf604a4d\">\n<div class=\"gb-container gb-container-860c8d16\">\n\n<p class=\"gb-headline gb-headline-3037b747 gb-headline-text psc-paragraph-p\">Le registre des patients de CSP Partners est une plateforme en ligne s\u00e9curis\u00e9e qui constitue un d\u00e9p\u00f4t d&rsquo;informations sur la sant\u00e9 fournies par les personnes touch\u00e9es par la cholangite scl\u00e9rosante primitive. Les informations sont d\u00e9clar\u00e9es par les patients, ce qui signifie qu&rsquo;une personne atteinte de CSP ou son soignant autoris\u00e9 saisit ses informations de sant\u00e9 directement sur le registre et en remplissant des questionnaires du registre. Ces donn\u00e9es sont ensuite utilis\u00e9es pour acc\u00e9l\u00e9rer la recherche sur la CSP et d\u00e9fendre les besoins non satisfaits des patients atteints de cette maladie.  <\/p>\n\n\n\n<p><\/p>\n\n\n\n<p>L&rsquo;un des avantages de participer au registre est de recevoir des informations sur les \u00e9tudes de recherche sur le CSP ou les essais cliniques auxquels vous pourriez \u00eatre \u00e9ligible. Le registre fournit des informations actualis\u00e9es sur les essais cliniques et les \u00e9tudes de quelques autres mani\u00e8res : par le biais de listes d&rsquo;essais cliniques de la CSP, en partageant des publications li\u00e9es \u00e0 la CSP, et par le biais du bulletin d&rsquo;information du registre (The VIADUCT). <\/p>\n\n\n\n<p>Le registre des patients du CSP a \u00e9t\u00e9 cr\u00e9\u00e9 en 2014 avec la collaboration du Bureau de recherche sur les maladies rares (ORDR) des Instituts nationaux am\u00e9ricains de la sant\u00e9 (NIH) et du Centre national am\u00e9ricain pour l&rsquo;avancement des sciences translationnelles (NCATS).<\/p>\n\n<\/div>\n\n<div class=\"gb-container gb-container-53271134\">\n\n<figure class=\"gb-block-image gb-block-image-ef17516e\"><img loading=\"lazy\" decoding=\"async\" width=\"1245\" height=\"751\" class=\"gb-image gb-image-ef17516e\" src=\"https:\/\/pscpartners.ca\/wp-content\/uploads\/2025\/01\/Registry-homepage-photo-1.jpg\" alt=\"\" title=\"Registre-page d'accueil-photo (1)\" srcset=\"https:\/\/pscpartners.ca\/wp-content\/uploads\/2025\/01\/Registry-homepage-photo-1.jpg 1245w, https:\/\/pscpartners.ca\/wp-content\/uploads\/2025\/01\/Registry-homepage-photo-1-300x181.jpg 300w, https:\/\/pscpartners.ca\/wp-content\/uploads\/2025\/01\/Registry-homepage-photo-1-1024x618.jpg 1024w, https:\/\/pscpartners.ca\/wp-content\/uploads\/2025\/01\/Registry-homepage-photo-1-768x463.jpg 768w\" sizes=\"auto, (max-width: 1245px) 100vw, 1245px\" \/><\/figure>\n\n<\/div>\n<\/div>\n<\/div>\n<\/div><div class=\"gb-container gb-container-59dc984b\">\n<div class=\"gb-container gb-container-fd23471e psc-container\">\n\n<h2 class=\"gb-headline gb-headline-b39308c1 gb-headline-text psc-heading-h3\">Pourquoi un registre des patients CSP est-il si important ?<\/h2>\n\n\n\n<p class=\"gb-headline gb-headline-ead5a291 gb-headline-text psc-paragraph-p\">Rejoindre le registre des patients de CSP Partners est une \u00e9tape cruciale dans la recherche d&rsquo;un rem\u00e8de \u00e0 la cholangite scl\u00e9rosante primitive.<br><br>La CSP \u00e9tant une maladie rare, un registre de patients fournit aux chercheurs des donn\u00e9es pr\u00e9cieuses pour mieux comprendre la maladie, sa progression et ses causes possibles. En compilant des informations sur le plus grand nombre de patients possible, les chercheurs peuvent mieux identifier les sch\u00e9mas, les facteurs de risque et les approches th\u00e9rapeutiques potentielles qui pourraient ne pas \u00eatre apparents dans des \u00e9tudes plus restreintes. <br><br>Le registre contribue au d\u00e9veloppement de nouveaux traitements et essais cliniques. En fournissant des informations d\u00e9taill\u00e9es sur la mani\u00e8re dont la CSP affecte diff\u00e9rents individus, le registre peut aider les entreprises pharmaceutiques et les chercheurs \u00e0 concevoir des essais cliniques et \u00e0 cibler les th\u00e9rapies. <br><br>Les chercheurs et les entreprises pharmaceutiques investiront du temps et de l&rsquo;argent s&rsquo;ils disposent de suffisamment d&rsquo;informations \u00e0 analyser. C&rsquo;est pourquoi il est essentiel de fournir le plus grand nombre possible de donn\u00e9es sur les patients. Les registres de patients peuvent conduire directement \u00e0 l&rsquo;am\u00e9lioration des traitements et de la qualit\u00e9 de vie.  <\/p>\n\n<\/div>\n\n<div class=\"gb-container gb-container-506e8edc\">\n<div class=\"gb-container gb-container-780f980a psc-container\">\n\n<h3 class=\"gb-headline gb-headline-99e66129 gb-headline-text psc-heading-h4\">Vous et votre exp\u00e9rience \u00eates une pi\u00e8ce importante du puzzle CSP !<\/h3>\n\n\n<div class=\"gb-container gb-container-2d589034\">\n\n<a class=\"gb-button gb-button-000cf294 gb-button-text psc-paragraph-p brown-button\" href=\"https:\/\/pscx.acrossmatrix.com\/en-US\/#\/user-request\" target=\"_blank\" rel=\"noopener noreferrer\">Rejoignez-nous<\/a>\n\n<\/div>\n\n<div class=\"gb-container gb-container-19c76f88\">\n\n<figure class=\"gb-block-image gb-block-image-e6cd9598\"><a href=\"https:\/\/pscx.acrossmatrix.com\/en-US\/#\/user-request\" target=\"_blank\" rel=\"noopener noreferrer\"><img loading=\"lazy\" decoding=\"async\" width=\"1030\" height=\"317\" class=\"gb-image gb-image-e6cd9598\" src=\"https:\/\/pscpartners.ca\/wp-content\/uploads\/2025\/11\/PSC-Registry-Logo-Horizontal.png\" alt=\"\" title=\"Logo du registre du CSP - Horizontal\" srcset=\"https:\/\/pscpartners.ca\/wp-content\/uploads\/2025\/11\/PSC-Registry-Logo-Horizontal.png 1030w, https:\/\/pscpartners.ca\/wp-content\/uploads\/2025\/11\/PSC-Registry-Logo-Horizontal-300x92.png 300w, https:\/\/pscpartners.ca\/wp-content\/uploads\/2025\/11\/PSC-Registry-Logo-Horizontal-1024x315.png 1024w, https:\/\/pscpartners.ca\/wp-content\/uploads\/2025\/11\/PSC-Registry-Logo-Horizontal-768x236.png 768w\" sizes=\"auto, (max-width: 1030px) 100vw, 1030px\" \/><\/a><\/figure>\n\n<\/div>\n\n\n<p>Si votre objectif est de parvenir \u00e0 un monde o\u00f9 le diagnostic de CSP s&rsquo;accompagne d&rsquo;un rem\u00e8de, rejoignez le registre d\u00e8s aujourd&rsquo;hui. La participation de chaque patient atteint de CSP est importante pour faire avancer la recherche. <\/p>\n\n<\/div>\n<\/div>\n\n<div class=\"gb-container gb-container-3acbf2f7 psc-container\">\n\n<h2 class=\"gb-headline gb-headline-39a8cca6 gb-headline-text psc-heading-h3\">Comment les donn\u00e9es sont-elles collect\u00e9es et conserv\u00e9es&nbsp;?<\/h2>\n\n\n\n<p class=\"gb-headline gb-headline-3876fdb8 gb-headline-text psc-paragraph-p\">Les patients atteints de CSP ou leur soignant d\u00e9sign\u00e9 saisissent des informations et r\u00e9pondent \u00e0 des questionnaires en ligne portant sur leurs ant\u00e9c\u00e9dents m\u00e9dicaux et leurs sympt\u00f4mes. Les patients sont invit\u00e9s \u00e0 t\u00e9l\u00e9charger un r\u00e9sultat de test ou un document confirmant leur diagnostic de CSP. Toutes les donn\u00e9es sont conserv\u00e9es dans un environnement en ligne s\u00e9curis\u00e9.  <br><br>Le registre a \u00e9t\u00e9 con\u00e7u et fonctionne conform\u00e9ment aux lois et r\u00e9glementations en mati\u00e8re de protection de la vie priv\u00e9e.\u00b9 Ces r\u00e9glementations exigent des contr\u00f4les op\u00e9rationnels et des proc\u00e9dures de s\u00e9curit\u00e9 sp\u00e9cifiques et document\u00e9s. Les informations saisies dans le registre sont crypt\u00e9es2 et stock\u00e9es sur des serveurs s\u00e9curis\u00e9s dont l&rsquo;acc\u00e8s physique est limit\u00e9.<br><br>En outre, pour prot\u00e9ger les participants au registre, celui-ci est examin\u00e9 chaque ann\u00e9e par un comit\u00e9 d&rsquo;examen institutionnel (IRB)3 et chaque membre du personnel du registre des partenaires du CSP a suivi une formation HIPAA actualis\u00e9e.<br><br>Toute information personnelle susceptible d&rsquo;\u00eatre utilis\u00e9e pour identifier le patient du CSP ou sa famille est qualifi\u00e9e d&rsquo;information personnelle identifiable (IPI). Vos IPI sont stock\u00e9es et crypt\u00e9es en toute s\u00e9curit\u00e9. Seul le personnel autoris\u00e9 du registre pourra acc\u00e9der \u00e0 vos IPI et vous contacter si n\u00e9cessaire. Les informations dont toutes les IPI ont \u00e9t\u00e9 remplac\u00e9es par un code sont dites \u00ab\u00a0d\u00e9personnalis\u00e9es\u00a0\u00bb. Seules les donn\u00e9es d\u00e9personnalis\u00e9es sont communiqu\u00e9es aux chercheurs.    <br><br>Les participants peuvent acc\u00e9der \u00e0 leurs propres informations et les mettre \u00e0 jour \u00e0 tout moment. Ils peuvent \u00e9galement se retirer du registre \u00e0 tout moment et demander la suppression de leurs donn\u00e9es. <\/p>\n\n<\/div>\n\n<div class=\"gb-container gb-container-2536eb51 psc-container\">\n\n<h2 class=\"gb-headline gb-headline-78b2eeff gb-headline-text psc-heading-h3\">Qui a acc\u00e8s au registre&nbsp;?<\/h2>\n\n\n\n<p class=\"gb-headline gb-headline-467625de gb-headline-text psc-paragraph-p\">Le registre des patients CSP est destin\u00e9 aux patients, aux m\u00e9decins et aux chercheurs. Les chercheurs peuvent demander l&rsquo;acc\u00e8s aux donn\u00e9es d\u00e9personnalis\u00e9es des patients afin d&rsquo;analyser et de publier des r\u00e9sultats sur le CSP. Le registre ne r\u00e9v\u00e8le jamais l&rsquo;identit\u00e9 d&rsquo;un participant \u00e0 un chercheur ext\u00e9rieur.  <br><br>Les chercheurs peuvent demander l&rsquo;aide du registre pour recruter des participants \u00e0 un essai clinique ou \u00e0 une \u00e9tude. L&rsquo;\u00e9quipe du registre trouvera les participants au registre qui r\u00e9pondent le mieux aux crit\u00e8res du chercheur et les contactera directement pour les informer de l&rsquo;opportunit\u00e9. Il appartient ensuite \u00e0 chaque patient de d\u00e9cider s&rsquo;il souhaite contacter l&rsquo;\u00e9quipe de recherche pour en savoir plus et\/ou s&rsquo;il est int\u00e9ress\u00e9 par l&rsquo;\u00e9tude.  <\/p>\n\n<\/div>\n\n<div class=\"gb-container gb-container-0ba6c983 psc-container\">\n\n<h2 class=\"gb-headline gb-headline-ffefa449 gb-headline-text psc-heading-h3\">Questions fr\u00e9quemment pos\u00e9es<\/h2>\n\n\n<div class=\"gb-container gb-container-fffe568c gb-accordion\">\n<div class=\"gb-container gb-container-95824b17 gb-accordion__item gb-accordion__item-open\" data-transition=\"slide\">\n\n<button class=\"gb-button gb-button-882bd869 gb-accordion__toggle gb-block-is-current\" id=\"gb-accordion-toggle-882bd869\"><span class=\"gb-button-text\">Qui peut s&rsquo;inscrire au registre des partenaires du CSP ?<\/span><span class=\"gb-icon\"><svg xmlns=\"http:\/\/www.w3.org\/2000\/svg\" viewbox=\"0 0 448 512\" width=\"1em\" height=\"1em\" ariahidden=\"true\" role=\"img\" class=\"gb-accordion__icon\"><path d=\"M207.029 381.476L12.686 187.132c-9.373-9.373-9.373-24.569 0-33.941l22.667-22.667c9.357-9.357 24.522-9.375 33.901-.04L224 284.505l154.745-154.021c9.379-9.335 24.544-9.317 33.901.04l22.667 22.667c9.373 9.373 9.373 24.569 0 33.941L240.971 381.476c-9.373 9.372-24.569 9.372-33.942 0z\" fill=\"currentColor\"><\/path><\/svg><svg xmlns=\"http:\/\/www.w3.org\/2000\/svg\" viewbox=\"0 0 448 512\" width=\"1em\" height=\"1em\" ariahidden=\"true\" role=\"img\" class=\"gb-accordion__icon-open\"><path d=\"M240.971 130.524l194.343 194.343c9.373 9.373 9.373 24.569 0 33.941l-22.667 22.667c-9.357 9.357-24.522 9.375-33.901.04L224 227.495 69.255 381.516c-9.379 9.335-24.544 9.317-33.901-.04l-22.667-22.667c-9.373-9.373-9.373-24.569 0-33.941L207.03 130.525c9.372-9.373 24.568-9.373 33.941-.001z\" fill=\"currentColor\"><\/path><\/svg><\/span><\/button>\n\n\n<div id=\"gb-accordion-content-6276c530\" class=\"gb-accordion__content\"><div class=\"gb-container gb-container-6276c530\">\n\n<ul class=\"wp-block-list\">\n<li>Une personne qui est, a \u00e9t\u00e9 ou est soup\u00e7onn\u00e9e d&rsquo;\u00eatre atteinte de CSP<\/li>\n\n\n\n<li>Une personne en post-transplantation en raison d&rsquo;une CSP<\/li>\n\n\n\n<li>Une personne qui pr\u00e9sente une CSP r\u00e9currente apr\u00e8s la transplantation<\/li>\n<\/ul>\n\n<\/div><\/div>\n<\/div>\n\n<div class=\"gb-container gb-container-eba7daf0 gb-accordion__item\" data-transition=\"slide\">\n\n<button class=\"gb-button gb-button-d41f24fd gb-accordion__toggle\" id=\"gb-accordion-toggle-d41f24fd\"><span class=\"gb-button-text\">Qui peut effectuer l&rsquo;enregistrement&nbsp;?<\/span><span class=\"gb-icon\"><svg xmlns=\"http:\/\/www.w3.org\/2000\/svg\" viewbox=\"0 0 448 512\" width=\"1em\" height=\"1em\" ariahidden=\"true\" role=\"img\" class=\"gb-accordion__icon\"><path d=\"M207.029 381.476L12.686 187.132c-9.373-9.373-9.373-24.569 0-33.941l22.667-22.667c9.357-9.357 24.522-9.375 33.901-.04L224 284.505l154.745-154.021c9.379-9.335 24.544-9.317 33.901.04l22.667 22.667c9.373 9.373 9.373 24.569 0 33.941L240.971 381.476c-9.373 9.372-24.569 9.372-33.942 0z\" fill=\"currentColor\"><\/path><\/svg><svg xmlns=\"http:\/\/www.w3.org\/2000\/svg\" viewbox=\"0 0 448 512\" width=\"1em\" height=\"1em\" ariahidden=\"true\" role=\"img\" class=\"gb-accordion__icon-open\"><path d=\"M240.971 130.524l194.343 194.343c9.373 9.373 9.373 24.569 0 33.941l-22.667 22.667c-9.357 9.357-24.522 9.375-33.901.04L224 227.495 69.255 381.516c-9.379 9.335-24.544 9.317-33.901-.04l-22.667-22.667c-9.373-9.373-9.373-24.569 0-33.941L207.03 130.525c9.372-9.373 24.568-9.373 33.941-.001z\" fill=\"currentColor\"><\/path><\/svg><\/span><\/button>\n\n\n<div id=\"gb-accordion-content-3e2f4d73\" class=\"gb-accordion__content\"><div class=\"gb-container gb-container-3e2f4d73\">\n\n<p class=\"gb-headline gb-headline-edfe045c gb-headline-text psc-paragraph-p\">Vous pouvez participer au registre si vous, le patient CSP, ou le patient CSP que vous repr\u00e9sentez, avez d\u00e9j\u00e0 \u00e9t\u00e9 diagnostiqu\u00e9 avec une CSP.<\/p>\n\n\n\n<ul class=\"wp-block-list\">\n<li><strong>Patient<\/strong>: Les patients \u00e2g\u00e9s de plus de 18 ans qui comprennent le formulaire de consentement (et qui n&rsquo;ont pas de tuteur l\u00e9gal) peuvent s&rsquo;inscrire seuls au registre.<\/li>\n\n\n\n<li><strong>Aide-soignante<\/strong>:\n<ul class=\"wp-block-list\">\n<li>Repr\u00e9sentant l\u00e9galement autoris\u00e9 d&rsquo;un patient adulte<\/li>\n\n\n\n<li>  Un parent ou un tuteur l\u00e9gal d&rsquo;un mineur<\/li>\n\n\n\n<li>Une personne ayant perdu un proche atteint de CSP<\/li>\n<\/ul>\n<\/li>\n\n\n\n<li><strong>Mineurs<\/strong>: Le parent ou le tuteur l\u00e9gal d&rsquo;un mineur doit donner son accord pour que le patient s&rsquo;inscrive.<\/li>\n<\/ul>\n\n<\/div><\/div>\n<\/div>\n\n<div class=\"gb-container gb-container-f7226908 gb-accordion__item\" data-transition=\"slide\">\n\n<button class=\"gb-button gb-button-70694927 gb-accordion__toggle\" id=\"gb-accordion-toggle-70694927\"><span class=\"gb-button-text\">Combien de temps faut-il pour s&rsquo;inscrire au registre&nbsp;?<\/span><span class=\"gb-icon\"><svg xmlns=\"http:\/\/www.w3.org\/2000\/svg\" viewbox=\"0 0 448 512\" width=\"1em\" height=\"1em\" ariahidden=\"true\" role=\"img\" class=\"gb-accordion__icon\"><path d=\"M207.029 381.476L12.686 187.132c-9.373-9.373-9.373-24.569 0-33.941l22.667-22.667c9.357-9.357 24.522-9.375 33.901-.04L224 284.505l154.745-154.021c9.379-9.335 24.544-9.317 33.901.04l22.667 22.667c9.373 9.373 9.373 24.569 0 33.941L240.971 381.476c-9.373 9.372-24.569 9.372-33.942 0z\" fill=\"currentColor\"><\/path><\/svg><svg xmlns=\"http:\/\/www.w3.org\/2000\/svg\" viewbox=\"0 0 448 512\" width=\"1em\" height=\"1em\" ariahidden=\"true\" role=\"img\" class=\"gb-accordion__icon-open\"><path d=\"M240.971 130.524l194.343 194.343c9.373 9.373 9.373 24.569 0 33.941l-22.667 22.667c-9.357 9.357-24.522 9.375-33.901.04L224 227.495 69.255 381.516c-9.379 9.335-24.544 9.317-33.901-.04l-22.667-22.667c-9.373-9.373-9.373-24.569 0-33.941L207.03 130.525c9.372-9.373 24.568-9.373 33.941-.001z\" fill=\"currentColor\"><\/path><\/svg><\/span><\/button>\n\n\n<div id=\"gb-accordion-content-a194e028\" class=\"gb-accordion__content\"><div class=\"gb-container gb-container-a194e028\">\n\n<p class=\"gb-headline gb-headline-0d0f8155 gb-headline-text psc-paragraph-p\">L&rsquo;inscription au registre se fait en deux \u00e9tapes au minimum<\/p>\n\n\n\n<ol class=\"wp-block-list\">\n<li>Un compte du registre doit \u00eatre cr\u00e9\u00e9 &#8211; la cr\u00e9ation du compte prend quelques minutes et cette \u00e9tape inclut la r\u00e9vision du document de consentement \u00e9clair\u00e9 (ce temps varie d&rsquo;une personne \u00e0 l&rsquo;autre).<\/li>\n\n\n\n<li>Remplir l&rsquo;enqu\u00eate clinique actuelle &#8211; la premi\u00e8re fois qu&rsquo;un participant remplit l&rsquo;enqu\u00eate clinique, il lui faut au moins 30 minutes pour le faire. Il n&rsquo;est pas n\u00e9cessaire de remplir l&rsquo;enqu\u00eate en une seule fois. <\/li>\n<\/ol>\n\n<\/div><\/div>\n<\/div>\n\n<div class=\"gb-container gb-container-2d224fe6 gb-accordion__item\" data-transition=\"slide\">\n\n<button class=\"gb-button gb-button-ffcbc513 gb-accordion__toggle\" id=\"gb-accordion-toggle-ffcbc513\"><span class=\"gb-button-text\">Que me demandera-t-on de faire une fois que j&rsquo;aurai rejoint le registre&nbsp;?<\/span><span class=\"gb-icon\"><svg xmlns=\"http:\/\/www.w3.org\/2000\/svg\" viewbox=\"0 0 448 512\" width=\"1em\" height=\"1em\" ariahidden=\"true\" role=\"img\" class=\"gb-accordion__icon\"><path d=\"M207.029 381.476L12.686 187.132c-9.373-9.373-9.373-24.569 0-33.941l22.667-22.667c9.357-9.357 24.522-9.375 33.901-.04L224 284.505l154.745-154.021c9.379-9.335 24.544-9.317 33.901.04l22.667 22.667c9.373 9.373 9.373 24.569 0 33.941L240.971 381.476c-9.373 9.372-24.569 9.372-33.942 0z\" fill=\"currentColor\"><\/path><\/svg><svg xmlns=\"http:\/\/www.w3.org\/2000\/svg\" viewbox=\"0 0 448 512\" width=\"1em\" height=\"1em\" ariahidden=\"true\" role=\"img\" class=\"gb-accordion__icon-open\"><path d=\"M240.971 130.524l194.343 194.343c9.373 9.373 9.373 24.569 0 33.941l-22.667 22.667c-9.357 9.357-24.522 9.375-33.901.04L224 227.495 69.255 381.516c-9.379 9.335-24.544 9.317-33.901-.04l-22.667-22.667c-9.373-9.373-9.373-24.569 0-33.941L207.03 130.525c9.372-9.373 24.568-9.373 33.941-.001z\" fill=\"currentColor\"><\/path><\/svg><\/span><\/button>\n\n\n<div id=\"gb-accordion-content-6da1c63f\" class=\"gb-accordion__content\"><div class=\"gb-container gb-container-6da1c63f\">\n\n<ul class=\"wp-block-list\">\n<li>Les participants seront invit\u00e9s \u00e0 revoir et \u00e0 mettre \u00e0 jour leurs r\u00e9ponses \u00e0 l&rsquo;enqu\u00eate clinique chaque ann\u00e9e. \u00c0 moins qu&rsquo;il n&rsquo;y ait eu de nombreux changements en mati\u00e8re de sant\u00e9 au cours de l&rsquo;ann\u00e9e, cela devrait prendre beaucoup moins de temps que la premi\u00e8re fois que l&rsquo;enqu\u00eate a \u00e9t\u00e9 remplie. <\/li>\n\n\n\n<li>Enqu\u00eates suppl\u00e9mentaires &#8211; Outre l&rsquo;enqu\u00eate clinique, qui constitue l&rsquo;\u00e9pine dorsale du registre, les participants sont invit\u00e9s \u00e0 r\u00e9pondre \u00e0 d&rsquo;autres enqu\u00eates de temps \u00e0 autre. Ces enqu\u00eates n\u00e9cessitent g\u00e9n\u00e9ralement beaucoup moins de temps que l&rsquo;enqu\u00eate clinique. Les participants sont encourag\u00e9s \u00e0 r\u00e9pondre \u00e0 toutes les enqu\u00eates suppl\u00e9mentaires, mais celles-ci sont totalement facultatives.  <\/li>\n<\/ul>\n\n<\/div><\/div>\n<\/div>\n\n<div class=\"gb-container gb-container-2723d510 gb-accordion__item\" data-transition=\"slide\">\n\n<button class=\"gb-button gb-button-e1aebc1f gb-accordion__toggle\" id=\"gb-accordion-toggle-e1aebc1f\"><span class=\"gb-button-text\">Quels sont les autres avantages de l&rsquo;adh\u00e9sion au registre&nbsp;?<\/span><span class=\"gb-icon\"><svg xmlns=\"http:\/\/www.w3.org\/2000\/svg\" viewbox=\"0 0 448 512\" width=\"1em\" height=\"1em\" ariahidden=\"true\" role=\"img\" class=\"gb-accordion__icon\"><path d=\"M207.029 381.476L12.686 187.132c-9.373-9.373-9.373-24.569 0-33.941l22.667-22.667c9.357-9.357 24.522-9.375 33.901-.04L224 284.505l154.745-154.021c9.379-9.335 24.544-9.317 33.901.04l22.667 22.667c9.373 9.373 9.373 24.569 0 33.941L240.971 381.476c-9.373 9.372-24.569 9.372-33.942 0z\" fill=\"currentColor\"><\/path><\/svg><svg xmlns=\"http:\/\/www.w3.org\/2000\/svg\" viewbox=\"0 0 448 512\" width=\"1em\" height=\"1em\" ariahidden=\"true\" role=\"img\" class=\"gb-accordion__icon-open\"><path d=\"M240.971 130.524l194.343 194.343c9.373 9.373 9.373 24.569 0 33.941l-22.667 22.667c-9.357 9.357-24.522 9.375-33.901.04L224 227.495 69.255 381.516c-9.379 9.335-24.544 9.317-33.901-.04l-22.667-22.667c-9.373-9.373-9.373-24.569 0-33.941L207.03 130.525c9.372-9.373 24.568-9.373 33.941-.001z\" fill=\"currentColor\"><\/path><\/svg><\/span><\/button>\n\n\n<div id=\"gb-accordion-content-078946be\" class=\"gb-accordion__content\"><div class=\"gb-container gb-container-078946be\">\n\n<p class=\"gb-headline gb-headline-5e7f60b3 gb-headline-text psc-paragraph-p\">En plus de soutenir la recherche, les participants auront acc\u00e8s \u00e0 une vari\u00e9t\u00e9 d&rsquo;outils pour aider \u00e0 la gestion quotidienne de la CSP.<\/p>\n\n\n\n<ul class=\"wp-block-list\">\n<li><strong>Patient<\/strong>: Les patients \u00e2g\u00e9s de plus de 18 ans qui comprennent le formulaire de consentement (et qui n&rsquo;ont pas de tuteur l\u00e9gal) peuvent s&rsquo;inscrire seuls au registre.<\/li>\n\n\n\n<li><strong>Suivi des informations sur la sant\u00e9<\/strong>:\n<ul class=\"wp-block-list\">\n<li>Informations de base sur la sant\u00e9 : Enregistrez vos m\u00e9dicaments et compl\u00e9ments actuels et pass\u00e9s, vos traitements et proc\u00e9dures m\u00e9dicales, vos analyses et tests, et plus encore.<\/li>\n\n\n\n<li>Sympt\u00f4mes et activit\u00e9s : Enregistrez les sympt\u00f4mes courants de la CSP (ou ajoutez les v\u00f4tres) et les activit\u00e9s telles que l&rsquo;exercice. Le suivi des sympt\u00f4mes peut \u00eatre un outil utile \u00e0 partager avec votre prestataire de soins de sant\u00e9. <\/li>\n\n\n\n<li>Journal : Conservez les notes prises lors de vos visites chez le m\u00e9decin, pr\u00e9parez les questions \u00e0 poser \u00e0 votre m\u00e9decin ou enregistrez des notes sur tout ce qui vous aide \u00e0 suivre vos soins CSP.<\/li>\n<\/ul>\n<\/li>\n\n\n\n<li><strong>Prise en charge de plusieurs langues<\/strong> &#8211; La plateforme du registre prend en charge les langues anglaise, espagnole, fran\u00e7aise, italienne et allemande. Les enqu\u00eates ne sont actuellement disponibles qu&rsquo;en anglais ; les versions espagnole et fran\u00e7aise seront disponibles dans le courant de l&rsquo;ann\u00e9e 2025. <\/li>\n\n\n\n<li><strong>Importation du dossier m\u00e9dical \u00e9lectronique (DME<\/strong> ) &#8211; Si vos prestataires de soins de sant\u00e9 utilisent un syst\u00e8me de DME, la plateforme du registre permet d&rsquo;importer des donn\u00e9es \u00e0 partir de nombreux syst\u00e8mes de DME courants. Vous pouvez s\u00e9lectionner les dossiers que vous souhaitez importer dans le registre. <\/li>\n\n\n\n<li><strong>Consulter le r\u00e9sum\u00e9 des r\u00e9ponses \u00e0 l&rsquo;enqu\u00eate<\/strong> &#8211; Les participants au registre peuvent consulter un r\u00e9sum\u00e9 des r\u00e9ponses d\u00e9personnalis\u00e9es des autres participants \u00e0 de nombreuses questions de l&rsquo;enqu\u00eate. Par exemple, vous pouvez voir la r\u00e9partition de l&rsquo;\u00e2ge du diagnostic de la CSP dans l&rsquo;ensemble du registre, ou combien d&rsquo;autres participants au registre ont un membre de leur famille vivant avec la CSP. <\/li>\n<\/ul>\n\n<\/div><\/div>\n<\/div>\n<\/div>\n<\/div>\n<\/div>","protected":false},"excerpt":{"rendered":"<p>Registre des patients des partenaires du CSP Le registre des patients de CSP Partners est une plateforme en ligne s\u00e9curis\u00e9e qui constitue un d\u00e9p\u00f4t d&rsquo;informations sur la sant\u00e9 fournies par les personnes touch\u00e9es par la cholangite scl\u00e9rosante primitive. Les informations sont d\u00e9clar\u00e9es par les patients, ce qui signifie qu&rsquo;une personne atteinte de CSP ou son &#8230; <a title=\"Registre des patients\" class=\"read-more\" href=\"https:\/\/pscpartners.ca\/fr\/registre-des-patients\/\" aria-label=\"En savoir plus sur Registre des patients\">Lire plus<\/a><\/p>\n","protected":false},"author":1,"featured_media":0,"parent":0,"menu_order":0,"comment_status":"closed","ping_status":"closed","template":"","meta":{"_acf_changed":false,"_seopress_robots_primary_cat":"","_seopress_titles_title":"Rejoignez les partenaires du CSP : Soutenez la recherche et les essais du CSP","_seopress_titles_desc":"Contribuez \u00e0 la recherche sur la CSP en rejoignant le registre des patients. Aidez \u00e0 acc\u00e9l\u00e9rer les avanc\u00e9es dans le domaine de la cholangite scl\u00e9rosante primitive gr\u00e2ce \u00e0 vos connaissances uniques. ","_seopress_robots_index":"","footnotes":""},"class_list":["post-4792","page","type-page","status-publish"],"acf":[],"_links":{"self":[{"href":"https:\/\/pscpartners.ca\/fr\/wp-json\/wp\/v2\/pages\/4792","targetHints":{"allow":["GET"]}}],"collection":[{"href":"https:\/\/pscpartners.ca\/fr\/wp-json\/wp\/v2\/pages"}],"about":[{"href":"https:\/\/pscpartners.ca\/fr\/wp-json\/wp\/v2\/types\/page"}],"author":[{"embeddable":true,"href":"https:\/\/pscpartners.ca\/fr\/wp-json\/wp\/v2\/users\/1"}],"replies":[{"embeddable":true,"href":"https:\/\/pscpartners.ca\/fr\/wp-json\/wp\/v2\/comments?post=4792"}],"version-history":[{"count":11,"href":"https:\/\/pscpartners.ca\/fr\/wp-json\/wp\/v2\/pages\/4792\/revisions"}],"predecessor-version":[{"id":7483,"href":"https:\/\/pscpartners.ca\/fr\/wp-json\/wp\/v2\/pages\/4792\/revisions\/7483"}],"wp:attachment":[{"href":"https:\/\/pscpartners.ca\/fr\/wp-json\/wp\/v2\/media?parent=4792"}],"curies":[{"name":"wp","href":"https:\/\/api.w.org\/{rel}","templated":true}]}}