{"id":4616,"date":"2025-01-09T07:43:14","date_gmt":"2025-01-09T07:43:14","guid":{"rendered":"https:\/\/pscpartners.ca\/clause-de-non-responsabilite\/"},"modified":"2025-11-26T14:57:42","modified_gmt":"2025-11-26T19:57:42","slug":"clause-de-non-responsabilite","status":"publish","type":"page","link":"https:\/\/pscpartners.ca\/fr\/clause-de-non-responsabilite\/","title":{"rendered":"Clause de non-responsabilit\u00e9"},"content":{"rendered":"<div class=\"gb-container gb-container-afe44e56 psc-container\">\n\n<h1 class=\"gb-headline gb-headline-58c28530 gb-headline-text psc-heading-h1\">CLAUSE DE NON-RESPONSABILIT\u00c9<\/h1>\n\n\n\n<h3 class=\"gb-headline gb-headline-7b6283eb gb-headline-text psc-heading-h3\">CLAUSE DE NON-RESPONSABILIT\u00c9 CONCERNANT LES CONSEILS M\u00c9DICAUX<\/h3>\n\n\n\n<p class=\"gb-headline gb-headline-0939ab2d gb-headline-text\">Tous les utilisateurs sont responsables de leurs propres soins m\u00e9dicaux, de leur traitement et de leur surveillance. L&rsquo;ensemble du contenu fourni sur le site web, y compris les textes, les traitements, les dosages, les r\u00e9sultats, les tableaux, les profils, les graphiques, les photographies, les images, les conseils, les messages et les messages des forums, est fourni \u00e0 titre d&rsquo;information uniquement et n&rsquo;est pas destin\u00e9 \u00e0 se substituer \u00e0 un jugement, \u00e0 un conseil, \u00e0 un diagnostic ou \u00e0 un traitement m\u00e9dical professionnel ind\u00e9pendant. Le contenu n&rsquo;est pas destin\u00e9 \u00e0 \u00e9tablir une norme de soins \u00e0 suivre par un utilisateur du site web. Vous devez toujours demander l&rsquo;avis de votre m\u00e9decin ou d&rsquo;un autre professionnel de la sant\u00e9 qualifi\u00e9 pour toute question ou pr\u00e9occupation concernant votre sant\u00e9. Vous ne devez jamais ignorer ou retarder l&rsquo;obtention d&rsquo;un avis m\u00e9dical concernant un traitement ou une norme de soins en raison d&rsquo;informations figurant sur le site web ou transmises par son interm\u00e9diaire.    <\/p>\n\n\n\n<h3 class=\"gb-headline gb-headline-479bd7b8 gb-headline-text psc-heading-h3\">EXCLUSION DE GARANTIE<\/h3>\n\n\n\n<p class=\"gb-headline gb-headline-0de233b9 gb-headline-text\">Le site Web et le contenu qui y est offert sont fournis \u00a0\u00bb tels quels \u00a0\u00bb et \u00a0\u00bb selon la disponibilit\u00e9 \u00ab\u00a0. PSC Partners Canada ne donne aucune garantie, repr\u00e9sentation ou approbation expresse ou implicite (y compris, mais sans s&rsquo;y limiter, les garanties de titre ou d&rsquo;absence de contrefa\u00e7on, ou les garanties implicites de qualit\u00e9 marchande ou d&rsquo;adaptation \u00e0 un usage particulier) \u00e0 l&rsquo;\u00e9gard du site Web, du contenu ou de tout conseil ou service fourni par l&rsquo;entremise du site Web ou sur Internet en g\u00e9n\u00e9ral. PSC Partners Canada ne garantit pas que le site Web sera ininterrompu ou exempt d&rsquo;erreurs, que les d\u00e9fauts du site Web seront corrig\u00e9s, que toute information contenue ou transmise par le site Web est compl\u00e8te ou exacte, que l&rsquo;utilisateur ou d&rsquo;autres informations seront compl\u00e8tement prot\u00e9g\u00e9s contre l&rsquo;acc\u00e8s ou la divulgation non autoris\u00e9s, ou que toute information est exempte de virus ou d&rsquo;autres programmes malveillants.  <\/p>\n\n\n\n<h3 class=\"gb-headline gb-headline-adaefd9a gb-headline-text psc-heading-h3\">CLAUSE DE NON-RESPONSABILIT\u00c9 POUR LES CONTENUS TRADUITS PAR DES MACHINES<\/h3>\n\n\n\n<p>Ce contenu a \u00e9t\u00e9 traduit de l&rsquo;anglais vers le fran\u00e7ais \u00e0 l&rsquo;aide d&rsquo;une traduction automatique et peut contenir des inexactitudes ou des erreurs d&rsquo;interpr\u00e9tation. Bien que nous nous efforcions d&rsquo;\u00eatre pr\u00e9cis, la traduction peut ne pas refl\u00e9ter enti\u00e8rement le sens original. Si vous remarquez des erreurs ou si vous avez des doutes sur la traduction, n&rsquo;h\u00e9sitez pas \u00e0 <a href=\"https:\/\/pscpartners.ca\/fr\/contactez-nous\/\" data-type=\"page\" data-id=\"1750\">nous contacter<\/a> pour nous aider \u00e0 l&rsquo;am\u00e9liorer.  <\/p>\n\n\n\n<p class=\"gb-headline gb-headline-c796f7f3 gb-headline-text\">Date d&rsquo;entr\u00e9e en vigueur : 1er janvier 2025<\/p>\n\n<\/div>","protected":false},"excerpt":{"rendered":"<p>CLAUSE DE NON-RESPONSABILIT\u00c9 CLAUSE DE NON-RESPONSABILIT\u00c9 CONCERNANT LES CONSEILS M\u00c9DICAUX Tous les utilisateurs sont responsables de leurs propres soins m\u00e9dicaux, de leur traitement et de leur surveillance. L&rsquo;ensemble du contenu fourni sur le site web, y compris les textes, les traitements, les dosages, les r\u00e9sultats, les tableaux, les profils, les graphiques, les photographies, les images, &#8230; <a title=\"Clause de non-responsabilit\u00e9\" class=\"read-more\" href=\"https:\/\/pscpartners.ca\/fr\/clause-de-non-responsabilite\/\" aria-label=\"En savoir plus sur Clause de non-responsabilit\u00e9\">Lire plus<\/a><\/p>\n","protected":false},"author":1,"featured_media":0,"parent":0,"menu_order":0,"comment_status":"closed","ping_status":"closed","template":"","meta":{"_acf_changed":false,"_seopress_robots_primary_cat":"","_seopress_titles_title":"Consultez votre m\u00e9decin : Avis de non-responsabilit\u00e9 m\u00e9dicale du site Web","_seopress_titles_desc":"Faites confiance \u00e0 votre m\u00e9decin plut\u00f4t qu'au contenu des sites web. D\u00e9couvrez pourquoi nos informations m\u00e9dicales ne sont qu'un guide et ne remplacent pas l'avis d'un professionnel. Restez inform\u00e9, restez en s\u00e9curit\u00e9.  ","_seopress_robots_index":"","footnotes":""},"class_list":["post-4616","page","type-page","status-publish"],"acf":[],"_links":{"self":[{"href":"https:\/\/pscpartners.ca\/fr\/wp-json\/wp\/v2\/pages\/4616","targetHints":{"allow":["GET"]}}],"collection":[{"href":"https:\/\/pscpartners.ca\/fr\/wp-json\/wp\/v2\/pages"}],"about":[{"href":"https:\/\/pscpartners.ca\/fr\/wp-json\/wp\/v2\/types\/page"}],"author":[{"embeddable":true,"href":"https:\/\/pscpartners.ca\/fr\/wp-json\/wp\/v2\/users\/1"}],"replies":[{"embeddable":true,"href":"https:\/\/pscpartners.ca\/fr\/wp-json\/wp\/v2\/comments?post=4616"}],"version-history":[{"count":5,"href":"https:\/\/pscpartners.ca\/fr\/wp-json\/wp\/v2\/pages\/4616\/revisions"}],"predecessor-version":[{"id":6984,"href":"https:\/\/pscpartners.ca\/fr\/wp-json\/wp\/v2\/pages\/4616\/revisions\/6984"}],"wp:attachment":[{"href":"https:\/\/pscpartners.ca\/fr\/wp-json\/wp\/v2\/media?parent=4616"}],"curies":[{"name":"wp","href":"https:\/\/api.w.org\/{rel}","templated":true}]}}