{"id":3119,"date":"2024-12-23T09:41:01","date_gmt":"2024-12-23T09:41:01","guid":{"rendered":"https:\/\/pscpartners.ca\/conseil-dadministration\/"},"modified":"2026-04-01T09:52:05","modified_gmt":"2026-04-01T13:52:05","slug":"conseil-dadministration","status":"publish","type":"page","link":"https:\/\/pscpartners.ca\/fr\/conseil-dadministration\/","title":{"rendered":"Conseil d&rsquo;administration"},"content":{"rendered":"<div class=\"gb-container gb-container-f19a5ea8\">\n<div class=\"gb-container gb-container-5de04d13 banner-caregivers-page\">\n<div class=\"gb-container gb-container-43cf88a7 banner-content\" data-aos=\"fade-up\">\n\n<h1 class=\"gb-headline gb-headline-ce225a68 gb-headline-text heading-section\"><span class=\"get-involved-underline-7\">Conseil d&rsquo;administration<\/span><\/h1>\n\n<\/div>\n\n<div class=\"gb-container gb-container-4e8fa485 get-involved-banner \">\n\n<figure class=\"gb-block-image gb-block-image-e3e31fd7\"><img loading=\"lazy\" decoding=\"async\" width=\"1246\" height=\"861\" class=\"gb-image gb-image-e3e31fd7\" src=\"https:\/\/pscpartners.ca\/wp-content\/uploads\/2025\/01\/BOD-2024.jpg\" alt=\"\" title=\"CA 2024\" srcset=\"https:\/\/pscpartners.ca\/wp-content\/uploads\/2025\/01\/BOD-2024.jpg 1246w, https:\/\/pscpartners.ca\/wp-content\/uploads\/2025\/01\/BOD-2024-300x207.jpg 300w, https:\/\/pscpartners.ca\/wp-content\/uploads\/2025\/01\/BOD-2024-1024x708.jpg 1024w, https:\/\/pscpartners.ca\/wp-content\/uploads\/2025\/01\/BOD-2024-768x531.jpg 768w\" sizes=\"auto, (max-width: 1246px) 100vw, 1246px\" \/><\/figure>\n\n<\/div>\n<\/div>\n<\/div><div class=\"gb-container gb-container-455f9c7c psc-container\">\n<div class=\"gb-container gb-container-75e83ce3\" data-aos=\"fade-up\">\n<div class=\"gb-container gb-container-4e18e49e\">\n\n<figure class=\"gb-block-image gb-block-image-e82c6872\"><img loading=\"lazy\" decoding=\"async\" width=\"764\" height=\"1146\" class=\"gb-image gb-image-e82c6872\" src=\"https:\/\/pscpartners.ca\/wp-content\/uploads\/2025\/01\/Eve-2024.jpg\" alt=\"\" title=\"Eve-2024\" srcset=\"https:\/\/pscpartners.ca\/wp-content\/uploads\/2025\/01\/Eve-2024.jpg 764w, https:\/\/pscpartners.ca\/wp-content\/uploads\/2025\/01\/Eve-2024-200x300.jpg 200w, https:\/\/pscpartners.ca\/wp-content\/uploads\/2025\/01\/Eve-2024-683x1024.jpg 683w\" sizes=\"auto, (max-width: 764px) 100vw, 764px\" \/><\/figure>\n\n<\/div>\n\n<div class=\"gb-container gb-container-51982ba7\">\n\n<h2 class=\"gb-headline gb-headline-4265c485 gb-headline-text psc-heading-h3\">Eve Jedrzejewska &#8211; Co-fondatrice et tr\u00e9sori\u00e8re<\/h2>\n\n\n\n<p class=\"gb-headline gb-headline-59f77c1f gb-headline-text psc-paragraph-p\">Eve est cofondatrice et tr\u00e9sori\u00e8re de PSC Partners Canada. Elle est impliqu\u00e9e dans les organisations caritatives am\u00e9ricaines et canadiennes depuis 2008. Eve est la m\u00e8re d&rsquo;un jeune adulte atteint de CSP qui a \u00e9t\u00e9 diagnostiqu\u00e9 \u00e0 l&rsquo;\u00e2ge de 4 ans.  <br><br>Eve est cadre sup\u00e9rieur dans l&rsquo;une des grandes banques canadiennes. La carri\u00e8re d&rsquo;Eve dans les services financiers s&rsquo;\u00e9tend sur plus de 20 ans et couvre les march\u00e9s des capitaux, la gestion de patrimoine institutionnel, le risque op\u00e9rationnel, la conformit\u00e9 et la finance, ainsi que les services d&rsquo;assurance dans le secteur financier chez PricewaterhouseCoopers. <br><br>Outre PSC Partners Canada, Eve a \u00e9t\u00e9 active dans sa communaut\u00e9 de mani\u00e8re plus g\u00e9n\u00e9rale, notamment en si\u00e9geant \u00e0 d&rsquo;autres conseils d&rsquo;administration. Eve est dipl\u00f4m\u00e9e de l&rsquo;Universit\u00e9 de Toronto, o\u00f9 elle a obtenu une licence en commerce (double sp\u00e9cialisation en \u00e9conomie). Elle est \u00e9galement titulaire d&rsquo;un dipl\u00f4me de CA, de CPA et de CFA. <br><\/p>\n\n<\/div>\n<\/div>\n\n<div class=\"gb-container gb-container-edc9ce03\" data-aos=\"fade-up\">\n<div class=\"gb-container gb-container-147d2591\">\n\n<figure class=\"gb-block-image gb-block-image-f72eee22\"><img loading=\"lazy\" decoding=\"async\" width=\"764\" height=\"1146\" class=\"gb-image gb-image-f72eee22\" src=\"https:\/\/pscpartners.ca\/wp-content\/uploads\/2025\/01\/Rachel-2024.jpg\" alt=\"\" title=\"Rachel-2024\" srcset=\"https:\/\/pscpartners.ca\/wp-content\/uploads\/2025\/01\/Rachel-2024.jpg 764w, https:\/\/pscpartners.ca\/wp-content\/uploads\/2025\/01\/Rachel-2024-200x300.jpg 200w, https:\/\/pscpartners.ca\/wp-content\/uploads\/2025\/01\/Rachel-2024-683x1024.jpg 683w\" sizes=\"auto, (max-width: 764px) 100vw, 764px\" \/><\/figure>\n\n<\/div>\n\n<div class=\"gb-container gb-container-2368ef6c\">\n\n<h2 class=\"gb-headline gb-headline-a0c198b3 gb-headline-text psc-heading-h3\">Rachel Gomel &#8211; Secr\u00e9taire<\/h2>\n\n\n\n<p class=\"gb-headline gb-headline-b3770e56 gb-headline-text psc-paragraph-p\">L&rsquo;engagement de Rachel aupr\u00e8s des partenaires du CSP a commenc\u00e9 en 2008, lorsqu&rsquo;elle a assist\u00e9 \u00e0 sa premi\u00e8re conf\u00e9rence du CSP. Sa carri\u00e8re avait \u00e9t\u00e9 centr\u00e9e sur la recherche universitaire, mais lorsque la CSP est malheureusement apparue dans sa famille, toute sa passion et son dynamisme se sont tourn\u00e9s vers la CSP. Au cours de ses 17 ann\u00e9es de b\u00e9n\u00e9volat pour CSP Partners, elle a fond\u00e9 le registre des patients de CSP Partners et continue \u00e0 le diriger en tant que directrice du registre.  <br><br>Rachel a particip\u00e9 \u00e0 d&rsquo;autres initiatives majeures des partenaires du CSP. Elle si\u00e8ge au comit\u00e9 directeur du Forum CSP, soutient les relations avec les entreprises biotechnologiques et pharmaceutiques, et a dirig\u00e9 la participation des partenaires CSP \u00e0 l&rsquo;initiative Rare As One. Elle si\u00e8ge au Conseil d&rsquo;administration de PSC Partners et de PSC Partners Canada.  <br><br>Rachel est titulaire d&rsquo;une ma\u00eetrise en litt\u00e9rature anglaise et son doctorat (en philosophie de l&rsquo;histoire, litt\u00e9rature compar\u00e9e et critique litt\u00e9raire) de l&rsquo;Universit\u00e9 McGill lui a valu trois prix du Conseil des Arts du Canada. Avant de devenir partenaire du CSP, elle \u00e9tait chercheuse, conseillait et encadrait des jeunes en fin d&rsquo;\u00e9tudes, organisait des ateliers d&rsquo;entraide et des s\u00e9ries de conf\u00e9rences, et cr\u00e9ait des programmes pour soutenir les m\u00e8res c\u00e9libataires ayant des enfants ayant des besoins particuliers. <br><br>Son mari, ses trois enfants, ses sept petits-enfants et sa famille CSP Partners sont le centre de sa vie.<br><\/p>\n\n<\/div>\n<\/div>\n\n<div class=\"gb-container gb-container-b3764fd7\" data-aos=\"fade-up\">\n<div class=\"gb-container gb-container-359be927\">\n\n<figure class=\"gb-block-image gb-block-image-89594891\"><img loading=\"lazy\" decoding=\"async\" width=\"1356\" height=\"1418\" class=\"gb-image gb-image-89594891\" src=\"https:\/\/pscpartners.ca\/wp-content\/uploads\/2025\/02\/Screenshot-2025-02-01-at-11.52.28-AM.png\" alt=\"\" title=\"Capture d'\u00e9cran le 2025-02-01 \u00e0 11.52.28 AM\" srcset=\"https:\/\/pscpartners.ca\/wp-content\/uploads\/2025\/02\/Screenshot-2025-02-01-at-11.52.28-AM.png 1356w, https:\/\/pscpartners.ca\/wp-content\/uploads\/2025\/02\/Screenshot-2025-02-01-at-11.52.28-AM-287x300.png 287w, https:\/\/pscpartners.ca\/wp-content\/uploads\/2025\/02\/Screenshot-2025-02-01-at-11.52.28-AM-979x1024.png 979w, https:\/\/pscpartners.ca\/wp-content\/uploads\/2025\/02\/Screenshot-2025-02-01-at-11.52.28-AM-768x803.png 768w\" sizes=\"auto, (max-width: 1356px) 100vw, 1356px\" \/><\/figure>\n\n<\/div>\n\n<div class=\"gb-container gb-container-3807c34d\">\n\n<h2 class=\"gb-headline gb-headline-23c66fa6 gb-headline-text psc-heading-h3\">Matthew Hodgson &#8211; Membre du conseil d&rsquo;administration<\/h2>\n\n\n\n<p class=\"gb-headline gb-headline-58ee33f4 gb-headline-text psc-paragraph-p\">Matt a rejoint le conseil d&rsquo;administration de PSC Partners Canada en 2025, apr\u00e8s s&rsquo;\u00eatre engag\u00e9 aupr\u00e8s de PSC Partners Canada en tant que patient, puis en tant que b\u00e9n\u00e9vole. Matt a une exp\u00e9rience de premi\u00e8re main avec la CSP, recevant son diagnostic en tant que jeune adulte en 2015. <\/p>\n\n\n\n<p><br\/>L&rsquo;exp\u00e9rience professionnelle de Matt comprend une s\u00e9rie de fonctions de d\u00e9veloppement commercial au sein de petites entreprises et de multinationales. Son exp\u00e9rience s&rsquo;\u00e9tend au monde des start-ups et de l&rsquo;entrepreneuriat, puisqu&rsquo;il a cofond\u00e9 plusieurs entreprises. Matt est titulaire d&rsquo;une licence en commerce et d&rsquo;un MBA de l&rsquo;Universit\u00e9 de l&rsquo;Alberta. Il est actuellement directeur des services consultatifs d&rsquo;un cabinet de conseil canadien sp\u00e9cialis\u00e9 dans l&rsquo;\u00e9valuation et les fusions-acquisitions de pharmacies ind\u00e9pendantes.   <\/p>\n\n\n\n<p>Apr\u00e8s avoir appris son diagnostic de CSP au d\u00e9but de la vingtaine, Matt a trouv\u00e9 que Partenaires CSP \u00e9tait une ressource extraordinaire pour comprendre la maladie et est rapidement devenu un participant au Registre des patients. Matt a commenc\u00e9 \u00e0 faire du b\u00e9n\u00e9volat au sein de l&rsquo;\u00e9quipe de communication de PSC Partners Canada en 2022 et a \u00e9largi son r\u00f4le de b\u00e9n\u00e9vole gr\u00e2ce aux sessions ZoomRoom entre pairs ainsi qu&rsquo;\u00e0 la Conf\u00e9rence annuelle de PSC Partners de 2023 et 2024. Matt est passionn\u00e9 par la participation des patients \u00e0 la recherche universitaire et clinique afin de faire avancer la recherche d&rsquo;un rem\u00e8de.  <\/p>\n\n\n\n<p>Matt vit \u00e0 Edmonton avec sa femme et sa nouvelle fille.<br\/><br\/><\/p>\n\n<\/div>\n<\/div>\n<\/div>","protected":false},"excerpt":{"rendered":"<p>Conseil d&rsquo;administration Eve Jedrzejewska &#8211; Co-fondatrice et tr\u00e9sori\u00e8re Eve est cofondatrice et tr\u00e9sori\u00e8re de PSC Partners Canada. Elle est impliqu\u00e9e dans les organisations caritatives am\u00e9ricaines et canadiennes depuis 2008. Eve est la m\u00e8re d&rsquo;un jeune adulte atteint de CSP qui a \u00e9t\u00e9 diagnostiqu\u00e9 \u00e0 l&rsquo;\u00e2ge de 4 ans. Eve est cadre sup\u00e9rieur dans l&rsquo;une des &#8230; <a title=\"Conseil d&rsquo;administration\" class=\"read-more\" href=\"https:\/\/pscpartners.ca\/fr\/conseil-dadministration\/\" aria-label=\"En savoir plus sur Conseil d&rsquo;administration\">Lire plus<\/a><\/p>\n","protected":false},"author":1,"featured_media":0,"parent":0,"menu_order":0,"comment_status":"closed","ping_status":"closed","template":"","meta":{"_acf_changed":false,"_seopress_robots_primary_cat":"","_seopress_titles_title":"Rencontrez les dirigeants de PSC Partners Seeking a Cure Canada","_seopress_titles_desc":"D\u00e9couvrez les leaders inspirants qui sont \u00e0 l'origine de PSC Partners Canada, qui stimulent la recherche et la d\u00e9fense des int\u00e9r\u00eats dans tout le Canada afin de trouver un rem\u00e8de \u00e0 la CSP.","_seopress_robots_index":"","footnotes":""},"class_list":["post-3119","page","type-page","status-publish"],"acf":[],"_links":{"self":[{"href":"https:\/\/pscpartners.ca\/fr\/wp-json\/wp\/v2\/pages\/3119","targetHints":{"allow":["GET"]}}],"collection":[{"href":"https:\/\/pscpartners.ca\/fr\/wp-json\/wp\/v2\/pages"}],"about":[{"href":"https:\/\/pscpartners.ca\/fr\/wp-json\/wp\/v2\/types\/page"}],"author":[{"embeddable":true,"href":"https:\/\/pscpartners.ca\/fr\/wp-json\/wp\/v2\/users\/1"}],"replies":[{"embeddable":true,"href":"https:\/\/pscpartners.ca\/fr\/wp-json\/wp\/v2\/comments?post=3119"}],"version-history":[{"count":10,"href":"https:\/\/pscpartners.ca\/fr\/wp-json\/wp\/v2\/pages\/3119\/revisions"}],"predecessor-version":[{"id":7489,"href":"https:\/\/pscpartners.ca\/fr\/wp-json\/wp\/v2\/pages\/3119\/revisions\/7489"}],"wp:attachment":[{"href":"https:\/\/pscpartners.ca\/fr\/wp-json\/wp\/v2\/media?parent=3119"}],"curies":[{"name":"wp","href":"https:\/\/api.w.org\/{rel}","templated":true}]}}