{"id":3085,"date":"2024-12-06T10:21:36","date_gmt":"2024-12-06T10:21:36","guid":{"rendered":"https:\/\/pscpartners.ca\/page-datterrissage\/"},"modified":"2025-01-29T14:36:15","modified_gmt":"2025-01-29T14:36:15","slug":"page-datterrissage","status":"publish","type":"page","link":"https:\/\/pscpartners.ca\/fr\/page-datterrissage\/","title":{"rendered":"Page d&rsquo;atterrissage"},"content":{"rendered":"<div class=\"gb-container gb-container-a7b96a22\">\n<div class=\"gb-container gb-container-cf3cb883 psc-container\">\n<div class=\"gb-container gb-container-b82c7c79\">\n\n<h1 class=\"gb-headline gb-headline-88910431 gb-headline-text psc-heading-h1 gb-headline gb-headline-abed3679 gb-headline-text psc-heading-h1\">La <span class=\"highlight-circle\">CSP<\/span> est une maladie h\u00e9patique rare dont on estime qu&rsquo;elle touche <span class=\"curved-line\">plus de 4 000 Canadiens.<\/span><\/h1>\n\n\n\n<p class=\"gb-headline gb-headline-ff9d00a9 gb-headline-text psc-paragraph-p\">Un diagnostic de cholangite scl\u00e9rosante primitive peut \u00eatre accablant. Partenaires PSC Canada aide les Canadiens \u00e0 vivre avec cette maladie progressive en leur fournissant des informations, du soutien et de l&rsquo;espoir. <\/p>\n\n<\/div>\n<\/div>\n<\/div><div class=\"gb-container gb-container-072e8f97\">\n<div class=\"gb-container gb-container-11f7373a psc-container\">\n\n<h2 class=\"gb-headline gb-headline-ea7ad3f3 gb-headline-text psc-heading-h3\"><span class=\"helping-canadians\">Aider les Canadiens<\/span> \u00e0 vivre avec une CSP<\/h2>\n\n\n<div class=\"gb-container gb-container-7fe374fd\">\n<div class=\"gb-container gb-container-17406d4a\">\n<div class=\"gb-container gb-container-80720357\">\n<div class=\"gb-container gb-container-cc051b74 img-width\">\n\n<figure class=\"gb-block-image gb-block-image-f266b612\"><img decoding=\"async\" class=\"gb-image gb-image-f266b612\" src=\"https:\/\/pscpartners.ca\/wp-content\/uploads\/2024\/11\/note.webp\" alt=\"\" title=\"noter\"><\/figure>\n\n<\/div>\n\n<div class=\"gb-container gb-container-f7b5487b\"><\/div>\n<\/div>\n\n<div class=\"gb-container gb-container-99641940\">\n<div class=\"gb-container gb-container-90263f68 add-arrow\">\n\n<h2 class=\"gb-headline gb-headline-97f5471e gb-headline-text psc-heading-h4\">Diagnostic initial<\/h2>\n\n\n\n<p class=\"gb-headline gb-headline-5c2933bc gb-headline-text psc-paragraph-p\">Vous venez de recevoir un diagnostic de CSP ? Partenaires PSC Canada fournit des ressources et du soutien pour vous aider \u00e0 comprendre cette maladie. La progression de la maladie est diff\u00e9rente pour chaque personne, mais il est utile de conna\u00eetre les faits de base.    <\/p>\n\n\n\n<a class=\"gb-button gb-button-f19ad1e6 psc-paragraph-p read-more\" href=\"#\"><span class=\"gb-button-text\">En savoir plus<\/span><span class=\"gb-icon\"><svg xmlns=\"http:\/\/www.w3.org\/2000\/svg\" width=\"20px\" height=\"20px\" viewbox=\"0 0 448 512\" stroke-width=\"0\" fill=\"currentColor\" stroke=\"currentColor\"><path d=\"M438.6 278.6c12.5-12.5 12.5-32.8 0-45.3l-160-160c-12.5-12.5-32.8-12.5-45.3 0s-12.5 32.8 0 45.3L338.8 224 32 224c-17.7 0-32 14.3-32 32s14.3 32 32 32l306.7 0L233.4 393.4c-12.5 12.5-12.5 32.8 0 45.3s32.8 12.5 45.3 0l160-160z\"><\/path><\/svg><\/span><\/a>\n\n<\/div>\n<\/div>\n<\/div>\n\n<div class=\"gb-container gb-container-b4f1daef\">\n<div class=\"gb-container gb-container-dcfc1f46 img-margin\">\n<div class=\"gb-container gb-container-9142fc5f\"><\/div>\n\n<div class=\"gb-container gb-container-902ec0de img-width\">\n\n<figure class=\"gb-block-image gb-block-image-9aa715a4\"><img decoding=\"async\" class=\"gb-image gb-image-9aa715a4\" src=\"https:\/\/pscpartners.ca\/wp-content\/uploads\/2024\/11\/liver.webp\" alt=\"\" title=\"foie\"><\/figure>\n\n<\/div>\n\n<div class=\"gb-container gb-container-e0a4e046\"><\/div>\n<\/div>\n\n<div class=\"gb-container gb-container-3cb730e5\">\n<div class=\"gb-container gb-container-7568eb37 add-arrow\">\n\n<h2 class=\"gb-headline gb-headline-4ab1fe59 gb-headline-text psc-heading-h4\">Vivre avec le CSP<\/h2>\n\n\n\n<p class=\"gb-headline gb-headline-769292ca gb-headline-text psc-paragraph-p\">Le fait d&rsquo;entrer en contact avec des groupes de soutien et d&rsquo;en apprendre davantage sur la maladie peut aider \u00e0 g\u00e9rer les d\u00e9fis \u00e9motionnels et physiques de la vie avec une maladie chronique.<\/p>\n\n\n\n<a class=\"gb-button gb-button-19066a5a psc-paragraph-p read-more\" href=\"#\"><span class=\"gb-button-text\">En savoir plus<\/span><span class=\"gb-icon\"><svg xmlns=\"http:\/\/www.w3.org\/2000\/svg\" width=\"20px\" height=\"20px\" viewbox=\"0 0 448 512\" stroke-width=\"0\" fill=\"currentColor\" stroke=\"currentColor\"><path d=\"M438.6 278.6c12.5-12.5 12.5-32.8 0-45.3l-160-160c-12.5-12.5-32.8-12.5-45.3 0s-12.5 32.8 0 45.3L338.8 224 32 224c-17.7 0-32 14.3-32 32s14.3 32 32 32l306.7 0L233.4 393.4c-12.5 12.5-12.5 32.8 0 45.3s32.8 12.5 45.3 0l160-160z\"><\/path><\/svg><\/span><\/a>\n\n<\/div>\n<\/div>\n<\/div>\n\n<div class=\"gb-container gb-container-ae464652\">\n<div class=\"gb-container gb-container-68e6b5a2 img-margin\">\n<div class=\"gb-container gb-container-7eeb7b83\"><\/div>\n\n<div class=\"gb-container gb-container-5dd5a272 img-width\">\n\n<figure class=\"gb-block-image gb-block-image-f6bd0f95\"><img decoding=\"async\" class=\"gb-image gb-image-f6bd0f95\" src=\"https:\/\/pscpartners.ca\/wp-content\/uploads\/2024\/11\/medi-kit.webp\" alt=\"\" title=\"medi-kit\"><\/figure>\n\n<\/div>\n\n<div class=\"gb-container gb-container-657db2d3\"><\/div>\n<\/div>\n\n<div class=\"gb-container gb-container-b7242c34\">\n<div class=\"gb-container gb-container-ffbd8585 add-arrow\">\n\n<h2 class=\"gb-headline gb-headline-2c18f3ee gb-headline-text psc-heading-h4\">Faire progresser le CSP<\/h2>\n\n\n\n<p class=\"gb-headline gb-headline-43ed8676 gb-headline-text psc-paragraph-p\">Au fur et \u00e0 mesure que la CSP progresse, des complications plus graves peuvent survenir. Il est essentiel de comprendre, de surveiller et de g\u00e9rer les signes d&rsquo;une CSP avanc\u00e9e avec votre \u00e9quipe m\u00e9dicale afin d&rsquo;intervenir et de recevoir des soins m\u00e9dicaux en temps voulu. <\/p>\n\n\n\n<a class=\"gb-button gb-button-3ac288a1 psc-paragraph-p read-more\" href=\"#\"><span class=\"gb-button-text\">En savoir plus<\/span><span class=\"gb-icon\"><svg xmlns=\"http:\/\/www.w3.org\/2000\/svg\" width=\"20px\" height=\"20px\" viewbox=\"0 0 448 512\" stroke-width=\"0\" fill=\"currentColor\" stroke=\"currentColor\"><path d=\"M438.6 278.6c12.5-12.5 12.5-32.8 0-45.3l-160-160c-12.5-12.5-32.8-12.5-45.3 0s-12.5 32.8 0 45.3L338.8 224 32 224c-17.7 0-32 14.3-32 32s14.3 32 32 32l306.7 0L233.4 393.4c-12.5 12.5-12.5 32.8 0 45.3s32.8 12.5 45.3 0l160-160z\"><\/path><\/svg><\/span><\/a>\n\n<\/div>\n<\/div>\n<\/div>\n\n<div class=\"gb-container gb-container-2ac9eebd\">\n<div class=\"gb-container gb-container-f8dd22a9 img-margin\">\n<div class=\"gb-container gb-container-7bc73d2f\"><\/div>\n\n<div class=\"gb-container gb-container-b35bf1e3 img-width\">\n\n<figure class=\"gb-block-image gb-block-image-30ae64b5\"><img decoding=\"async\" class=\"gb-image gb-image-30ae64b5\" src=\"https:\/\/pscpartners.ca\/wp-content\/uploads\/2024\/11\/transplant.webp\" alt=\"\" title=\"transplantation\"><\/figure>\n\n<\/div>\n\n<div class=\"gb-container gb-container-db56005a\"><\/div>\n<\/div>\n\n<div class=\"gb-container gb-container-aa220e51\">\n<div class=\"gb-container gb-container-0d08a0ba add-arrow\">\n\n<h2 class=\"gb-headline gb-headline-bd4a9fd8 gb-headline-text psc-heading-h4\">Transplantation h\u00e9patique<\/h2>\n\n\n\n<p class=\"gb-headline gb-headline-f158469a gb-headline-text psc-paragraph-p\">Tous les patients atteints de cholangite scl\u00e9rosante primitive n&rsquo;ont pas besoin d&rsquo;une greffe de foie. Pour ceux qui en ont besoin, la transplantation peut \u00eatre l&rsquo;occasion d&rsquo;am\u00e9liorer leur qualit\u00e9 de vie. De nombreux patients ayant subi une greffe de foie remarquent des changements positifs quelques heures seulement apr\u00e8s l&rsquo;op\u00e9ration.  <\/p>\n\n\n\n<a class=\"gb-button gb-button-fb268b26 psc-paragraph-p read-more\" href=\"#\"><span class=\"gb-button-text\">En savoir plus<\/span><span class=\"gb-icon\"><svg xmlns=\"http:\/\/www.w3.org\/2000\/svg\" width=\"20px\" height=\"20px\" viewbox=\"0 0 448 512\" stroke-width=\"0\" fill=\"currentColor\" stroke=\"currentColor\"><path d=\"M438.6 278.6c12.5-12.5 12.5-32.8 0-45.3l-160-160c-12.5-12.5-32.8-12.5-45.3 0s-12.5 32.8 0 45.3L338.8 224 32 224c-17.7 0-32 14.3-32 32s14.3 32 32 32l306.7 0L233.4 393.4c-12.5 12.5-12.5 32.8 0 45.3s32.8 12.5 45.3 0l160-160z\"><\/path><\/svg><\/span><\/a>\n\n<\/div>\n<\/div>\n<\/div>\n\n<div class=\"gb-container gb-container-70f15aaa\">\n<div class=\"gb-container gb-container-219c85fb img-margin\">\n<div class=\"gb-container gb-container-99ea352f\"><\/div>\n\n<div class=\"gb-container gb-container-c64ed5ec img-width\">\n\n<figure class=\"gb-block-image gb-block-image-03935ebb\"><img decoding=\"async\" class=\"gb-image gb-image-03935ebb\" src=\"https:\/\/pscpartners.ca\/wp-content\/uploads\/2024\/11\/caregivers.webp\" alt=\"\" title=\"soignants\"><\/figure>\n\n<\/div>\n\n<div class=\"gb-container gb-container-3e0cb9fe\"><\/div>\n<\/div>\n\n<div class=\"gb-container gb-container-591a58f3\">\n<div class=\"gb-container gb-container-b0d95ccc add-arrow\">\n\n<h2 class=\"gb-headline gb-headline-b8f6ad7a gb-headline-text psc-heading-h4\">Les soignants et la famille<\/h2>\n\n\n\n<h2 class=\"gb-headline gb-headline-e26f363e gb-headline-text psc-paragraph-p\">Vivre avec une CSP n\u00e9cessite un syst\u00e8me de soutien solide. Les aidants jouent un r\u00f4le important dans la prise en charge de leur proche. <\/h2>\n\n\n\n<a class=\"gb-button gb-button-76ec767f psc-paragraph-p read-more\" href=\"#\"><span class=\"gb-button-text\">En savoir plus<\/span><span class=\"gb-icon\"><svg xmlns=\"http:\/\/www.w3.org\/2000\/svg\" width=\"20px\" height=\"20px\" viewbox=\"0 0 448 512\" stroke-width=\"0\" fill=\"currentColor\" stroke=\"currentColor\"><path d=\"M438.6 278.6c12.5-12.5 12.5-32.8 0-45.3l-160-160c-12.5-12.5-32.8-12.5-45.3 0s-12.5 32.8 0 45.3L338.8 224 32 224c-17.7 0-32 14.3-32 32s14.3 32 32 32l306.7 0L233.4 393.4c-12.5 12.5-12.5 32.8 0 45.3s32.8 12.5 45.3 0l160-160z\"><\/path><\/svg><\/span><\/a>\n\n<\/div>\n<\/div>\n<\/div>\n<\/div>\n<\/div>\n<\/div>","protected":false},"excerpt":{"rendered":"<p>La CSP est une maladie h\u00e9patique rare dont on estime qu&rsquo;elle touche plus de 4 000 Canadiens. Un diagnostic de cholangite scl\u00e9rosante primitive peut \u00eatre accablant. Partenaires PSC Canada aide les Canadiens \u00e0 vivre avec cette maladie progressive en leur fournissant des informations, du soutien et de l&rsquo;espoir. Aider les Canadiens \u00e0 vivre avec une &#8230; <a title=\"Page d&rsquo;atterrissage\" class=\"read-more\" href=\"https:\/\/pscpartners.ca\/fr\/page-datterrissage\/\" aria-label=\"En savoir plus sur Page d&rsquo;atterrissage\">Lire plus<\/a><\/p>\n","protected":false},"author":1,"featured_media":0,"parent":0,"menu_order":0,"comment_status":"closed","ping_status":"closed","template":"","meta":{"_acf_changed":false,"_seopress_robots_primary_cat":"","_seopress_titles_title":"G\u00e9rer la cholangite scl\u00e9rosante avec PSC Canada","_seopress_titles_desc":"D\u00e9couvrez comment Partenaires PSC Canada soutient les Canadiens atteints de cholangite scl\u00e9rosante primitive gr\u00e2ce \u00e0 des ressources, du soutien et de l'espoir.","_seopress_robots_index":"","footnotes":""},"class_list":["post-3085","page","type-page","status-publish"],"acf":[],"_links":{"self":[{"href":"https:\/\/pscpartners.ca\/fr\/wp-json\/wp\/v2\/pages\/3085","targetHints":{"allow":["GET"]}}],"collection":[{"href":"https:\/\/pscpartners.ca\/fr\/wp-json\/wp\/v2\/pages"}],"about":[{"href":"https:\/\/pscpartners.ca\/fr\/wp-json\/wp\/v2\/types\/page"}],"author":[{"embeddable":true,"href":"https:\/\/pscpartners.ca\/fr\/wp-json\/wp\/v2\/users\/1"}],"replies":[{"embeddable":true,"href":"https:\/\/pscpartners.ca\/fr\/wp-json\/wp\/v2\/comments?post=3085"}],"version-history":[{"count":1,"href":"https:\/\/pscpartners.ca\/fr\/wp-json\/wp\/v2\/pages\/3085\/revisions"}],"predecessor-version":[{"id":3086,"href":"https:\/\/pscpartners.ca\/fr\/wp-json\/wp\/v2\/pages\/3085\/revisions\/3086"}],"wp:attachment":[{"href":"https:\/\/pscpartners.ca\/fr\/wp-json\/wp\/v2\/media?parent=3085"}],"curies":[{"name":"wp","href":"https:\/\/api.w.org\/{rel}","templated":true}]}}