{"id":2632,"date":"2024-12-19T09:50:21","date_gmt":"2024-12-19T09:50:21","guid":{"rendered":"https:\/\/pscpartners.ca\/vivre-avec-le-csp\/"},"modified":"2025-11-26T14:57:46","modified_gmt":"2025-11-26T19:57:46","slug":"vivre-avec-le-csp","status":"publish","type":"page","link":"https:\/\/pscpartners.ca\/fr\/vivre-avec-le-csp\/","title":{"rendered":"Vivre avec une CSP"},"content":{"rendered":"<div class=\"gb-container gb-container-f19a5ea8\">\n<div class=\"gb-container gb-container-5de04d13 banner-caregivers-page\">\n<div class=\"gb-container gb-container-43cf88a7 banner-content\" data-aos=\"fade-up\">\n\n<h1 class=\"gb-headline gb-headline-ce225a68 gb-headline-text heading-section\"><span class=\"get-involved-underline\">Vivre avec le CSP<\/span><\/h1>\n\n\n\n<p class=\"gb-headline gb-headline-5170247a gb-headline-text\">La gestion de la vie quotidienne avec la CSP peut \u00eatre un d\u00e9fi, mais avec les bonnes strat\u00e9gies, vous pouvez maintenir une meilleure qualit\u00e9 de vie.<\/p>\n\n<\/div>\n\n<div class=\"gb-container gb-container-4e8fa485 get-involved-banner \">\n\n<figure class=\"gb-block-image gb-block-image-e3e31fd7\"><img loading=\"lazy\" decoding=\"async\" width=\"1245\" height=\"751\" class=\"gb-image gb-image-e3e31fd7\" src=\"https:\/\/pscpartners.ca\/wp-content\/uploads\/2025\/01\/PSC-homepage-photo-1.jpg\" alt=\"\" title=\"PSC-homepage-photo\" srcset=\"https:\/\/pscpartners.ca\/wp-content\/uploads\/2025\/01\/PSC-homepage-photo-1.jpg 1245w, https:\/\/pscpartners.ca\/wp-content\/uploads\/2025\/01\/PSC-homepage-photo-1-300x181.jpg 300w, https:\/\/pscpartners.ca\/wp-content\/uploads\/2025\/01\/PSC-homepage-photo-1-1024x618.jpg 1024w, https:\/\/pscpartners.ca\/wp-content\/uploads\/2025\/01\/PSC-homepage-photo-1-768x463.jpg 768w\" sizes=\"auto, (max-width: 1245px) 100vw, 1245px\" \/><\/figure>\n\n<\/div>\n<\/div>\n<\/div>\n\n<div class=\"gb-container gb-container-2a77173a\">\n<div class=\"gb-container gb-container-0566ffe0 psc-container\" data-aos=\"fade-up\">\n<div class=\"gb-container gb-container-170a7bfa container-elements\">\n<div class=\"gb-container gb-container-fe112849 elements-item\">\n<div class=\"gb-container gb-container-695408da\">\n\n<figure class=\"gb-block-image gb-block-image-9168fa7c\"><img loading=\"lazy\" decoding=\"async\" width=\"328\" height=\"328\" class=\"gb-image gb-image-9168fa7c image-shake\" src=\"https:\/\/pscpartners.ca\/wp-content\/uploads\/2025\/01\/initial.png\" alt=\"\" title=\"initial\" srcset=\"https:\/\/pscpartners.ca\/wp-content\/uploads\/2025\/01\/initial.png 328w, https:\/\/pscpartners.ca\/wp-content\/uploads\/2025\/01\/initial-300x300.png 300w, https:\/\/pscpartners.ca\/wp-content\/uploads\/2025\/01\/initial-150x150.png 150w\" sizes=\"auto, (max-width: 328px) 100vw, 328px\" \/><\/figure>\n\n<\/div>\n\n\n<h3 class=\"gb-headline gb-headline-9992df53 gb-headline-text white-circle-text\"><a href=\"https:\/\/pscpartners.ca\/fr\/diagnostic-initial\/\">Diagnostic initial<\/a><\/h3>\n\n<\/div>\n\n<div class=\"gb-container gb-container-41a2c3e7 elements-item\">\n<div class=\"gb-container gb-container-bb01425d\">\n\n<figure class=\"gb-block-image gb-block-image-01900e15\"><img loading=\"lazy\" decoding=\"async\" width=\"328\" height=\"328\" class=\"gb-image gb-image-01900e15 image-shake\" src=\"https:\/\/pscpartners.ca\/wp-content\/uploads\/2025\/01\/living.png\" alt=\"\" title=\"vivant\" srcset=\"https:\/\/pscpartners.ca\/wp-content\/uploads\/2025\/01\/living.png 328w, https:\/\/pscpartners.ca\/wp-content\/uploads\/2025\/01\/living-300x300.png 300w, https:\/\/pscpartners.ca\/wp-content\/uploads\/2025\/01\/living-150x150.png 150w\" sizes=\"auto, (max-width: 328px) 100vw, 328px\" \/><\/figure>\n\n<\/div>\n\n\n<h3 class=\"gb-headline gb-headline-d2e654e3 gb-headline-text white-circle-text\"><a href=\"https:\/\/pscpartners.ca\/fr\/diagnostic-initial\/\">Vivre<br>avec le CSP<\/a><\/h3>\n\n<\/div>\n\n<div class=\"gb-container gb-container-6a2a57e4 elements-item\">\n<div class=\"gb-container gb-container-372be8e4\">\n\n<figure class=\"gb-block-image gb-block-image-4a48c8db\"><img loading=\"lazy\" decoding=\"async\" width=\"328\" height=\"328\" class=\"gb-image gb-image-4a48c8db image-shake\" src=\"https:\/\/pscpartners.ca\/wp-content\/uploads\/2025\/01\/advancing.png\" alt=\"\" title=\"avancer\" srcset=\"https:\/\/pscpartners.ca\/wp-content\/uploads\/2025\/01\/advancing.png 328w, https:\/\/pscpartners.ca\/wp-content\/uploads\/2025\/01\/advancing-300x300.png 300w, https:\/\/pscpartners.ca\/wp-content\/uploads\/2025\/01\/advancing-150x150.png 150w\" sizes=\"auto, (max-width: 328px) 100vw, 328px\" \/><\/figure>\n\n<\/div>\n\n\n<h3 class=\"gb-headline gb-headline-136647bf gb-headline-text white-circle-text\"><a href=\"https:\/\/pscpartners.ca\/fr\/diagnostic-initial\/\">Progresser avec le CSP<\/a><\/h3>\n\n<\/div>\n\n<div class=\"gb-container gb-container-1ab4090b elements-item\">\n<div class=\"gb-container gb-container-ffaf9436\">\n\n<figure class=\"gb-block-image gb-block-image-380c1f26\"><img loading=\"lazy\" decoding=\"async\" width=\"328\" height=\"328\" class=\"gb-image gb-image-380c1f26 image-shake\" src=\"https:\/\/pscpartners.ca\/wp-content\/uploads\/2025\/01\/transplant.png\" alt=\"\" title=\"transplantation\" srcset=\"https:\/\/pscpartners.ca\/wp-content\/uploads\/2025\/01\/transplant.png 328w, https:\/\/pscpartners.ca\/wp-content\/uploads\/2025\/01\/transplant-300x300.png 300w, https:\/\/pscpartners.ca\/wp-content\/uploads\/2025\/01\/transplant-150x150.png 150w\" sizes=\"auto, (max-width: 328px) 100vw, 328px\" \/><\/figure>\n\n<\/div>\n\n\n<h3 class=\"gb-headline gb-headline-3620e15c gb-headline-text white-circle-text\"><a href=\"https:\/\/pscpartners.ca\/fr\/informations-sur-la-transplantation\/\">Transplantation&nbsp; h\u00e9patique<\/a><\/h3>\n\n<\/div>\n\n<div class=\"gb-container gb-container-b3843295 elements-item\">\n<div class=\"gb-container gb-container-098cb829\">\n\n<figure class=\"gb-block-image gb-block-image-5298800e\"><img loading=\"lazy\" decoding=\"async\" width=\"328\" height=\"328\" class=\"gb-image gb-image-5298800e image-shake\" src=\"https:\/\/pscpartners.ca\/wp-content\/uploads\/2025\/01\/caregivers.png\" alt=\"\" title=\"soignants\" srcset=\"https:\/\/pscpartners.ca\/wp-content\/uploads\/2025\/01\/caregivers.png 328w, https:\/\/pscpartners.ca\/wp-content\/uploads\/2025\/01\/caregivers-300x300.png 300w, https:\/\/pscpartners.ca\/wp-content\/uploads\/2025\/01\/caregivers-150x150.png 150w\" sizes=\"auto, (max-width: 328px) 100vw, 328px\" \/><\/figure>\n\n<\/div>\n\n\n<h3 class=\"gb-headline gb-headline-2de3cb77 gb-headline-text white-circle-text\"><a href=\"https:\/\/pscpartners.ca\/fr\/diagnostic-initial\/\">Aidants familiaux<br>et famille<\/a><\/h3>\n\n<\/div>\n<\/div>\n<\/div>\n<\/div>\n\n<div class=\"gb-container gb-container-28afcc56 psc-container\">\n<div class=\"gb-container gb-container-61d783f4\" data-aos=\"fade\">\n<div class=\"gb-container gb-container-4f3bbea9\">\n\n<h2 class=\"gb-headline gb-headline-cc56ce4b gb-headline-text\">Quel est l&rsquo;impact du COPS sur ma vie ?<\/h2>\n\n\n\n<p class=\"gb-headline gb-headline-39a0cc46 gb-headline-text\">La cholangite scl\u00e9rosante primitive (CSP) est une maladie chronique et progressive qui peut prendre des ann\u00e9es \u00e0 se d\u00e9velopper. De nombreuses personnes atteintes de CSP peuvent vivre pendant des ann\u00e9es sans subir de l\u00e9sions h\u00e9patiques importantes.<br><br>Bien qu&rsquo;il n&rsquo;existe actuellement aucun rem\u00e8de ni aucun traitement sp\u00e9cifique dont l&rsquo;efficacit\u00e9 a \u00e9t\u00e9 prouv\u00e9e pour arr\u00eater ou ralentir la progression de la CSP, il est recommand\u00e9 de se faire suivre r\u00e9guli\u00e8rement par son m\u00e9decin. Il existe des traitements et des interventions qui peuvent aider \u00e0 g\u00e9rer les sympt\u00f4mes de la CSP. <\/p>\n\n\n\n<p>Le parcours de chaque personne atteinte de la CSP est diff\u00e9rent. Vous pouvez \u00eatre atteint de la CSP seule ou en conjonction avec d&rsquo;autres probl\u00e8mes de sant\u00e9 tels que les MICI (colite ulc\u00e9reuse ou maladie de Crohn). La prise en charge des sympt\u00f4mes, l&rsquo;adaptation du mode de vie et le suivi r\u00e9gulier par un sp\u00e9cialiste de la CSP peuvent vous aider \u00e0 mener une vie \u00e9panouie.  <\/p>\n\n\n\n<ul class=\"wp-block-list list-item-style\">\n<li>La CSP est difficile \u00e0 diviser en stades clairs, comme c&rsquo;est le cas pour d&rsquo;autres maladies. Des probl\u00e8mes graves dans la CSP &#8211; comme l&rsquo;obstruction des voies biliaires &#8211; peuvent survenir avant m\u00eame que le foie ne soit cicatris\u00e9 (fibrose) ou gravement endommag\u00e9 (cirrhose). Certains cancers, comme le cancer des voies biliaires (CCA) et le cancer du c\u00f4lon (CRC), peuvent \u00e9galement se d\u00e9velopper \u00e0 n&rsquo;importe quel stade de la CSP.  <\/li>\n\n\n\n<li>L&rsquo;\u00e9volution de la CSP varie d&rsquo;une personne \u00e0 l&rsquo;autre. Certaines personnes pr\u00e9sentant des l\u00e9sions h\u00e9patiques l\u00e9g\u00e8res peuvent voir leur \u00e9tat s&rsquo;aggraver rapidement, tandis que d&rsquo;autres, dont les l\u00e9sions h\u00e9patiques sont plus avanc\u00e9es, peuvent rester stables et se sentir bien pendant des ann\u00e9es. En raison de cette impr\u00e9visibilit\u00e9, les m\u00e9decins ne s&rsquo;appuient pas uniquement sur les \u00ab\u00a0stades de la maladie\u00a0\u00bb pour prendre en charge la CSP. Ils s&rsquo;attachent plut\u00f4t \u00e0 \u00e9valuer le risque d&rsquo;\u00e9v\u00e9nements graves pour la sant\u00e9 de chaque personne, comme une insuffisance h\u00e9patique ou la n\u00e9cessit\u00e9 d&rsquo;une transplantation. Cette approche permet d&rsquo;orienter les soins de suivi et les d\u00e9cisions th\u00e9rapeutiques.    <\/li>\n\n\n\n<li>Get tips on managing daily <a href=\"https:\/\/pscpartners.ca\/fr\/desole-pour-la-gene-occasionnee\/\" data-type=\"page\" data-id=\"3650\">life with PSC<\/a>.<\/li>\n<\/ul>\n\n<\/div>\n\n<div class=\"gb-container gb-container-a6c5746a\">\n\n<figure class=\"gb-block-image gb-block-image-1df4bfdb\"><img loading=\"lazy\" decoding=\"async\" width=\"2560\" height=\"1707\" class=\"gb-image gb-image-1df4bfdb\" src=\"https:\/\/pscpartners.ca\/wp-content\/uploads\/2024\/12\/How-is-PSC-going-to_11zon_11zon-scaled.jpg\" alt=\"\" title=\"How is PSC going to_11zon_11zon\" srcset=\"https:\/\/pscpartners.ca\/wp-content\/uploads\/2024\/12\/How-is-PSC-going-to_11zon_11zon-scaled.jpg 2560w, https:\/\/pscpartners.ca\/wp-content\/uploads\/2024\/12\/How-is-PSC-going-to_11zon_11zon-300x200.jpg 300w, https:\/\/pscpartners.ca\/wp-content\/uploads\/2024\/12\/How-is-PSC-going-to_11zon_11zon-1024x683.jpg 1024w, https:\/\/pscpartners.ca\/wp-content\/uploads\/2024\/12\/How-is-PSC-going-to_11zon_11zon-768x512.jpg 768w, https:\/\/pscpartners.ca\/wp-content\/uploads\/2024\/12\/How-is-PSC-going-to_11zon_11zon-1536x1024.jpg 1536w, https:\/\/pscpartners.ca\/wp-content\/uploads\/2024\/12\/How-is-PSC-going-to_11zon_11zon-2048x1366.jpg 2048w\" sizes=\"auto, (max-width: 2560px) 100vw, 2560px\" \/><\/figure>\n\n<\/div>\n<\/div>\n<\/div>\n\n<div class=\"gb-container gb-container-c62f3b67 psc-container\">\n<div class=\"gb-container gb-container-fc08999a\" data-aos=\"fade-up\">\n<div class=\"gb-container gb-container-9c95e487\">\n\n<figure class=\"gb-block-image gb-block-image-e2d4f2dd\"><img loading=\"lazy\" decoding=\"async\" width=\"2560\" height=\"1707\" class=\"gb-image gb-image-e2d4f2dd\" src=\"https:\/\/pscpartners.ca\/wp-content\/uploads\/2024\/12\/How-can-I-identify-and-manage_11zon_11zon-scaled.webp\" alt=\"\" title=\"How-can-I-identify-and-manage_11zon_11zon\" srcset=\"https:\/\/pscpartners.ca\/wp-content\/uploads\/2024\/12\/How-can-I-identify-and-manage_11zon_11zon-scaled.webp 2560w, https:\/\/pscpartners.ca\/wp-content\/uploads\/2024\/12\/How-can-I-identify-and-manage_11zon_11zon-300x200.webp 300w, https:\/\/pscpartners.ca\/wp-content\/uploads\/2024\/12\/How-can-I-identify-and-manage_11zon_11zon-1024x683.webp 1024w, https:\/\/pscpartners.ca\/wp-content\/uploads\/2024\/12\/How-can-I-identify-and-manage_11zon_11zon-768x512.webp 768w, https:\/\/pscpartners.ca\/wp-content\/uploads\/2024\/12\/How-can-I-identify-and-manage_11zon_11zon-1536x1024.webp 1536w, https:\/\/pscpartners.ca\/wp-content\/uploads\/2024\/12\/How-can-I-identify-and-manage_11zon_11zon-2048x1366.webp 2048w\" sizes=\"auto, (max-width: 2560px) 100vw, 2560px\" \/><\/figure>\n\n<\/div>\n\n<div class=\"gb-container gb-container-4b2a396e\">\n\n<h2 class=\"gb-headline gb-headline-57059576 gb-headline-text\">Comment puis-je identifier et g\u00e9rer les sympt\u00f4mes de la CSP ?<\/h2>\n\n\n\n<p class=\"gb-headline gb-headline-c2c1d8fd gb-headline-text\">Les sympt\u00f4mes de la CSP varient d&rsquo;une personne \u00e0 l&rsquo;autre. Les sympt\u00f4mes les plus courants sont la fatigue, les d\u00e9mangeaisons et les signes de jaunisse. <\/p>\n\n\n\n<p class=\"gb-headline gb-headline-7e56ce28 gb-headline-text\">Pr\u00e8s de la moiti\u00e9 des adultes atteints de CSP pr\u00e9sentent des sympt\u00f4mes tels que la fatigue, des douleurs au ventre ou au foie, des d\u00e9mangeaisons (prurit) lorsqu&rsquo;ils sont diagnostiqu\u00e9s pour la premi\u00e8re fois. Les d\u00e9mangeaisons et les douleurs peuvent aller et venir, souvent en raison d&rsquo;une obstruction des voies biliaires ou d&rsquo;une infection du foie. Le fait de rester \u00e0 l&rsquo;\u00e9coute de vos rendez-vous m\u00e9dicaux peut vous aider \u00e0 identifier tout changement dans votre \u00e9tat de sant\u00e9. Informez votre m\u00e9decin si vous pr\u00e9sentez des sympt\u00f4mes et sachez quand demander de l&rsquo;aide. Si n\u00e9cessaire, il existe des m\u00e9dicaments qui peuvent aider \u00e0 soulager certains sympt\u00f4mes.    <\/p>\n\n\n\n<p class=\"gb-headline gb-headline-0fe1c852 gb-headline-text\">Comme toute maladie chronique, la CSP peut \u00e9galement affecter la sant\u00e9 mentale, provoquant des sentiments d&rsquo;anxi\u00e9t\u00e9 ou de tristesse. Les inqui\u00e9tudes concernant la cause de la CSP, l&rsquo;absence de traitement et le risque accru de complications peuvent ajouter au stress \u00e9motionnel. N&rsquo;h\u00e9sitez pas \u00e0 demander du soutien.  <\/p>\n\n\n\n<p class=\"gb-headline gb-headline-f7353a87 gb-headline-text\">Find out more about medical care and monitoring when <a href=\"https:\/\/pscpartners.ca\/fr\/desole-pour-la-gene-occasionnee\/\" data-type=\"page\" data-id=\"3650\">living with PSC<\/a>.<\/p>\n\n<\/div>\n<\/div>\n<\/div>\n\n<div class=\"gb-container gb-container-42cd965e psc-container\">\n<div class=\"gb-container gb-container-5b95cf55\" data-aos=\"fade-up\">\n<div class=\"gb-container gb-container-d4b2cb29\">\n\n<h2 class=\"gb-headline gb-headline-dde85f75 gb-headline-text\">Entrez en contact avec d&rsquo;autres personnes vivant avec la CSP<\/h2>\n\n\n\n<p class=\"gb-headline gb-headline-fbe1a0e1 gb-headline-text\">Partagez vos exp\u00e9riences ou apprenez des autres patients atteints de la CSP au Canada et dans le monde entier.<\/p>\n\n\n\n<ul class=\"wp-block-list list-item-style\">\n<li>Suivez les groupes de soutien de PSC Partners sur Facebook &#8211; <a href=\"https:\/\/www.facebook.com\/share\/g\/14XJ5msXGZ\/\" target=\"_blank\" rel=\"noreferrer noopener\">ouverts <\/a>et <a href=\"https:\/\/www.facebook.com\/share\/g\/12JHBXyDPYf\/\" target=\"_blank\" rel=\"noreferrer noopener\">ferm\u00e9s<\/a>.<\/li>\n\n\n\n<li>Participez \u00e0 des r\u00e9unions de soutien <a href=\"https:\/\/pscpartners.ca\/fr\/diagnostic-initial\/#peer-support-zoom-rooms\">virtuelles ZoomRoom entre pairs<\/a> ou assistez \u00e0 un <a href=\"https:\/\/pscpartners.ca\/fr\/diagnostic-initial\/#psc-partners-events\">\u00e9v\u00e9nement<\/a> pour nouer des contacts avec d&rsquo;autres personnes atteintes de la CSP.  <\/li>\n\n\n\n<li>Obtenez le point de vue de Canadiens <a href=\"\/#patient-stories\">vivant avec une CSP<\/a>.<\/li>\n\n\n\n<li>Les personnes vivant avec la CSP ou leurs soignants peuvent demander un <a href=\"https:\/\/pscpartners.ca\/fr\/diagnostic-initial\/\">mentor<\/a> communautaire.<\/li>\n<\/ul>\n\n\n\n<p class=\"gb-headline gb-headline-c4cc4c16 gb-headline-text psc-paragraph-p\">Faites partie de la solution<\/p>\n\n\n\n<ul class=\"wp-block-list list-item-style\">\n<li>Sign up for the <a href=\"https:\/\/pscpartners.ca\/fr\/registre-des-patients\/\">PSC Patient Registry<\/a> to help researchers in their pursuit of a cure<\/li>\n\n\n\n<li>Participate in a <a href=\"https:\/\/pscpartners.ca\/fr\/essais-cliniques\/\">clinical trial<\/a><\/li>\n<\/ul>\n\n<\/div>\n\n<div class=\"gb-container gb-container-32f038b5\">\n\n<figure class=\"gb-block-image gb-block-image-b705ab9b\"><img loading=\"lazy\" decoding=\"async\" width=\"2560\" height=\"1707\" class=\"gb-image gb-image-b705ab9b\" src=\"https:\/\/pscpartners.ca\/wp-content\/uploads\/2024\/12\/Connect-with-others_11zon-scaled.webp\" alt=\"\" title=\"Connect-with-others_11zon\" srcset=\"https:\/\/pscpartners.ca\/wp-content\/uploads\/2024\/12\/Connect-with-others_11zon-scaled.webp 2560w, https:\/\/pscpartners.ca\/wp-content\/uploads\/2024\/12\/Connect-with-others_11zon-300x200.webp 300w, https:\/\/pscpartners.ca\/wp-content\/uploads\/2024\/12\/Connect-with-others_11zon-1024x683.webp 1024w, https:\/\/pscpartners.ca\/wp-content\/uploads\/2024\/12\/Connect-with-others_11zon-768x512.webp 768w, https:\/\/pscpartners.ca\/wp-content\/uploads\/2024\/12\/Connect-with-others_11zon-1536x1024.webp 1536w, https:\/\/pscpartners.ca\/wp-content\/uploads\/2024\/12\/Connect-with-others_11zon-2048x1366.webp 2048w\" sizes=\"auto, (max-width: 2560px) 100vw, 2560px\" \/><\/figure>\n\n<\/div>\n<\/div>\n<\/div>\n\n<div class=\"gb-container gb-container-0277badf\">\n<div class=\"gb-container gb-container-47ebe5e8 psc-container\">\n<div class=\"gb-container gb-container-7d3b8774\" data-aos=\"fade-up\">\n\n<h2 class=\"gb-headline gb-headline-3f9c58ad gb-headline-text\">Faits marquants sur le CSP<\/h2>\n\n<\/div>\n\n<div class=\"gb-container gb-container-00df74ef\" data-aos=\"fade-up\">\n\n<ul class=\"wp-block-list list-item-style\">\n<li>La CSP n&rsquo;est pas due \u00e0 la consommation d&rsquo;alcool.<\/li>\n\n\n\n<li>La CSP n&rsquo;est pas contagieuse et ne peut \u00eatre transmise par le toucher, les baisers, l&rsquo;activit\u00e9 sexuelle ou les transfusions sanguines.<\/li>\n\n\n\n<li>Environ 75 % des personnes atteintes de la CSP souffrent \u00e9galement d&rsquo;une maladie inflammatoire de l&rsquo;intestin (MII). La CSP a \u00e9galement \u00e9t\u00e9 associ\u00e9e \u00e0 d&rsquo;autres maladies auto-immunes. <\/li>\n\n\n\n<li>Le d\u00e9lai moyen entre le diagnostic et la transplantation h\u00e9patique est de 15 \u00e0 20 ans. Certains patients ont besoin d&rsquo;une transplantation plus t\u00f4t, d&rsquo;autres n&rsquo;en ont jamais besoin. <\/li>\n\n\n\n<li>Les personnes atteintes de la CSP peuvent d\u00e9velopper des infections des voies biliaires. C&rsquo;est ce qu&rsquo;on appelle une crise de cholangite ou une cholangite aigu\u00eb, qui n\u00e9cessite une prise en charge m\u00e9dicale imm\u00e9diate. <\/li>\n\n\n\n<li>La CSP peut entra\u00eener des difficult\u00e9s \u00e0 absorber certaines vitamines (comme les vitamines A, D, E et K) dans les aliments, car la CSP affecte la fa\u00e7on dont la bile aide l&rsquo;organisme \u00e0 dig\u00e9rer les graisses, qui sont n\u00e9cessaires \u00e0 l&rsquo;absorption de ces vitamines.<\/li>\n\n\n\n<li>Les personnes atteintes de la CSP ont un risque plus \u00e9lev\u00e9 de d\u00e9velopper certains cancers tels que le cancer des voies biliaires, le cancer du c\u00f4lon, le cancer de la v\u00e9sicule biliaire ou le cancer du foie, et la surveillance des signes de cancer fait partie des soins m\u00e9dicaux continus de la CSP.<\/li>\n<\/ul>\n\n<\/div>\n<\/div>\n<\/div>\n\n<div class=\"gb-container gb-container-bddfab70\">\n<div class=\"gb-container gb-container-88a3a5de psc-container\" data-aos=\"fade-up\">\n<div class=\"gb-container gb-container-30182ffb\">\n\n<h2 class=\"gb-headline gb-headline-da7ac9c4 gb-headline-text\"><span class=\"short-underline\">Ressources<\/span> connexes<\/h2>\n\n<\/div>\n\n<div class=\"gb-container gb-container-ad52abac\">\n\n\n<\/div>\n\n<div class=\"gb-container gb-container-70458ae7\" data-aos=\"fade-up\">\n\n<a class=\"gb-button gb-button-a0e766ac gb-button-text psc-paragraph-p read-more\" href=\"https:\/\/pscpartners.ca\/fr\/ressources\/\">View all Resources<\/a>\n\n<\/div>\n<\/div>\n<\/div>\n\n<div class=\"gb-container gb-container-8d93e7b3\">\n<div class=\"gb-container gb-container-ee18ee93 psc-container\" data-aos=\"fade-up\">\n\n<h2 class=\"gb-headline gb-headline-2a7b2b2d gb-headline-text\">Quelle est la prochaine \u00e9tape ?<\/h2>\n\n\n<div class=\"gb-container gb-container-b093e228 container-elements\">\n<div class=\"gb-container gb-container-2a9912a3 elements-item\">\n<div class=\"gb-container gb-container-b0a3530c\">\n\n<figure class=\"gb-block-image gb-block-image-a050aec8\"><img loading=\"lazy\" decoding=\"async\" width=\"328\" height=\"328\" class=\"gb-image gb-image-a050aec8 image-shake\" src=\"https:\/\/pscpartners.ca\/wp-content\/uploads\/2025\/01\/initial.png\" alt=\"\" title=\"initial\" srcset=\"https:\/\/pscpartners.ca\/wp-content\/uploads\/2025\/01\/initial.png 328w, https:\/\/pscpartners.ca\/wp-content\/uploads\/2025\/01\/initial-300x300.png 300w, https:\/\/pscpartners.ca\/wp-content\/uploads\/2025\/01\/initial-150x150.png 150w\" sizes=\"auto, (max-width: 328px) 100vw, 328px\" \/><\/figure>\n\n<\/div>\n\n\n<h3 class=\"gb-headline gb-headline-25f051d9 gb-headline-text white-circle-text\"><a href=\"https:\/\/pscpartners.ca\/fr\/diagnostic-initial\/\">Diagnostic initial<\/a><\/h3>\n\n<\/div>\n\n<div class=\"gb-container gb-container-66a3e658 elements-item\">\n<div class=\"gb-container gb-container-cdb6404a\">\n\n<figure class=\"gb-block-image gb-block-image-d8ede995\"><img loading=\"lazy\" decoding=\"async\" width=\"328\" height=\"328\" class=\"gb-image gb-image-d8ede995 image-shake\" src=\"https:\/\/pscpartners.ca\/wp-content\/uploads\/2025\/01\/living.png\" alt=\"\" title=\"vivant\" srcset=\"https:\/\/pscpartners.ca\/wp-content\/uploads\/2025\/01\/living.png 328w, https:\/\/pscpartners.ca\/wp-content\/uploads\/2025\/01\/living-300x300.png 300w, https:\/\/pscpartners.ca\/wp-content\/uploads\/2025\/01\/living-150x150.png 150w\" sizes=\"auto, (max-width: 328px) 100vw, 328px\" \/><\/figure>\n\n<\/div>\n\n\n<h3 class=\"gb-headline gb-headline-8153c63c gb-headline-text white-circle-text\"><a href=\"https:\/\/pscpartners.ca\/fr\/diagnostic-initial\/\">Vivre<br>avec le CSP<\/a><\/h3>\n\n<\/div>\n\n<div class=\"gb-container gb-container-92e1d38a elements-item\">\n<div class=\"gb-container gb-container-a91c83e0\">\n\n<figure class=\"gb-block-image gb-block-image-87d573a3\"><img loading=\"lazy\" decoding=\"async\" width=\"328\" height=\"328\" class=\"gb-image gb-image-87d573a3 image-shake\" src=\"https:\/\/pscpartners.ca\/wp-content\/uploads\/2025\/01\/advancing.png\" alt=\"\" title=\"avancer\" srcset=\"https:\/\/pscpartners.ca\/wp-content\/uploads\/2025\/01\/advancing.png 328w, https:\/\/pscpartners.ca\/wp-content\/uploads\/2025\/01\/advancing-300x300.png 300w, https:\/\/pscpartners.ca\/wp-content\/uploads\/2025\/01\/advancing-150x150.png 150w\" sizes=\"auto, (max-width: 328px) 100vw, 328px\" \/><\/figure>\n\n<\/div>\n\n\n<h3 class=\"gb-headline gb-headline-8d0ad890 gb-headline-text white-circle-text\"><a href=\"https:\/\/pscpartners.ca\/fr\/diagnostic-initial\/\">Progresser avec le CSP<\/a><\/h3>\n\n<\/div>\n\n<div class=\"gb-container gb-container-1afb91a9 elements-item\">\n<div class=\"gb-container gb-container-949d0369\">\n\n<figure class=\"gb-block-image gb-block-image-3ee9873b\"><img loading=\"lazy\" decoding=\"async\" width=\"328\" height=\"328\" class=\"gb-image gb-image-3ee9873b image-shake\" src=\"https:\/\/pscpartners.ca\/wp-content\/uploads\/2025\/01\/transplant.png\" alt=\"\" title=\"transplantation\" srcset=\"https:\/\/pscpartners.ca\/wp-content\/uploads\/2025\/01\/transplant.png 328w, https:\/\/pscpartners.ca\/wp-content\/uploads\/2025\/01\/transplant-300x300.png 300w, https:\/\/pscpartners.ca\/wp-content\/uploads\/2025\/01\/transplant-150x150.png 150w\" sizes=\"auto, (max-width: 328px) 100vw, 328px\" \/><\/figure>\n\n<\/div>\n\n\n<h3 class=\"gb-headline gb-headline-8548b4a7 gb-headline-text white-circle-text\"><a href=\"https:\/\/pscpartners.ca\/fr\/diagnostic-initial\/\">Transplantation&nbsp; h\u00e9patique<\/a><\/h3>\n\n<\/div>\n\n<div class=\"gb-container gb-container-fe070a7f elements-item\">\n<div class=\"gb-container gb-container-7ea55ef5\">\n\n<figure class=\"gb-block-image gb-block-image-c4d539d2\"><img loading=\"lazy\" decoding=\"async\" width=\"328\" height=\"328\" class=\"gb-image gb-image-c4d539d2 image-shake\" src=\"https:\/\/pscpartners.ca\/wp-content\/uploads\/2025\/01\/caregivers.png\" alt=\"\" title=\"soignants\" srcset=\"https:\/\/pscpartners.ca\/wp-content\/uploads\/2025\/01\/caregivers.png 328w, https:\/\/pscpartners.ca\/wp-content\/uploads\/2025\/01\/caregivers-300x300.png 300w, https:\/\/pscpartners.ca\/wp-content\/uploads\/2025\/01\/caregivers-150x150.png 150w\" sizes=\"auto, (max-width: 328px) 100vw, 328px\" \/><\/figure>\n\n<\/div>\n\n\n<h3 class=\"gb-headline gb-headline-efd5ca99 gb-headline-text white-circle-text\"><a href=\"https:\/\/pscpartners.ca\/fr\/diagnostic-initial\/\">Aidants familiaux<br>et famille<\/a><\/h3>\n\n<\/div>\n<\/div>\n<\/div>\n<\/div>","protected":false},"excerpt":{"rendered":"<p>Vivre avec le CSP La gestion de la vie quotidienne avec la CSP peut \u00eatre un d\u00e9fi, mais avec les bonnes strat\u00e9gies, vous pouvez maintenir une meilleure qualit\u00e9 de vie. Quel est l&rsquo;impact du COPS sur ma vie ? La cholangite scl\u00e9rosante primitive (CSP) est une maladie chronique et progressive qui peut prendre des ann\u00e9es &#8230; <a title=\"Vivre avec une CSP\" class=\"read-more\" href=\"https:\/\/pscpartners.ca\/fr\/vivre-avec-le-csp\/\" aria-label=\"En savoir plus sur Vivre avec une CSP\">Lire plus<\/a><\/p>\n","protected":false},"author":1,"featured_media":0,"parent":0,"menu_order":0,"comment_status":"closed","ping_status":"closed","template":"","meta":{"_acf_changed":false,"_seopress_robots_primary_cat":"","_seopress_titles_title":"G\u00e9rer les sympt\u00f4mes de la CSP pour une meilleure qualit\u00e9 de vie","_seopress_titles_desc":"Apprenez \u00e0 g\u00e9rer les sympt\u00f4mes de la CSP, \u00e0 adapter votre mode de vie et \u00e0 maintenir votre qualit\u00e9 de vie gr\u00e2ce aux conseils et au soutien des communaut\u00e9s de la CSP du monde entier.","_seopress_robots_index":"","footnotes":""},"class_list":["post-2632","page","type-page","status-publish"],"acf":[],"_links":{"self":[{"href":"https:\/\/pscpartners.ca\/fr\/wp-json\/wp\/v2\/pages\/2632","targetHints":{"allow":["GET"]}}],"collection":[{"href":"https:\/\/pscpartners.ca\/fr\/wp-json\/wp\/v2\/pages"}],"about":[{"href":"https:\/\/pscpartners.ca\/fr\/wp-json\/wp\/v2\/types\/page"}],"author":[{"embeddable":true,"href":"https:\/\/pscpartners.ca\/fr\/wp-json\/wp\/v2\/users\/1"}],"replies":[{"embeddable":true,"href":"https:\/\/pscpartners.ca\/fr\/wp-json\/wp\/v2\/comments?post=2632"}],"version-history":[{"count":32,"href":"https:\/\/pscpartners.ca\/fr\/wp-json\/wp\/v2\/pages\/2632\/revisions"}],"predecessor-version":[{"id":6986,"href":"https:\/\/pscpartners.ca\/fr\/wp-json\/wp\/v2\/pages\/2632\/revisions\/6986"}],"wp:attachment":[{"href":"https:\/\/pscpartners.ca\/fr\/wp-json\/wp\/v2\/media?parent=2632"}],"curies":[{"name":"wp","href":"https:\/\/api.w.org\/{rel}","templated":true}]}}