{"id":2580,"date":"2024-12-23T12:03:55","date_gmt":"2024-12-23T12:03:55","guid":{"rendered":"https:\/\/pscpartners.ca\/diagnostic-initial\/"},"modified":"2025-11-26T14:57:45","modified_gmt":"2025-11-26T19:57:45","slug":"diagnostic-initial","status":"publish","type":"page","link":"https:\/\/pscpartners.ca\/fr\/diagnostic-initial\/","title":{"rendered":"Diagnostic initial"},"content":{"rendered":"<div class=\"gb-container gb-container-f19a5ea8\">\n<div class=\"gb-container gb-container-5de04d13 banner-caregivers-page\">\n<div class=\"gb-container gb-container-43cf88a7 banner-content\" data-aos=\"fade-up\">\n\n<h1 class=\"gb-headline gb-headline-ce225a68 gb-headline-text psc-heading-h6 heading-section\"><span class=\"get-involved-underline\">Diagnostic initial<\/span><\/h1>\n\n\n\n<p class=\"gb-headline gb-headline-5170247a gb-headline-text\">Un diagnostic de CSP peut \u00eatre d\u00e9courageant. Partenaires CSP Canada offre des ressources et du soutien pour vous aider \u00e0 naviguer dans cette maladie. <\/p>\n\n<\/div>\n\n<div class=\"gb-container gb-container-4e8fa485 get-involved-banner \">\n\n<figure class=\"gb-block-image gb-block-image-e3e31fd7\"><img loading=\"lazy\" decoding=\"async\" width=\"1245\" height=\"751\" class=\"gb-image gb-image-e3e31fd7\" src=\"https:\/\/pscpartners.ca\/wp-content\/uploads\/2025\/01\/PSC-homepage-photo-1.jpg\" alt=\"\" title=\"PSC-homepage-photo\" srcset=\"https:\/\/pscpartners.ca\/wp-content\/uploads\/2025\/01\/PSC-homepage-photo-1.jpg 1245w, https:\/\/pscpartners.ca\/wp-content\/uploads\/2025\/01\/PSC-homepage-photo-1-300x181.jpg 300w, https:\/\/pscpartners.ca\/wp-content\/uploads\/2025\/01\/PSC-homepage-photo-1-1024x618.jpg 1024w, https:\/\/pscpartners.ca\/wp-content\/uploads\/2025\/01\/PSC-homepage-photo-1-768x463.jpg 768w\" sizes=\"auto, (max-width: 1245px) 100vw, 1245px\" \/><\/figure>\n\n<\/div>\n<\/div>\n<\/div>\n\n<div class=\"gb-container gb-container-2a77173a\">\n<div class=\"gb-container gb-container-0566ffe0 psc-container\" data-aos=\"fade-up\">\n<div class=\"gb-container gb-container-170a7bfa container-elements\">\n<div class=\"gb-container gb-container-fe112849 elements-item\">\n<div class=\"gb-container gb-container-695408da\">\n\n<figure class=\"gb-block-image gb-block-image-9168fa7c\"><img loading=\"lazy\" decoding=\"async\" width=\"328\" height=\"328\" class=\"gb-image gb-image-9168fa7c image-shake\" src=\"https:\/\/pscpartners.ca\/wp-content\/uploads\/2025\/01\/initial.png\" alt=\"\" title=\"initial\" srcset=\"https:\/\/pscpartners.ca\/wp-content\/uploads\/2025\/01\/initial.png 328w, https:\/\/pscpartners.ca\/wp-content\/uploads\/2025\/01\/initial-300x300.png 300w, https:\/\/pscpartners.ca\/wp-content\/uploads\/2025\/01\/initial-150x150.png 150w\" sizes=\"auto, (max-width: 328px) 100vw, 328px\" \/><\/figure>\n\n<\/div>\n\n\n<h3 class=\"gb-headline gb-headline-9992df53 gb-headline-text white-circle-text\"><a href=\"https:\/\/pscpartners.ca\/fr\/diagnostic-initial\/\">Diagnostic initial<\/a><\/h3>\n\n<\/div>\n\n<div class=\"gb-container gb-container-41a2c3e7 elements-item\">\n<div class=\"gb-container gb-container-bb01425d\">\n\n<figure class=\"gb-block-image gb-block-image-01900e15\"><img loading=\"lazy\" decoding=\"async\" width=\"328\" height=\"328\" class=\"gb-image gb-image-01900e15 image-shake\" src=\"https:\/\/pscpartners.ca\/wp-content\/uploads\/2025\/01\/living.png\" alt=\"\" title=\"vivant\" srcset=\"https:\/\/pscpartners.ca\/wp-content\/uploads\/2025\/01\/living.png 328w, https:\/\/pscpartners.ca\/wp-content\/uploads\/2025\/01\/living-300x300.png 300w, https:\/\/pscpartners.ca\/wp-content\/uploads\/2025\/01\/living-150x150.png 150w\" sizes=\"auto, (max-width: 328px) 100vw, 328px\" \/><\/figure>\n\n<\/div>\n\n\n<h3 class=\"gb-headline gb-headline-d2e654e3 gb-headline-text white-circle-text\"><a href=\"https:\/\/pscpartners.ca\/fr\/diagnostic-initial\/\">Vivre<br>avec le CSP<\/a><\/h3>\n\n<\/div>\n\n<div class=\"gb-container gb-container-6a2a57e4 elements-item\">\n<div class=\"gb-container gb-container-372be8e4\">\n\n<figure class=\"gb-block-image gb-block-image-4a48c8db\"><img loading=\"lazy\" decoding=\"async\" width=\"328\" height=\"328\" class=\"gb-image gb-image-4a48c8db image-shake\" src=\"https:\/\/pscpartners.ca\/wp-content\/uploads\/2025\/01\/advancing.png\" alt=\"\" title=\"avancer\" srcset=\"https:\/\/pscpartners.ca\/wp-content\/uploads\/2025\/01\/advancing.png 328w, https:\/\/pscpartners.ca\/wp-content\/uploads\/2025\/01\/advancing-300x300.png 300w, https:\/\/pscpartners.ca\/wp-content\/uploads\/2025\/01\/advancing-150x150.png 150w\" sizes=\"auto, (max-width: 328px) 100vw, 328px\" \/><\/figure>\n\n<\/div>\n\n\n<h3 class=\"gb-headline gb-headline-136647bf gb-headline-text white-circle-text\"><a href=\"https:\/\/pscpartners.ca\/fr\/diagnostic-initial\/\">Progresser avec le CSP<\/a><\/h3>\n\n<\/div>\n\n<div class=\"gb-container gb-container-1ab4090b elements-item\">\n<div class=\"gb-container gb-container-ffaf9436\">\n\n<figure class=\"gb-block-image gb-block-image-380c1f26\"><img loading=\"lazy\" decoding=\"async\" width=\"328\" height=\"328\" class=\"gb-image gb-image-380c1f26 image-shake\" src=\"https:\/\/pscpartners.ca\/wp-content\/uploads\/2025\/01\/transplant.png\" alt=\"\" title=\"transplantation\" srcset=\"https:\/\/pscpartners.ca\/wp-content\/uploads\/2025\/01\/transplant.png 328w, https:\/\/pscpartners.ca\/wp-content\/uploads\/2025\/01\/transplant-300x300.png 300w, https:\/\/pscpartners.ca\/wp-content\/uploads\/2025\/01\/transplant-150x150.png 150w\" sizes=\"auto, (max-width: 328px) 100vw, 328px\" \/><\/figure>\n\n<\/div>\n\n\n<h3 class=\"gb-headline gb-headline-3620e15c gb-headline-text white-circle-text\"><a href=\"https:\/\/pscpartners.ca\/fr\/informations-sur-la-transplantation\/\">Transplantation&nbsp; h\u00e9patique<\/a><\/h3>\n\n<\/div>\n\n<div class=\"gb-container gb-container-b3843295 elements-item\">\n<div class=\"gb-container gb-container-098cb829\">\n\n<figure class=\"gb-block-image gb-block-image-5298800e\"><img loading=\"lazy\" decoding=\"async\" width=\"328\" height=\"328\" class=\"gb-image gb-image-5298800e image-shake\" src=\"https:\/\/pscpartners.ca\/wp-content\/uploads\/2025\/01\/caregivers.png\" alt=\"\" title=\"soignants\" srcset=\"https:\/\/pscpartners.ca\/wp-content\/uploads\/2025\/01\/caregivers.png 328w, https:\/\/pscpartners.ca\/wp-content\/uploads\/2025\/01\/caregivers-300x300.png 300w, https:\/\/pscpartners.ca\/wp-content\/uploads\/2025\/01\/caregivers-150x150.png 150w\" sizes=\"auto, (max-width: 328px) 100vw, 328px\" \/><\/figure>\n\n<\/div>\n\n\n<h3 class=\"gb-headline gb-headline-2de3cb77 gb-headline-text white-circle-text\"><a href=\"https:\/\/pscpartners.ca\/fr\/diagnostic-initial\/\">Aidants familiaux<br>et famille<\/a><\/h3>\n\n<\/div>\n<\/div>\n<\/div>\n<\/div>\n\n<div class=\"gb-container gb-container-28afcc56 psc-container\">\n<div class=\"gb-container gb-container-61d783f4\" data-aos=\"fade-up\">\n<div class=\"gb-container gb-container-4f3bbea9\">\n\n<h2 class=\"gb-headline gb-headline-cc56ce4b gb-headline-text\">Qu&rsquo;est-ce que la cholangite scl\u00e9rosante primitive&nbsp;?<\/h2>\n\n\n\n<p class=\"gb-headline gb-headline-39a0cc46 gb-headline-text\">La cholangite scl\u00e9rosante primitive (CSP) est une maladie rare du foie qui endommage les voies biliaires \u00e0 l&rsquo;int\u00e9rieur et \u00e0 l&rsquo;ext\u00e9rieur du foie. L&rsquo;inflammation se produit dans les canaux biliaires, ce qui entra\u00eene leur cicatrisation et leur r\u00e9tr\u00e9cissement jusqu&rsquo;\u00e0 ce qu&rsquo;ils finissent par s&rsquo;obstruer. Ces blocages emp\u00eachent l&rsquo;\u00e9coulement de la bile, n\u00e9cessaire \u00e0 la digestion. La bile \u00e9tant pi\u00e9g\u00e9e dans le foie, ce dernier est endommag\u00e9. Avec le temps, cela peut provoquer une fibrose et une cirrhose du foie et, finalement, une insuffisance h\u00e9patique.    <br><br>L&rsquo;\u00e9volution de la CSP diff\u00e8re d&rsquo;une personne \u00e0 l&rsquo;autre, mais il est utile de conna\u00eetre les faits de base. Partenaires CSP Canada offre des ressources et du soutien pour vous aider \u00e0 comprendre la maladie. <br><br>En savoir <a href=\"https:\/\/pscpartners.ca\/fr\/desole-pour-la-gene-occasionnee\/\" data-type=\"page\" data-id=\"3650\">plus sur le CSP<\/a><\/p>\n\n<\/div>\n\n<div class=\"gb-container gb-container-a6c5746a\">\n\n<figure class=\"gb-block-image gb-block-image-1df4bfdb\"><img loading=\"lazy\" decoding=\"async\" width=\"471\" height=\"467\" class=\"gb-image gb-image-1df4bfdb\" src=\"https:\/\/pscpartners.ca\/wp-content\/uploads\/2025\/01\/What-is-PSC_-1.jpg\" alt=\"\" title=\"Qu'est-ce que le CSP ?\" srcset=\"https:\/\/pscpartners.ca\/wp-content\/uploads\/2025\/01\/What-is-PSC_-1.jpg 471w, https:\/\/pscpartners.ca\/wp-content\/uploads\/2025\/01\/What-is-PSC_-1-300x297.jpg 300w, https:\/\/pscpartners.ca\/wp-content\/uploads\/2025\/01\/What-is-PSC_-1-150x150.jpg 150w\" sizes=\"auto, (max-width: 471px) 100vw, 471px\" \/><\/figure>\n\n<\/div>\n<\/div>\n<\/div>\n\n<div class=\"gb-container gb-container-c62f3b67 psc-container\">\n<div class=\"gb-container gb-container-fc08999a initial-diagnosis-container-wrapper\" data-aos=\"fade-up\">\n<div class=\"gb-container gb-container-9c95e487\">\n\n<figure class=\"gb-block-image gb-block-image-e2d4f2dd\"><img loading=\"lazy\" decoding=\"async\" width=\"500\" height=\"500\" class=\"gb-image gb-image-e2d4f2dd\" src=\"https:\/\/pscpartners.ca\/wp-content\/uploads\/2025\/01\/How-is-PSC-Diagnosed-1-1.jpg\" alt=\"\" title=\"Comment la CSP est-elle diagnostiqu\u00e9e (1) (1)\" srcset=\"https:\/\/pscpartners.ca\/wp-content\/uploads\/2025\/01\/How-is-PSC-Diagnosed-1-1.jpg 500w, https:\/\/pscpartners.ca\/wp-content\/uploads\/2025\/01\/How-is-PSC-Diagnosed-1-1-300x300.jpg 300w, https:\/\/pscpartners.ca\/wp-content\/uploads\/2025\/01\/How-is-PSC-Diagnosed-1-1-150x150.jpg 150w\" sizes=\"auto, (max-width: 500px) 100vw, 500px\" \/><\/figure>\n\n<\/div>\n\n<div class=\"gb-container gb-container-4b2a396e\">\n\n<h2 class=\"gb-headline gb-headline-57059576 gb-headline-text\">Comment la CSP <span class=\"small-circle-4\">est-elle<\/span> diagnostiqu\u00e9e&nbsp;?<\/h2>\n\n\n\n<p class=\"gb-headline gb-headline-c2c1d8fd gb-headline-text\">La CSP peut \u00eatre diagnostiqu\u00e9e \u00e0 diff\u00e9rents stades d&rsquo;\u00e9volution, en fonction de la mani\u00e8re dont la personne atteinte ressent les sympt\u00f4mes ou si elle est suivie de pr\u00e8s par un m\u00e9decin pour d&rsquo;autres raisons. De nombreuses personnes ne sont pas diagnostiqu\u00e9es pendant des ann\u00e9es et ne d\u00e9couvrent un probl\u00e8me qu&rsquo;\u00e0 l&rsquo;occasion d&rsquo;une analyse sanguine de routine du foie. D&rsquo;autres sont diagnostiqu\u00e9es parce qu&rsquo;elles pr\u00e9sentent des sympt\u00f4mes li\u00e9s \u00e0 la CSP, m\u00eame si leur CSP n&rsquo;en est encore qu&rsquo;\u00e0 un stade pr\u00e9coce. D&rsquo;autres encore seront diagnostiqu\u00e9es parce qu&rsquo;elles sont atteintes d&rsquo;une CSP avanc\u00e9e et que les sympt\u00f4mes de la CSP avanc\u00e9e ont commenc\u00e9 \u00e0 se manifester.   <br><br>Lorsque la CSP est suspect\u00e9e, le m\u00e9decin suit une proc\u00e9dure pour confirmer le diagnostic. Voici comment cela se passe g\u00e9n\u00e9ralement : <\/p>\n\n\n\n<ul class=\"wp-block-list list-item-style\">\n<li>Examen initial : Le m\u00e9decin commence par examiner les ant\u00e9c\u00e9dents m\u00e9dicaux du patient, lui pose des questions sur ses sympt\u00f4mes et proc\u00e8de \u00e0 un examen physique. Il proc\u00e8de \u00e9galement \u00e0 des analyses de sang pour v\u00e9rifier le bon fonctionnement du foie. <\/li>\n\n\n\n<li>Examen d&rsquo;imagerie (MRCP) : Un type sp\u00e9cial d&rsquo;IRM, appel\u00e9 MRCP, est effectu\u00e9 pour donner une image d\u00e9taill\u00e9e des voies biliaires. Si l&rsquo;examen r\u00e9v\u00e8le un r\u00e9tr\u00e9cissement ou un blocage (appel\u00e9 \u00ab\u00a0st\u00e9nose\u00a0\u00bb) des voies biliaires &#8211; et si les m\u00e9decins excluent d&rsquo;autres causes possibles &#8211; cela suffit g\u00e9n\u00e9ralement \u00e0 diagnostiquer la CSP. <\/li>\n\n\n\n<li>Des r\u00e9sultats d&rsquo;examen peu clairs : Si les r\u00e9sultats du scanner ne sont pas clairs, il se peut que l&rsquo;on proc\u00e8de \u00e0 un nouveau scanner dans un an environ ou que l&rsquo;on pr\u00e9l\u00e8ve un petit \u00e9chantillon de tissu h\u00e9patique (appel\u00e9 biopsie) afin d&rsquo;obtenir davantage d&rsquo;informations.<\/li>\n\n\n\n<li>Scanner normal mais sympt\u00f4mes persistants : Si le scanner semble normal mais que le patient pr\u00e9sente toujours des signes de maladie du foie, une biopsie du foie peut \u00eatre pratiqu\u00e9e. Cela permet aux m\u00e9decins de v\u00e9rifier s&rsquo;il s&rsquo;agit d&rsquo;une \u00ab\u00a0CSP de petite taille\u00a0\u00bb (une forme moins courante de la maladie) ou de voir si quelque chose d&rsquo;autre pourrait \u00eatre \u00e0 l&rsquo;origine des sympt\u00f4mes. <\/li>\n<\/ul>\n\n<\/div>\n<\/div>\n<\/div>\n\n<div class=\"gb-container gb-container-0ef118ce psc-container\">\n<div class=\"gb-container gb-container-6060a41b initial-diagnosis-container-wrapper\" data-aos=\"fade-up\">\n<div class=\"gb-container gb-container-952fe6b5\">\n\n<h2 class=\"gb-headline gb-headline-9ec9efaa gb-headline-text\">\u00c0 quoi dois-je m&rsquo;attendre lorsqu&rsquo;on me diagnostique une CSP&nbsp;?<\/h2>\n\n\n\n<p class=\"gb-headline gb-headline-f5a0ecd6 gb-headline-text\">Le parcours d&rsquo;une personne atteinte de la CSP est diff\u00e9rent pour chacun. En g\u00e9n\u00e9ral, la CSP est une maladie chronique \u00e9volutive pour laquelle il n&rsquo;existe actuellement aucun traitement qui se soit av\u00e9r\u00e9 efficace pour ralentir la progression de la CSP ou pour la gu\u00e9rir. Il existe cependant des traitements et des interventions m\u00e9dicales qui peuvent aider \u00e0 soulager les sympt\u00f4mes ou les complications li\u00e9s \u00e0 la CSP.  <br><br>Il n&rsquo;est pas facile de pr\u00e9dire le taux de progression d&rsquo;une personne donn\u00e9e. En r\u00e8gle g\u00e9n\u00e9rale, la CSP \u00e9volue lentement, les \u00e9tudes actuelles estimant \u00e0 15-20 ans le d\u00e9lai moyen entre le diagnostic et la transplantation h\u00e9patique. <br><br>Vous pouvez pr\u00e9senter des sympt\u00f4mes tels que des douleurs abdominales, des d\u00e9mangeaisons ou de la fatigue, ou ne pr\u00e9senter aucun sympt\u00f4me. Il est important de vous familiariser avec la maladie pour reconna\u00eetre les signes de la CSP. Une complication qu&rsquo;il est important de conna\u00eetre est la cholangite aigu\u00eb, une infection bact\u00e9rienne des voies biliaires, qui peut se d\u00e9velopper \u00e0 n&rsquo;importe quel stade de la CSP et n\u00e9cessite un traitement rapide.  <br><br>En savoir plus sur les <a href=\"https:\/\/pscpartners.ca\/fr\/desole-pour-la-gene-occasionnee\/\" data-type=\"page\" data-id=\"3650\">sympt\u00f4mes de la CSP<\/a>. En savoir plus sur les <a href=\"https:\/\/pscpartners.ca\/fr\/desole-pour-la-gene-occasionnee\/\" data-type=\"page\" data-id=\"3650\">complications de la CSP<\/a>. <\/p>\n\n<\/div>\n\n<div class=\"gb-container gb-container-3637c1b6\">\n\n<figure class=\"gb-block-image gb-block-image-bda1f32f\"><img loading=\"lazy\" decoding=\"async\" width=\"500\" height=\"500\" class=\"gb-image gb-image-bda1f32f\" src=\"https:\/\/pscpartners.ca\/wp-content\/uploads\/2025\/01\/What-should-I-expect_.jpg\" alt=\"\" title=\"\u00c0 quoi dois-je m'attendre ?\" srcset=\"https:\/\/pscpartners.ca\/wp-content\/uploads\/2025\/01\/What-should-I-expect_.jpg 500w, https:\/\/pscpartners.ca\/wp-content\/uploads\/2025\/01\/What-should-I-expect_-300x300.jpg 300w, https:\/\/pscpartners.ca\/wp-content\/uploads\/2025\/01\/What-should-I-expect_-150x150.jpg 150w\" sizes=\"auto, (max-width: 500px) 100vw, 500px\" \/><\/figure>\n\n<\/div>\n<\/div>\n<\/div>\n\n<div class=\"gb-container gb-container-43c62e81 psc-container\">\n<div class=\"gb-container gb-container-158f7437 initial-diagnosis-container-wrapper\" data-aos=\"fade-up\">\n<div class=\"gb-container gb-container-8f19fd75\">\n\n<figure class=\"gb-block-image gb-block-image-2e9616de\"><img loading=\"lazy\" decoding=\"async\" width=\"500\" height=\"500\" class=\"gb-image gb-image-2e9616de\" src=\"https:\/\/pscpartners.ca\/wp-content\/uploads\/2025\/01\/Find-a-Support-Community-1.jpg\" alt=\"\" title=\"Trouver une communaut\u00e9 de soutien (1)\" srcset=\"https:\/\/pscpartners.ca\/wp-content\/uploads\/2025\/01\/Find-a-Support-Community-1.jpg 500w, https:\/\/pscpartners.ca\/wp-content\/uploads\/2025\/01\/Find-a-Support-Community-1-300x300.jpg 300w, https:\/\/pscpartners.ca\/wp-content\/uploads\/2025\/01\/Find-a-Support-Community-1-150x150.jpg 150w\" sizes=\"auto, (max-width: 500px) 100vw, 500px\" \/><\/figure>\n\n<\/div>\n\n<div class=\"gb-container gb-container-214524a2\">\n\n<h2 class=\"gb-headline gb-headline-b86d44f0 gb-headline-text\">Trouvez une communaut\u00e9 de soutien lorsque vous \u00eates pr\u00eat<\/h2>\n\n\n\n<p class=\"gb-headline gb-headline-02fe1d5f gb-headline-text\">Si vous venez de recevoir un diagnostic de CSP, nous pouvons vous aider.<\/p>\n\n\n\n<ul class=\"wp-block-list list-items-links list-item-style\">\n<li class=\"testddd\">PSC Partners propose deux groupes de soutien sur Facebook : un groupe <a href=\"https:\/\/www.facebook.com\/share\/g\/14XJ5msXGZ\" target=\"_blank\" rel=\"noreferrer noopener\">ouvert<\/a> et un groupe <a href=\"https:\/\/www.facebook.com\/share\/g\/12JHBXyDPYf\/\" target=\"_blank\" rel=\"noreferrer noopener\">ferm\u00e9<\/a>. <\/li>\n\n\n\n<li>La section <a href=\"https:\/\/pscpartners.ca\/fr\/ressources\/#initial-diagnosis\" data-type=\"page\" data-id=\"2418\">Ressources <\/a>de ce site web propose de nombreuses ressources pour r\u00e9pondre \u00e0 vos questions.<\/li>\n\n\n\n<li>Les t\u00e9moignages de patients donnent un point de vue personnel sur la <a href=\"https:\/\/pscpartners.ca\/#patient-stories\">vie avec la CSP<\/a>.<\/li>\n\n\n\n<li>Les personnes vivant avec la CSP ou leurs soignants peuvent demander un <a href=\"https:\/\/pscpartners.ca\/fr\/formulaire-de-mentorat\/\">mentor<\/a> communautaire.<\/li>\n\n\n\n<li>Participez \u00e0 des r\u00e9unions de soutien <a href=\"https:\/\/pscpartners.ca\/fr\/nouvelles-et-evenements\/#peer-support-zoom-rooms\">virtuelles ZoomRoom entre pairs<\/a> ou assistez \u00e0 un <a href=\"https:\/\/pscpartners.ca\/fr\/nouvelles-et-evenements\/#psc-partners-events\">\u00e9v\u00e9nement<\/a> pour nouer des contacts avec d&rsquo;autres personnes atteintes de la CSP.  <\/li>\n<\/ul>\n\n<\/div>\n<\/div>\n<\/div>\n\n<div class=\"gb-container gb-container-0277badf\">\n<div class=\"gb-container gb-container-47ebe5e8 psc-container\">\n<div class=\"gb-container gb-container-7d3b8774\" data-aos=\"fade-up\">\n\n<h2 class=\"gb-headline gb-headline-3f9c58ad gb-headline-text\">Faits marquants sur le CSP<\/h2>\n\n<\/div>\n\n<div class=\"gb-container gb-container-00df74ef\" data-aos=\"fade-up\">\n\n<ul class=\"wp-block-list list-item-style\">\n<li>Le CSP ne pratique aucune discrimination fond\u00e9e sur l&rsquo;\u00e2ge, la race ou le sexe.<\/li>\n\n\n\n<li>La CSP est consid\u00e9r\u00e9e comme une maladie rare au Canada, qui touchera plus de 4 000 Canadiens en 2024.<\/li>\n\n\n\n<li>Plus de 75 % des patients atteints de CSP souffrent d&rsquo;une maladie inflammatoire de l&rsquo;intestin (MII), qu&rsquo;il s&rsquo;agisse de la colite ulc\u00e9reuse (CU) ou de la maladie de Crohn.<\/li>\n\n\n\n<li>La CSP est \u00e9galement associ\u00e9e \u00e0 d&rsquo;autres maladies auto-immunes.<\/li>\n\n\n\n<li>Partenaires PSC Canada finance des recherches qui sont en accord avec notre mission, qui est de faire avancer la recherche vers des traitements et une gu\u00e9rison, et d&rsquo;apporter un soutien aux personnes touch\u00e9es par la PSC.<\/li>\n<\/ul>\n\n<\/div>\n<\/div>\n<\/div>\n\n<div class=\"gb-container gb-container-bddfab70\">\n<div class=\"gb-container gb-container-88a3a5de psc-container\" data-aos=\"fade-up\">\n<div class=\"gb-container gb-container-30182ffb\">\n\n<h2 class=\"gb-headline gb-headline-da7ac9c4 gb-headline-text\"><span class=\"short-underline\">Ressources<\/span> connexes<\/h2>\n\n<\/div>\n\n<div class=\"gb-container gb-container-ad52abac\">\n\n\n<\/div>\n\n<div class=\"gb-container gb-container-70458ae7\" data-aos=\"fade-up\">\n\n<a class=\"gb-button gb-button-a0e766ac gb-button-text psc-paragraph-p read-more\" href=\"https:\/\/pscpartners.ca\/fr\/ressources\/\">Voir toutes les ressources<\/a>\n\n<\/div>\n<\/div>\n<\/div>\n\n<div class=\"gb-container gb-container-8d93e7b3\">\n<div class=\"gb-container gb-container-ee18ee93 psc-container\" data-aos=\"fade-up\">\n\n<h2 class=\"gb-headline gb-headline-2a7b2b2d gb-headline-text\">Quelle est la prochaine \u00e9tape ?<\/h2>\n\n\n<div class=\"gb-container gb-container-b093e228 container-elements\">\n<div class=\"gb-container gb-container-2a9912a3 elements-item\">\n<div class=\"gb-container gb-container-b0a3530c\">\n\n<figure class=\"gb-block-image gb-block-image-a050aec8\"><img loading=\"lazy\" decoding=\"async\" width=\"328\" height=\"328\" class=\"gb-image gb-image-a050aec8 image-shake\" src=\"https:\/\/pscpartners.ca\/wp-content\/uploads\/2025\/01\/initial.png\" alt=\"\" title=\"initial\" srcset=\"https:\/\/pscpartners.ca\/wp-content\/uploads\/2025\/01\/initial.png 328w, https:\/\/pscpartners.ca\/wp-content\/uploads\/2025\/01\/initial-300x300.png 300w, https:\/\/pscpartners.ca\/wp-content\/uploads\/2025\/01\/initial-150x150.png 150w\" sizes=\"auto, (max-width: 328px) 100vw, 328px\" \/><\/figure>\n\n<\/div>\n\n\n<h3 class=\"gb-headline gb-headline-25f051d9 gb-headline-text white-circle-text\"><a href=\"https:\/\/pscpartners.ca\/fr\/diagnostic-initial\/\">Diagnostic initial<\/a><\/h3>\n\n<\/div>\n\n<div class=\"gb-container gb-container-66a3e658 elements-item\">\n<div class=\"gb-container gb-container-cdb6404a\">\n\n<figure class=\"gb-block-image gb-block-image-d8ede995\"><img loading=\"lazy\" decoding=\"async\" width=\"328\" height=\"328\" class=\"gb-image gb-image-d8ede995 image-shake\" src=\"https:\/\/pscpartners.ca\/wp-content\/uploads\/2025\/01\/living.png\" alt=\"\" title=\"vivant\" srcset=\"https:\/\/pscpartners.ca\/wp-content\/uploads\/2025\/01\/living.png 328w, https:\/\/pscpartners.ca\/wp-content\/uploads\/2025\/01\/living-300x300.png 300w, https:\/\/pscpartners.ca\/wp-content\/uploads\/2025\/01\/living-150x150.png 150w\" sizes=\"auto, (max-width: 328px) 100vw, 328px\" \/><\/figure>\n\n<\/div>\n\n\n<h3 class=\"gb-headline gb-headline-8153c63c gb-headline-text white-circle-text\"><a href=\"https:\/\/pscpartners.ca\/fr\/diagnostic-initial\/\">Vivre<br>avec le CSP<\/a><\/h3>\n\n<\/div>\n\n<div class=\"gb-container gb-container-92e1d38a elements-item\">\n<div class=\"gb-container gb-container-a91c83e0\">\n\n<figure class=\"gb-block-image gb-block-image-87d573a3\"><img loading=\"lazy\" decoding=\"async\" width=\"328\" height=\"328\" class=\"gb-image gb-image-87d573a3 image-shake\" src=\"https:\/\/pscpartners.ca\/wp-content\/uploads\/2025\/01\/advancing.png\" alt=\"\" title=\"avancer\" srcset=\"https:\/\/pscpartners.ca\/wp-content\/uploads\/2025\/01\/advancing.png 328w, https:\/\/pscpartners.ca\/wp-content\/uploads\/2025\/01\/advancing-300x300.png 300w, https:\/\/pscpartners.ca\/wp-content\/uploads\/2025\/01\/advancing-150x150.png 150w\" sizes=\"auto, (max-width: 328px) 100vw, 328px\" \/><\/figure>\n\n<\/div>\n\n\n<h3 class=\"gb-headline gb-headline-8d0ad890 gb-headline-text white-circle-text\"><a href=\"https:\/\/pscpartners.ca\/fr\/diagnostic-initial\/\">Progresser avec le CSP<\/a><\/h3>\n\n<\/div>\n\n<div class=\"gb-container gb-container-1afb91a9 elements-item\">\n<div class=\"gb-container gb-container-949d0369\">\n\n<figure class=\"gb-block-image gb-block-image-3ee9873b\"><img loading=\"lazy\" decoding=\"async\" width=\"328\" height=\"328\" class=\"gb-image gb-image-3ee9873b image-shake\" src=\"https:\/\/pscpartners.ca\/wp-content\/uploads\/2025\/01\/transplant.png\" alt=\"\" title=\"transplantation\" srcset=\"https:\/\/pscpartners.ca\/wp-content\/uploads\/2025\/01\/transplant.png 328w, https:\/\/pscpartners.ca\/wp-content\/uploads\/2025\/01\/transplant-300x300.png 300w, https:\/\/pscpartners.ca\/wp-content\/uploads\/2025\/01\/transplant-150x150.png 150w\" sizes=\"auto, (max-width: 328px) 100vw, 328px\" \/><\/figure>\n\n<\/div>\n\n\n<h3 class=\"gb-headline gb-headline-8548b4a7 gb-headline-text white-circle-text\"><a href=\"https:\/\/pscpartners.ca\/fr\/diagnostic-initial\/\">Transplantation&nbsp; h\u00e9patique<\/a><\/h3>\n\n<\/div>\n\n<div class=\"gb-container gb-container-fe070a7f elements-item\">\n<div class=\"gb-container gb-container-7ea55ef5\">\n\n<figure class=\"gb-block-image gb-block-image-c4d539d2\"><img loading=\"lazy\" decoding=\"async\" width=\"328\" height=\"328\" class=\"gb-image gb-image-c4d539d2 image-shake\" src=\"https:\/\/pscpartners.ca\/wp-content\/uploads\/2025\/01\/caregivers.png\" alt=\"\" title=\"soignants\" srcset=\"https:\/\/pscpartners.ca\/wp-content\/uploads\/2025\/01\/caregivers.png 328w, https:\/\/pscpartners.ca\/wp-content\/uploads\/2025\/01\/caregivers-300x300.png 300w, https:\/\/pscpartners.ca\/wp-content\/uploads\/2025\/01\/caregivers-150x150.png 150w\" sizes=\"auto, (max-width: 328px) 100vw, 328px\" \/><\/figure>\n\n<\/div>\n\n\n<h3 class=\"gb-headline gb-headline-efd5ca99 gb-headline-text white-circle-text\"><a href=\"https:\/\/pscpartners.ca\/fr\/diagnostic-initial\/\">Aidants familiaux<br>et famille<\/a><\/h3>\n\n<\/div>\n<\/div>\n<\/div>\n<\/div>","protected":false},"excerpt":{"rendered":"<p>Diagnostic initial Un diagnostic de CSP peut \u00eatre d\u00e9courageant. Partenaires CSP Canada offre des ressources et du soutien pour vous aider \u00e0 naviguer dans cette maladie. Qu&rsquo;est-ce que la cholangite scl\u00e9rosante primitive&nbsp;? La cholangite scl\u00e9rosante primitive (CSP) est une maladie rare du foie qui endommage les voies biliaires \u00e0 l&rsquo;int\u00e9rieur et \u00e0 l&rsquo;ext\u00e9rieur du foie. &#8230; <a title=\"Diagnostic initial\" class=\"read-more\" href=\"https:\/\/pscpartners.ca\/fr\/diagnostic-initial\/\" aria-label=\"En savoir plus sur Diagnostic initial\">Lire plus<\/a><\/p>\n","protected":false},"author":1,"featured_media":0,"parent":0,"menu_order":0,"comment_status":"closed","ping_status":"closed","template":"","meta":{"_acf_changed":false,"_seopress_robots_primary_cat":"","_seopress_titles_title":"Comprendre le CSP : Ressources et soutien du Canada","_seopress_titles_desc":"D\u00e9couvrez les ressources et le soutien pour le diagnostic et la gestion de la CSP avec PSC Partners Canada. Renseignez-vous sur les sympt\u00f4mes, le diagnostic et les options de traitement. ","_seopress_robots_index":"","footnotes":""},"class_list":["post-2580","page","type-page","status-publish"],"acf":[],"_links":{"self":[{"href":"https:\/\/pscpartners.ca\/fr\/wp-json\/wp\/v2\/pages\/2580","targetHints":{"allow":["GET"]}}],"collection":[{"href":"https:\/\/pscpartners.ca\/fr\/wp-json\/wp\/v2\/pages"}],"about":[{"href":"https:\/\/pscpartners.ca\/fr\/wp-json\/wp\/v2\/types\/page"}],"author":[{"embeddable":true,"href":"https:\/\/pscpartners.ca\/fr\/wp-json\/wp\/v2\/users\/1"}],"replies":[{"embeddable":true,"href":"https:\/\/pscpartners.ca\/fr\/wp-json\/wp\/v2\/comments?post=2580"}],"version-history":[{"count":64,"href":"https:\/\/pscpartners.ca\/fr\/wp-json\/wp\/v2\/pages\/2580\/revisions"}],"predecessor-version":[{"id":6425,"href":"https:\/\/pscpartners.ca\/fr\/wp-json\/wp\/v2\/pages\/2580\/revisions\/6425"}],"wp:attachment":[{"href":"https:\/\/pscpartners.ca\/fr\/wp-json\/wp\/v2\/media?parent=2580"}],"curies":[{"name":"wp","href":"https:\/\/api.w.org\/{rel}","templated":true}]}}