{"id":2569,"date":"2024-11-22T04:52:56","date_gmt":"2024-11-22T04:52:56","guid":{"rendered":"https:\/\/pscpartners.ca\/a-propos-de\/"},"modified":"2025-11-26T14:59:12","modified_gmt":"2025-11-26T19:59:12","slug":"a-propos-de-nous","status":"publish","type":"page","link":"https:\/\/pscpartners.ca\/fr\/a-propos-de-nous\/","title":{"rendered":"A propos de nous"},"content":{"rendered":"<div class=\"gb-container gb-container-ed520fca\">\n<div class=\"gb-container gb-container-76e9d935 banner-gap\">\n<div class=\"gb-container gb-container-96387f30\" data-aos=\"fade-up\">\n\n<h1 class=\"gb-headline gb-headline-c75f68c2 gb-headline-text\">\u00c0 propos de PSC <span class=\"get-involved-underline-6\">Partners Canada<\/span><\/h1>\n\n\n\n<p class=\"gb-headline gb-headline-3bcfcac2 gb-headline-text psc-paragraph-p\">Elle se consacre \u00e0 la recherche, \u00e0 la sensibilisation et au soutien des personnes touch\u00e9es par la CSP.<\/p>\n\n<\/div>\n\n<div class=\"gb-container gb-container-cfc08808 get-involved-banner \">\n\n<figure class=\"gb-block-image gb-block-image-58833a2b\"><img loading=\"lazy\" decoding=\"async\" width=\"2560\" height=\"1704\" class=\"gb-image gb-image-58833a2b\" src=\"https:\/\/pscpartners.ca\/wp-content\/uploads\/2024\/12\/About-1-scaled.webp\" alt=\"\" title=\"A propos de 1\" srcset=\"https:\/\/pscpartners.ca\/wp-content\/uploads\/2024\/12\/About-1-scaled.webp 2560w, https:\/\/pscpartners.ca\/wp-content\/uploads\/2024\/12\/About-1-300x200.webp 300w, https:\/\/pscpartners.ca\/wp-content\/uploads\/2024\/12\/About-1-1024x682.webp 1024w, https:\/\/pscpartners.ca\/wp-content\/uploads\/2024\/12\/About-1-768x511.webp 768w, https:\/\/pscpartners.ca\/wp-content\/uploads\/2024\/12\/About-1-1536x1022.webp 1536w, https:\/\/pscpartners.ca\/wp-content\/uploads\/2024\/12\/About-1-2048x1363.webp 2048w\" sizes=\"auto, (max-width: 2560px) 100vw, 2560px\" \/><\/figure>\n\n<\/div>\n<\/div>\n<\/div><div class=\"gb-container gb-container-2a77173a\">\n<div class=\"gb-container gb-container-0566ffe0 psc-container\" data-aos=\"fade-up\">\n\n<h6 class=\"gb-headline gb-headline-9639e9b8 gb-headline-text\" data-aos=\"fade-up\">PSC Partners Seeking a Cure Canada est un organisme de bienfaisance canadien enregistr\u00e9. Cr\u00e9\u00e9e en 2015, notre mission est de stimuler la recherche afin d&rsquo;identifier des traitements et un rem\u00e8de pour la cholangite scl\u00e9rosante primitive (CSP), tout en fournissant une \u00e9ducation et un soutien aux personnes touch\u00e9es par cette maladie rare. Nous sommes une fondation publique affili\u00e9e \u00e0 l&rsquo;organisation \u00e0 but non lucratif am\u00e9ricaine PSC Partners Seeking a Cure.  <\/h6>\n\n<\/div>\n<\/div><div class=\"gb-container gb-container-42606a4b\">\n<div class=\"gb-container gb-container-f58113f6 psc-container\" data-aos=\"fade-up\">\n\n<h2 class=\"gb-headline gb-headline-3ef52018 gb-headline-text psc-heading-h3\">Notre histoire<\/h2>\n\n\n\n<p class=\"gb-headline gb-headline-a0493c91 gb-headline-text psc-paragraph-p\">PSC Partners Seeking a Cure Canada est une organisation caritative canadienne enregistr\u00e9e qui se consacre \u00e0 la sensibilisation, au soutien de la recherche et \u00e0 la mise \u00e0 disposition de ressources pour les personnes touch\u00e9es par la cholangite scl\u00e9rosante primitive (CSP), une maladie du foie rare et progressive qui provoque une cicatrisation des voies biliaires. PSC Partners Canada est affili\u00e9 \u00e0 l&rsquo;organisation plus large PSC Partners Seeking a Cure aux \u00c9tats-Unis. Les deux organisations visent \u00e0 soutenir les patients et leurs familles en finan\u00e7ant les efforts de recherche pour trouver des traitements et une cure pour la CSP, en offrant une \u00e9ducation et un soutien \u00e9motionnel, et en plaidant pour une meilleure compr\u00e9hension de la CSP au sein de la communaut\u00e9 m\u00e9dicale. <br><br>En 2015, la branche canadienne de PSC Partners a \u00e9t\u00e9 cr\u00e9\u00e9e par deux parents de patients p\u00e9diatriques atteints de la CSP, Eve Jedrzejewska et Mary Vyas. Apr\u00e8s s&rsquo;\u00eatre rencontr\u00e9es lors de conf\u00e9rences de PSC Partners aux \u00c9tats-Unis, elles ont reconnu le besoin d&rsquo;une organisation canadienne de patients atteints de la CSP. Leur objectif \u00e9tait de cr\u00e9er un espace o\u00f9 les Canadiens vivant avec la CSP et leurs familles pourraient partager leurs exp\u00e9riences dans le contexte du Canada et du syst\u00e8me de sant\u00e9 canadien.  <br><br>PSC Partners Seeking a Cure Canada se concentre sur les besoins des patients canadiens atteints de la CSP et collabore avec des institutions m\u00e9dicales et des chercheurs \u00e0 travers le Canada. L&rsquo;organisation propose des groupes de soutien, des \u00e9v\u00e9nements \u00e9ducatifs et des jumelages de mentors pour aider les personnes \u00e0 g\u00e9rer les complexit\u00e9s de la vie avec la CSP. <\/p>\n\n<\/div>\n<\/div><div class=\"gb-container gb-container-190e1419\">\n<div class=\"gb-container gb-container-12fadb1c psc-container\">\n<div class=\"gb-container gb-container-326d8c18\">\n\n<h2 class=\"gb-headline gb-headline-64d6362c gb-headline-text psc-heading-h3\">Nos <span class=\"get-involved-underline\">grandes priorit\u00e9s<\/span><\/h2>\n\n<\/div>\n\n<div class=\"gb-container gb-container-6d107091 elements-wrap\" data-aos=\"fade-up\">\n<div class=\"gb-container gb-container-52154bbb\">\n\n<figure class=\"gb-block-image gb-block-image-93ed1acd\"><img loading=\"lazy\" decoding=\"async\" width=\"328\" height=\"328\" class=\"gb-image gb-image-93ed1acd image-shake\" src=\"https:\/\/pscpartners.ca\/wp-content\/uploads\/2025\/01\/research.png\" alt=\"\" title=\"recherche\" srcset=\"https:\/\/pscpartners.ca\/wp-content\/uploads\/2025\/01\/research.png 328w, https:\/\/pscpartners.ca\/wp-content\/uploads\/2025\/01\/research-300x300.png 300w, https:\/\/pscpartners.ca\/wp-content\/uploads\/2025\/01\/research-150x150.png 150w\" sizes=\"auto, (max-width: 328px) 100vw, 328px\" \/><\/figure>\n\n\n\n<h3 class=\"gb-headline gb-headline-f701908e gb-headline-text psc-heading-h4\">Recherche<\/h3>\n\n\n\n<p class=\"gb-headline gb-headline-a00da10e gb-headline-text psc-paragraph-p\">Trouver des traitements pour la CSP<\/p>\n\n<\/div>\n\n<div class=\"gb-container gb-container-3e9ffbe4\">\n\n<figure class=\"gb-block-image gb-block-image-495777ad\"><img loading=\"lazy\" decoding=\"async\" width=\"328\" height=\"328\" class=\"gb-image gb-image-495777ad image-shake\" src=\"https:\/\/pscpartners.ca\/wp-content\/uploads\/2025\/01\/funding-2-2.png\" alt=\"\" title=\"financement (2)\" srcset=\"https:\/\/pscpartners.ca\/wp-content\/uploads\/2025\/01\/funding-2-2.png 328w, https:\/\/pscpartners.ca\/wp-content\/uploads\/2025\/01\/funding-2-2-300x300.png 300w, https:\/\/pscpartners.ca\/wp-content\/uploads\/2025\/01\/funding-2-2-150x150.png 150w\" sizes=\"auto, (max-width: 328px) 100vw, 328px\" \/><\/figure>\n\n\n\n<h3 class=\"gb-headline gb-headline-1a646160 gb-headline-text psc-heading-h4\">Financement<\/h3>\n\n\n\n<p class=\"gb-headline gb-headline-0355f293 gb-headline-text psc-paragraph-p\">Collecte de fonds pour la recherche sur les CSP<\/p>\n\n<\/div>\n\n<div class=\"gb-container gb-container-5d87b670\">\n\n<figure class=\"gb-block-image gb-block-image-6b03af43\"><img decoding=\"async\" class=\"gb-image gb-image-6b03af43 image-shake\" src=\"https:\/\/pscpartners.ca\/wp-content\/uploads\/2025\/01\/resource-1.png\" alt=\"\" title=\"ressource\"><\/figure>\n\n\n\n<h3 class=\"gb-headline gb-headline-f71f9a56 gb-headline-text psc-heading-h4\">Ressources<\/h3>\n\n\n\n<p class=\"gb-headline gb-headline-c04c23ce gb-headline-text psc-paragraph-p\">Partage de ressources sp\u00e9cifiques au Canada et li\u00e9es au CSP<\/p>\n\n<\/div>\n\n<div class=\"gb-container gb-container-d2555c14\">\n\n<figure class=\"gb-block-image gb-block-image-20261939\"><img loading=\"lazy\" decoding=\"async\" width=\"328\" height=\"328\" class=\"gb-image gb-image-20261939 image-shake\" src=\"https:\/\/pscpartners.ca\/wp-content\/uploads\/2025\/01\/support-4.png\" alt=\"\" title=\"soutien\" srcset=\"https:\/\/pscpartners.ca\/wp-content\/uploads\/2025\/01\/support-4.png 328w, https:\/\/pscpartners.ca\/wp-content\/uploads\/2025\/01\/support-4-300x300.png 300w, https:\/\/pscpartners.ca\/wp-content\/uploads\/2025\/01\/support-4-150x150.png 150w\" sizes=\"auto, (max-width: 328px) 100vw, 328px\" \/><\/figure>\n\n\n\n<h3 class=\"gb-headline gb-headline-82585d10 gb-headline-text psc-heading-h4\">Soutien<\/h3>\n\n\n\n<p class=\"gb-headline gb-headline-da8f56c0 gb-headline-text psc-paragraph-p\">Aider les personnes tout au long de leur parcours CSP<\/p>\n\n<\/div>\n\n<div class=\"gb-container gb-container-2e9295e8\">\n\n<figure class=\"gb-block-image gb-block-image-3d4d9592\"><img loading=\"lazy\" decoding=\"async\" width=\"328\" height=\"328\" class=\"gb-image gb-image-3d4d9592 image-shake\" src=\"https:\/\/pscpartners.ca\/wp-content\/uploads\/2025\/01\/awareness.png\" alt=\"\" title=\"sensibilisation\" srcset=\"https:\/\/pscpartners.ca\/wp-content\/uploads\/2025\/01\/awareness.png 328w, https:\/\/pscpartners.ca\/wp-content\/uploads\/2025\/01\/awareness-300x300.png 300w, https:\/\/pscpartners.ca\/wp-content\/uploads\/2025\/01\/awareness-150x150.png 150w\" sizes=\"auto, (max-width: 328px) 100vw, 328px\" \/><\/figure>\n\n\n\n<h3 class=\"gb-headline gb-headline-eba87db2 gb-headline-text psc-heading-h4\">Sensibilisation<\/h3>\n\n\n\n<p class=\"gb-headline gb-headline-6cd7a42b gb-headline-text psc-paragraph-p\">Encourager et faciliter les conversations sur le CSP<\/p>\n\n<\/div>\n<\/div>\n<\/div>\n<\/div><div class=\"gb-container gb-container-ddf189b2 background-contrast-2\">\n<div class=\"gb-container gb-container-c68f1b97\">\n<div class=\"gb-container gb-container-159ad8e5 psc-container\">\n<div class=\"gb-container gb-container-f5fa6e1e\">\n\n<p class=\"gb-headline gb-headline-eb9caf85 gb-headline-text psc-heading-h3\" data-aos=\"fade-up\">Ensemble, nous <span class=\"get-involved-underline\">cr\u00e9ons un monde<\/span> o\u00f9 le diagnostic de la CSP s&rsquo;accompagne d&rsquo;un <span class=\"small-circle-5\">rem\u00e8de<\/span>.<\/p>\n\n<\/div>\n<\/div>\n<\/div>\n<\/div><div class=\"gb-container gb-container-c427eabe\">\n<div class=\"gb-container gb-container-c4f88434 psc-container\" data-aos=\"fade-up\">\n<div class=\"gb-container gb-container-9245cb99\">\n\n<h2 class=\"gb-headline gb-headline-75a652c0 gb-headline-text psc-heading-h3\">Statistiques sur l&rsquo;impact en un coup d&rsquo;\u0153il<\/h2>\n\n\n\n<p class=\"gb-headline gb-headline-f79d20e7 gb-headline-text psc-paragraph-p\">Agir, trouver un rem\u00e8de pour la CSP<\/p>\n\n<\/div>\n\n\n<div class=\"wp-block-group is-nowrap is-layout-flex wp-container-core-group-is-layout-ad2f72ca wp-block-group-is-layout-flex\"><div class=\"gb-container gb-container-547af221\">\n<div class=\"gb-grid-wrapper gb-grid-wrapper-a480daf0\">\n<div class=\"gb-grid-column gb-grid-column-15348a5f\"><div class=\"gb-container gb-container-15348a5f\">\n<div class=\"gb-container gb-container-1f09e6c6\">\n\n<h3 class=\"gb-headline gb-headline-c99c7bd3 gb-headline-text psc-heading-h3\">4,000<\/h3>\n\n<\/div>\n\n<div class=\"gb-container gb-container-77232e6e\">\n\n<p class=\"gb-headline gb-headline-b09341e5 gb-headline-text psc-paragraph-p\">Estimation de plus de 4 000 patients atteints de CSP au Canada<\/p>\n\n<\/div>\n<\/div><\/div>\n\n<div class=\"gb-grid-column gb-grid-column-06029bc7\"><div class=\"gb-container gb-container-06029bc7\">\n<div class=\"gb-container gb-container-16985e3f\">\n\n<h3 class=\"gb-headline gb-headline-ff74c78d gb-headline-text psc-heading-h3\">2015<\/h3>\n\n<\/div>\n\n<div class=\"gb-container gb-container-4bd89e93\">\n\n<p class=\"gb-headline gb-headline-78edf60e gb-headline-text psc-paragraph-p\">  Ann\u00e9e de cr\u00e9ation de PSC Partners Canada<\/p>\n\n<\/div>\n<\/div><\/div>\n\n<div class=\"gb-grid-column gb-grid-column-1978e0df\"><div class=\"gb-container gb-container-1978e0df\">\n\n<h3 class=\"gb-headline gb-headline-49faa595 gb-headline-text psc-heading-h3\">2,600+<\/h3>\n\n\n\n<p class=\"gb-headline gb-headline-674dde21 gb-headline-text psc-paragraph-p\">Participants au registre des patients CSP<\/p>\n\n<\/div><\/div>\n\n<div class=\"gb-grid-column gb-grid-column-b57ec1e0\"><div class=\"gb-container gb-container-b57ec1e0\">\n\n<h3 class=\"gb-headline gb-headline-343736f7 gb-headline-text psc-heading-h3\">$2M+<\/h3>\n\n\n\n<p class=\"gb-headline gb-headline-425c00a7 gb-headline-text psc-paragraph-p\">Fonds collect\u00e9s pour la recherche sur les CSP<\/p>\n\n<\/div><\/div>\n<\/div>\n<\/div><\/div>\n\n<\/div>\n<\/div><div class=\"gb-container gb-container-3877af0f\" data-aos=\"fade-up\">\n<div class=\"gb-container gb-container-ea0a4b3d psc-container\">\n\n<h2 class=\"gb-headline gb-headline-c584b20f gb-headline-text psc-heading-h3\">Notre <span class=\"short-underline\">\u00e9quipe<\/span><\/h2>\n\n<\/div>\n\n<div class=\"gb-container gb-container-c98ba1c2 psc-container\">\n<div class=\"gb-container gb-container-18b0fc9c\">\n\n<figure class=\"gb-block-image gb-block-image-7c375ef6\"><img loading=\"lazy\" decoding=\"async\" width=\"2560\" height=\"1769\" class=\"gb-image gb-image-7c375ef6\" src=\"https:\/\/pscpartners.ca\/wp-content\/uploads\/2024\/12\/About-3-scaled.jpg\" alt=\"\" title=\"Environ 3\" srcset=\"https:\/\/pscpartners.ca\/wp-content\/uploads\/2024\/12\/About-3-scaled.jpg 2560w, https:\/\/pscpartners.ca\/wp-content\/uploads\/2024\/12\/About-3-300x207.jpg 300w, https:\/\/pscpartners.ca\/wp-content\/uploads\/2024\/12\/About-3-1024x708.jpg 1024w, https:\/\/pscpartners.ca\/wp-content\/uploads\/2024\/12\/About-3-768x531.jpg 768w, https:\/\/pscpartners.ca\/wp-content\/uploads\/2024\/12\/About-3-1536x1062.jpg 1536w, https:\/\/pscpartners.ca\/wp-content\/uploads\/2024\/12\/About-3-2048x1416.jpg 2048w\" sizes=\"auto, (max-width: 2560px) 100vw, 2560px\" \/><\/figure>\n\n<\/div>\n\n<div class=\"gb-container gb-container-18f54bbc\">\n\n<p class=\"gb-headline gb-headline-1370cd17 gb-headline-text psc-paragraph-p\">L&rsquo;\u00e9quipe de PSC Partners Seeking a Cure Canada est un groupe d\u00e9vou\u00e9 de b\u00e9n\u00e9voles, de membres du conseil d&rsquo;administration et d&#8217;employ\u00e9s qui travaillent ensemble pour avoir un impact positif et significatif sur la communaut\u00e9 canadienne de PSC. Nous nous engageons \u00e0 collecter des fonds pour la recherche, \u00e0 organiser des \u00e9v\u00e9nements pour les patients et les soignants, et \u00e0 apporter un soutien vital aux personnes touch\u00e9es par la CSP.<\/p>\n\n<\/div>\n<\/div>\n<\/div>","protected":false},"excerpt":{"rendered":"<p>\u00c0 propos de PSC Partners Canada Elle se consacre \u00e0 la recherche, \u00e0 la sensibilisation et au soutien des personnes touch\u00e9es par la CSP. PSC Partners Seeking a Cure Canada est un organisme de bienfaisance canadien enregistr\u00e9. Cr\u00e9\u00e9e en 2015, notre mission est de stimuler la recherche afin d&rsquo;identifier des traitements et un rem\u00e8de pour &#8230; <a title=\"A propos de nous\" class=\"read-more\" href=\"https:\/\/pscpartners.ca\/fr\/a-propos-de-nous\/\" aria-label=\"En savoir plus sur A propos de nous\">Lire plus<\/a><\/p>\n","protected":false},"author":1,"featured_media":0,"parent":0,"menu_order":0,"comment_status":"closed","ping_status":"closed","template":"","meta":{"_acf_changed":false,"_seopress_robots_primary_cat":"","_seopress_titles_title":"Partenaires PSC Canada : Soutien et recherche pour la gu\u00e9rison de la CSP","_seopress_titles_desc":"Joignez-vous \u00e0 Partenaires CSP Canada pour stimuler la recherche et sensibiliser le public \u00e0 la CSP. Soutien et ressources pour les personnes touch\u00e9es par la cholangite scl\u00e9rosante primitive. ","_seopress_robots_index":"","footnotes":""},"class_list":["post-2569","page","type-page","status-publish"],"acf":[],"_links":{"self":[{"href":"https:\/\/pscpartners.ca\/fr\/wp-json\/wp\/v2\/pages\/2569","targetHints":{"allow":["GET"]}}],"collection":[{"href":"https:\/\/pscpartners.ca\/fr\/wp-json\/wp\/v2\/pages"}],"about":[{"href":"https:\/\/pscpartners.ca\/fr\/wp-json\/wp\/v2\/types\/page"}],"author":[{"embeddable":true,"href":"https:\/\/pscpartners.ca\/fr\/wp-json\/wp\/v2\/users\/1"}],"replies":[{"embeddable":true,"href":"https:\/\/pscpartners.ca\/fr\/wp-json\/wp\/v2\/comments?post=2569"}],"version-history":[{"count":24,"href":"https:\/\/pscpartners.ca\/fr\/wp-json\/wp\/v2\/pages\/2569\/revisions"}],"predecessor-version":[{"id":7023,"href":"https:\/\/pscpartners.ca\/fr\/wp-json\/wp\/v2\/pages\/2569\/revisions\/7023"}],"wp:attachment":[{"href":"https:\/\/pscpartners.ca\/fr\/wp-json\/wp\/v2\/media?parent=2569"}],"curies":[{"name":"wp","href":"https:\/\/api.w.org\/{rel}","templated":true}]}}