{"id":2554,"date":"2024-11-26T09:14:43","date_gmt":"2024-11-26T09:14:43","guid":{"rendered":"https:\/\/pscpartners.ca\/participez\/"},"modified":"2025-05-14T12:44:17","modified_gmt":"2025-05-14T16:44:17","slug":"participez","status":"publish","type":"page","link":"https:\/\/pscpartners.ca\/fr\/participez\/","title":{"rendered":"Participez"},"content":{"rendered":"<div class=\"gb-container gb-container-250815b5\">\n<div class=\"gb-container gb-container-1ee19bca banner-gap\">\n<div class=\"gb-container gb-container-bc500830\">\n\n<h1 class=\"gb-headline gb-headline-78f261bc gb-headline-text\"><span class=\"get-involved-underline-11\">Get Involved<\/span><\/h1>\n\n\n\n<p class=\"gb-headline gb-headline-7cf35611 gb-headline-text psc-paragraph-p\">Faites partie de la communaut\u00e9 canadienne du CSP ! En tant que patient, soignant ou membre de la famille, vous pouvez faire la diff\u00e9rence. <\/p>\n\n<\/div>\n\n<div class=\"gb-container gb-container-68ac3781 get-involved-banner \">\n\n<figure class=\"gb-block-image gb-block-image-b94658a2\"><img loading=\"lazy\" decoding=\"async\" width=\"2560\" height=\"1707\" class=\"gb-image gb-image-b94658a2\" src=\"https:\/\/pscpartners.ca\/wp-content\/uploads\/2024\/12\/GI-1-scaled.jpeg\" alt=\"\" title=\"GI-1\" srcset=\"https:\/\/pscpartners.ca\/wp-content\/uploads\/2024\/12\/GI-1-scaled.jpeg 2560w, https:\/\/pscpartners.ca\/wp-content\/uploads\/2024\/12\/GI-1-300x200.jpeg 300w, https:\/\/pscpartners.ca\/wp-content\/uploads\/2024\/12\/GI-1-1024x683.jpeg 1024w, https:\/\/pscpartners.ca\/wp-content\/uploads\/2024\/12\/GI-1-768x512.jpeg 768w, https:\/\/pscpartners.ca\/wp-content\/uploads\/2024\/12\/GI-1-1536x1024.jpeg 1536w, https:\/\/pscpartners.ca\/wp-content\/uploads\/2024\/12\/GI-1-2048x1365.jpeg 2048w\" sizes=\"auto, (max-width: 2560px) 100vw, 2560px\" \/><\/figure>\n\n<\/div>\n<\/div>\n<\/div><div class=\"gb-container gb-container-2a77173a\">\n<div class=\"gb-container gb-container-0566ffe0 psc-container\">\n\n<h6 class=\"gb-headline gb-headline-9639e9b8 gb-headline-text\">Engagez-vous aupr\u00e8s de Partenaires PSC Canada et faites une grande diff\u00e9rence. Que vous vous joigniez \u00e0 un groupe de soutien, assistiez \u00e0 nos \u00e9v\u00e9nements, contribuiez au registre des patients, participiez \u00e0 un essai clinique, fassiez du b\u00e9n\u00e9volat ou un don, vos actions peuvent changer des vies. Ensemble, nous travaillons \u00e0 un avenir o\u00f9 la CSP ne limitera plus une vie \u00e9panouie.  <\/h6>\n\n<\/div>\n<\/div><div class=\"gb-container gb-container-58271115 psc-container\">\n<div class=\"gb-container gb-container-ffc2c299\">\n<div class=\"gb-container gb-container-6e713cd5\">\n\n<h2 class=\"gb-headline gb-headline-37a58810 gb-headline-text psc-heading-h3\"><span class=\"short-underline\">Soutien<\/span><\/h2>\n\n\n<div class=\"gb-container gb-container-06171bf4 get-involved\">\n<div class=\"gb-container gb-container-076d8fa9 content-image\">\n\n<figure class=\"gb-block-image gb-block-image-c521f90e\"><img loading=\"lazy\" decoding=\"async\" width=\"2560\" height=\"1707\" class=\"gb-image gb-image-c521f90e\" src=\"https:\/\/pscpartners.ca\/wp-content\/uploads\/2024\/12\/GI-2-scaled.jpg\" alt=\"\" title=\"GI 2\" srcset=\"https:\/\/pscpartners.ca\/wp-content\/uploads\/2024\/12\/GI-2-scaled.jpg 2560w, https:\/\/pscpartners.ca\/wp-content\/uploads\/2024\/12\/GI-2-300x200.jpg 300w, https:\/\/pscpartners.ca\/wp-content\/uploads\/2024\/12\/GI-2-1024x683.jpg 1024w, https:\/\/pscpartners.ca\/wp-content\/uploads\/2024\/12\/GI-2-768x512.jpg 768w, https:\/\/pscpartners.ca\/wp-content\/uploads\/2024\/12\/GI-2-1536x1024.jpg 1536w, https:\/\/pscpartners.ca\/wp-content\/uploads\/2024\/12\/GI-2-2048x1365.jpg 2048w\" sizes=\"auto, (max-width: 2560px) 100vw, 2560px\" \/><\/figure>\n\n<\/div>\n\n<div class=\"gb-container gb-container-e37eaa4c content-statement\">\n<div class=\"gb-container gb-container-44565fd9\">\n\n<p class=\"gb-headline gb-headline-40cc8532 gb-headline-text psc-paragraph-p\">Partenaires PSC Canada offre une communaut\u00e9 de soutien pour r\u00e9pondre aux questions, \u00e9changer des points de vue et fournir des encouragements. Discutez avec vos pairs sur Zoom, soyez jumel\u00e9 \u00e0 un mentor, partagez vos exp\u00e9riences dans des groupes Facebook ou assistez \u00e0 des \u00e9v\u00e9nements pour rencontrer d&rsquo;autres personnes vivant avec la CSP. <\/p>\n\n\n<div class=\"gb-container gb-container-67a7e904\">\n\n<a class=\"gb-button gb-button-f19ad1e6 psc-paragraph-p read-more\" href=\"https:\/\/pscpartners.ca\/fr\/soutien\/\"><span class=\"gb-button-text\">En savoir plus sur le soutien<\/span><span class=\"gb-icon\"><svg xmlns=\"http:\/\/www.w3.org\/2000\/svg\" width=\"20px\" height=\"20px\" viewbox=\"0 0 448 512\" stroke-width=\"0\" fill=\"currentColor\" stroke=\"currentColor\"><path d=\"M438.6 278.6c12.5-12.5 12.5-32.8 0-45.3l-160-160c-12.5-12.5-32.8-12.5-45.3 0s-12.5 32.8 0 45.3L338.8 224 32 224c-17.7 0-32 14.3-32 32s14.3 32 32 32l306.7 0L233.4 393.4c-12.5 12.5-12.5 32.8 0 45.3s32.8 12.5 45.3 0l160-160z\"><\/path><\/svg><\/span><\/a>\n\n<\/div>\n<\/div>\n<\/div>\n<\/div>\n<\/div>\n\n<div class=\"gb-container gb-container-005270cb\">\n\n<h2 class=\"gb-headline gb-headline-9f16f972 gb-headline-text psc-heading-h3\"><span class=\"small-circle\">\u00c9v\u00e9nements des<\/span> partenaires du CSP<\/h2>\n\n\n<div class=\"gb-container gb-container-f72e9eea get-involved\">\n<div class=\"gb-container gb-container-e7af1035 content-image\">\n\n<figure class=\"gb-block-image gb-block-image-19e7f446\"><img loading=\"lazy\" decoding=\"async\" width=\"2560\" height=\"1572\" class=\"gb-image gb-image-19e7f446\" src=\"https:\/\/pscpartners.ca\/wp-content\/uploads\/2024\/12\/GI-3-scaled.jpg\" alt=\"\" title=\"GI-3\" srcset=\"https:\/\/pscpartners.ca\/wp-content\/uploads\/2024\/12\/GI-3-scaled.jpg 2560w, https:\/\/pscpartners.ca\/wp-content\/uploads\/2024\/12\/GI-3-300x184.jpg 300w, https:\/\/pscpartners.ca\/wp-content\/uploads\/2024\/12\/GI-3-1024x629.jpg 1024w, https:\/\/pscpartners.ca\/wp-content\/uploads\/2024\/12\/GI-3-768x472.jpg 768w, https:\/\/pscpartners.ca\/wp-content\/uploads\/2024\/12\/GI-3-1536x943.jpg 1536w, https:\/\/pscpartners.ca\/wp-content\/uploads\/2024\/12\/GI-3-2048x1258.jpg 2048w\" sizes=\"auto, (max-width: 2560px) 100vw, 2560px\" \/><\/figure>\n\n<\/div>\n\n<div class=\"gb-container gb-container-f330214c content-statement\">\n<div class=\"gb-container gb-container-1272f45b\">\n\n<p class=\"gb-headline gb-headline-2de1fe21 gb-headline-text psc-paragraph-p\">Participer \u00e0 une conf\u00e9rence, \u00e0 une rencontre ou \u00e0 un webinaire permet aux personnes touch\u00e9es par la CSP d&rsquo;acqu\u00e9rir une meilleure compr\u00e9hension de la maladie. Des conf\u00e9renciers experts vous parleront des derni\u00e8res recherches sur les traitements, les proc\u00e9dures et les progr\u00e8s scientifiques dans la compr\u00e9hension de la CSP. En outre, les \u00e9v\u00e9nements en personne offrent une occasion inestimable de nouer des liens avec d&rsquo;autres personnes.  <\/p>\n\n\n<div class=\"gb-container gb-container-59de3b46\">\n\n<a class=\"gb-button gb-button-55b774e0 psc-paragraph-p read-more\" href=\"news-events#psc-partners-events\"><span class=\"gb-button-text\">Learn more about PSC Partners Events<\/span><span class=\"gb-icon\"><svg xmlns=\"http:\/\/www.w3.org\/2000\/svg\" width=\"20px\" height=\"20px\" viewBox=\"0 0 448 512\" stroke-width=\"0\" fill=\"currentColor\" stroke=\"currentColor\"><path d=\"M438.6 278.6c12.5-12.5 12.5-32.8 0-45.3l-160-160c-12.5-12.5-32.8-12.5-45.3 0s-12.5 32.8 0 45.3L338.8 224 32 224c-17.7 0-32 14.3-32 32s14.3 32 32 32l306.7 0L233.4 393.4c-12.5 12.5-12.5 32.8 0 45.3s32.8 12.5 45.3 0l160-160z\"><\/path><\/svg><\/span><\/a>\n\n<\/div>\n<\/div>\n<\/div>\n<\/div>\n<\/div>\n\n<div class=\"gb-container gb-container-28b0687a\">\n\n<h2 class=\"gb-headline gb-headline-7bb7b2b5 gb-headline-text psc-heading-h3\"><span class=\"short-underline\">Registre des<\/span> patients<\/h2>\n\n\n<div class=\"gb-container gb-container-d09b915a get-involved\">\n<div class=\"gb-container gb-container-f1e64f48 content-image\">\n\n<figure class=\"gb-block-image gb-block-image-de232bfe\"><img loading=\"lazy\" decoding=\"async\" width=\"1063\" height=\"472\" class=\"gb-image gb-image-de232bfe\" src=\"https:\/\/pscpartners.ca\/wp-content\/uploads\/2024\/12\/GI-4.png\" alt=\"\" title=\"GI-4\" srcset=\"https:\/\/pscpartners.ca\/wp-content\/uploads\/2024\/12\/GI-4.png 1063w, https:\/\/pscpartners.ca\/wp-content\/uploads\/2024\/12\/GI-4-300x133.png 300w, https:\/\/pscpartners.ca\/wp-content\/uploads\/2024\/12\/GI-4-1024x455.png 1024w, https:\/\/pscpartners.ca\/wp-content\/uploads\/2024\/12\/GI-4-768x341.png 768w\" sizes=\"auto, (max-width: 1063px) 100vw, 1063px\" \/><\/figure>\n\n<\/div>\n\n<div class=\"gb-container gb-container-d83b27ce content-statement\">\n<div class=\"gb-container gb-container-94e0757a\">\n\n<p class=\"gb-headline gb-headline-6e63aa8b gb-headline-text psc-paragraph-p\">Rejoignez le registre ! Gr\u00e2ce au registre des patients de PSC Partners, vous pouvez fournir aux chercheurs les donn\u00e9es n\u00e9cessaires pour faire avancer la recherche sur la CSP, les essais cliniques et les progr\u00e8s vers des traitements efficaces et, \u00e0 terme, une gu\u00e9rison. Un registre plus important fournit des informations plus significatives aux chercheurs du monde entier. Les informations relatives \u00e0 chaque participant sont cruciales.  <\/p>\n\n\n<div class=\"gb-container gb-container-c8c52b74\">\n\n<a class=\"gb-button gb-button-48ba9e91 psc-paragraph-p read-more\" href=\"https:\/\/pscpartners.ca\/fr\/registre-des-patients\/\"><span class=\"gb-button-text\">En savoir plus sur le registre des patients<\/span><span class=\"gb-icon\"><svg xmlns=\"http:\/\/www.w3.org\/2000\/svg\" width=\"20px\" height=\"20px\" viewbox=\"0 0 448 512\" stroke-width=\"0\" fill=\"currentColor\" stroke=\"currentColor\"><path d=\"M438.6 278.6c12.5-12.5 12.5-32.8 0-45.3l-160-160c-12.5-12.5-32.8-12.5-45.3 0s-12.5 32.8 0 45.3L338.8 224 32 224c-17.7 0-32 14.3-32 32s14.3 32 32 32l306.7 0L233.4 393.4c-12.5 12.5-12.5 32.8 0 45.3s32.8 12.5 45.3 0l160-160z\"><\/path><\/svg><\/span><\/a>\n\n<\/div>\n<\/div>\n<\/div>\n<\/div>\n<\/div>\n\n<div class=\"gb-container gb-container-6cbb8824\">\n\n<h2 class=\"gb-headline gb-headline-a9e2f803 gb-headline-text psc-heading-h3\"><span class=\"small-circle\">Essais<\/span> cliniques<\/h2>\n\n\n<div class=\"gb-container gb-container-4c0382a7 get-involved\">\n<div class=\"gb-container gb-container-8e274261 content-image\">\n\n<figure class=\"gb-block-image gb-block-image-f573e02e\"><img loading=\"lazy\" decoding=\"async\" width=\"2560\" height=\"1707\" class=\"gb-image gb-image-f573e02e\" src=\"https:\/\/pscpartners.ca\/wp-content\/uploads\/2024\/12\/GI-5-scaled.jpg\" alt=\"\" title=\"GI-5\" srcset=\"https:\/\/pscpartners.ca\/wp-content\/uploads\/2024\/12\/GI-5-scaled.jpg 2560w, https:\/\/pscpartners.ca\/wp-content\/uploads\/2024\/12\/GI-5-300x200.jpg 300w, https:\/\/pscpartners.ca\/wp-content\/uploads\/2024\/12\/GI-5-1024x683.jpg 1024w, https:\/\/pscpartners.ca\/wp-content\/uploads\/2024\/12\/GI-5-768x512.jpg 768w, https:\/\/pscpartners.ca\/wp-content\/uploads\/2024\/12\/GI-5-1536x1024.jpg 1536w, https:\/\/pscpartners.ca\/wp-content\/uploads\/2024\/12\/GI-5-2048x1365.jpg 2048w\" sizes=\"auto, (max-width: 2560px) 100vw, 2560px\" \/><\/figure>\n\n<\/div>\n\n<div class=\"gb-container gb-container-69a73fd5 content-statement\">\n<div class=\"gb-container gb-container-aeab4ccc\">\n\n<p class=\"gb-headline gb-headline-1fcc68da gb-headline-text psc-paragraph-p\">La participation des patients aux essais cliniques et aux \u00e9tudes de recherche est essentielle pour faire progresser la recherche sur la CSP et le d\u00e9veloppement de m\u00e9dicaments. Les participants peuvent recevoir des traitements sp\u00e9cifiques, tels que des m\u00e9dicaments, des proc\u00e9dures ou des changements de mode de vie, selon un protocole de recherche \u00e9tabli. En donnant leur avis par le biais d&rsquo;enqu\u00eates cliniques, les participants font \u00e9galement entendre directement aux chercheurs la voix de ceux qui vivent avec la CSP, ce qui contribue \u00e0 faire avancer les d\u00e9couvertes essentielles.  <\/p>\n\n\n<div class=\"gb-container gb-container-d6969a9b\">\n\n<a class=\"gb-button gb-button-b6a95e92 psc-paragraph-p read-more\" href=\"https:\/\/pscpartners.ca\/fr\/essais-cliniques\/\"><span class=\"gb-button-text\">En savoir plus sur les essais cliniques<\/span><span class=\"gb-icon\"><svg xmlns=\"http:\/\/www.w3.org\/2000\/svg\" width=\"20px\" height=\"20px\" viewbox=\"0 0 448 512\" stroke-width=\"0\" fill=\"currentColor\" stroke=\"currentColor\"><path d=\"M438.6 278.6c12.5-12.5 12.5-32.8 0-45.3l-160-160c-12.5-12.5-32.8-12.5-45.3 0s-12.5 32.8 0 45.3L338.8 224 32 224c-17.7 0-32 14.3-32 32s14.3 32 32 32l306.7 0L233.4 393.4c-12.5 12.5-12.5 32.8 0 45.3s32.8 12.5 45.3 0l160-160z\"><\/path><\/svg><\/span><\/a>\n\n<\/div>\n<\/div>\n<\/div>\n<\/div>\n<\/div>\n\n<div class=\"gb-container gb-container-63467a97\">\n\n<h2 class=\"gb-headline gb-headline-acddf5e0 gb-headline-text psc-heading-h3\"><span class=\"short-underline\">B\u00e9n\u00e9vole<\/span><\/h2>\n\n\n<div class=\"gb-container gb-container-4e2a7e5a get-involved\">\n<div class=\"gb-container gb-container-7ea972fe content-image\">\n\n<figure class=\"gb-block-image gb-block-image-25246026\"><img loading=\"lazy\" decoding=\"async\" width=\"1089\" height=\"722\" class=\"gb-image gb-image-25246026\" src=\"https:\/\/pscpartners.ca\/wp-content\/uploads\/2024\/12\/GI-6.jpg\" alt=\"\" title=\"GI-6\" srcset=\"https:\/\/pscpartners.ca\/wp-content\/uploads\/2024\/12\/GI-6.jpg 1089w, https:\/\/pscpartners.ca\/wp-content\/uploads\/2024\/12\/GI-6-300x199.jpg 300w, https:\/\/pscpartners.ca\/wp-content\/uploads\/2024\/12\/GI-6-1024x679.jpg 1024w, https:\/\/pscpartners.ca\/wp-content\/uploads\/2024\/12\/GI-6-768x509.jpg 768w\" sizes=\"auto, (max-width: 1089px) 100vw, 1089px\" \/><\/figure>\n\n<\/div>\n\n<div class=\"gb-container gb-container-0baf1cf6 content-statement\">\n<div class=\"gb-container gb-container-643280f7\">\n\n<p class=\"gb-headline gb-headline-46b1b511 gb-headline-text psc-paragraph-p\">Les b\u00e9n\u00e9voles sont l&rsquo;\u00e9pine dorsale de Partenaires PSC Canada. Leur aide est essentielle pour l&rsquo;organisation d&rsquo;\u00e9v\u00e9nements, la publication du bulletin trimestriel Loon Duct et d&rsquo;autres fonctions qui rassemblent la communaut\u00e9 PSC et la sensibilisent. <\/p>\n\n\n<div class=\"gb-container gb-container-32e6f186\">\n\n<a class=\"gb-button gb-button-99d76da0 psc-paragraph-p read-more\" href=\"https:\/\/pscpartners.ca\/fr\/benevole\/\"><span class=\"gb-button-text\">D\u00e9couvrez comment vous pouvez devenir b\u00e9n\u00e9vole<\/span><span class=\"gb-icon\"><svg xmlns=\"http:\/\/www.w3.org\/2000\/svg\" width=\"20px\" height=\"20px\" viewbox=\"0 0 448 512\" stroke-width=\"0\" fill=\"currentColor\" stroke=\"currentColor\"><path d=\"M438.6 278.6c12.5-12.5 12.5-32.8 0-45.3l-160-160c-12.5-12.5-32.8-12.5-45.3 0s-12.5 32.8 0 45.3L338.8 224 32 224c-17.7 0-32 14.3-32 32s14.3 32 32 32l306.7 0L233.4 393.4c-12.5 12.5-12.5 32.8 0 45.3s32.8 12.5 45.3 0l160-160z\"><\/path><\/svg><\/span><\/a>\n\n<\/div>\n<\/div>\n<\/div>\n<\/div>\n<\/div>\n\n<div class=\"gb-container gb-container-110ee843\">\n\n<h2 class=\"gb-headline gb-headline-e610c264 gb-headline-text psc-heading-h3\"><span class=\"small-circle\">Faire un don<\/span><\/h2>\n\n\n<div class=\"gb-container gb-container-3f568f32 get-involved\">\n<div class=\"gb-container gb-container-f8e5fade content-image\">\n\n<figure class=\"gb-block-image gb-block-image-6672e225\"><img loading=\"lazy\" decoding=\"async\" width=\"2186\" height=\"1540\" class=\"gb-image gb-image-6672e225\" src=\"https:\/\/pscpartners.ca\/wp-content\/uploads\/2024\/12\/donate-2.webp\" alt=\"\" title=\"donate (2)\" srcset=\"https:\/\/pscpartners.ca\/wp-content\/uploads\/2024\/12\/donate-2.webp 2186w, https:\/\/pscpartners.ca\/wp-content\/uploads\/2024\/12\/donate-2-300x211.webp 300w, https:\/\/pscpartners.ca\/wp-content\/uploads\/2024\/12\/donate-2-1024x721.webp 1024w, https:\/\/pscpartners.ca\/wp-content\/uploads\/2024\/12\/donate-2-768x541.webp 768w, https:\/\/pscpartners.ca\/wp-content\/uploads\/2024\/12\/donate-2-1536x1082.webp 1536w, https:\/\/pscpartners.ca\/wp-content\/uploads\/2024\/12\/donate-2-2048x1443.webp 2048w\" sizes=\"auto, (max-width: 2186px) 100vw, 2186px\" \/><\/figure>\n\n<\/div>\n\n<div class=\"gb-container gb-container-97a0d102 content-statement\">\n<div class=\"gb-container gb-container-87f484b8\">\n\n<p class=\"gb-headline gb-headline-079aef16 gb-headline-text psc-paragraph-p\">Les dons sont essentiels pour faire avancer la recherche sur la CSP et trouver des traitements efficaces. En tant que maladie rare, la CSP b\u00e9n\u00e9ficie d&rsquo;un financement limit\u00e9. Chaque contribution joue un r\u00f4le crucial pour faire avancer la recherche. Gr\u00e2ce au soutien des donateurs, Partenaires PSC Canada peut continuer \u00e0 travailler \u00e0 l&rsquo;\u00e9laboration de meilleures th\u00e9rapies et, \u00e0 terme, \u00e0 la d\u00e9couverte d&rsquo;un rem\u00e8de.   <\/p>\n\n\n<div class=\"gb-container gb-container-2ea357b5\">\n\n<a class=\"gb-button gb-button-98f604b0 psc-paragraph-p read-more\" href=\"https:\/\/pscpartners.ca\/psc-donate\/\"><span class=\"gb-button-text\">Donate to PSC Partners Canada<\/span><span class=\"gb-icon\"><svg xmlns=\"http:\/\/www.w3.org\/2000\/svg\" width=\"20px\" height=\"20px\" viewBox=\"0 0 448 512\" stroke-width=\"0\" fill=\"currentColor\" stroke=\"currentColor\"><path d=\"M438.6 278.6c12.5-12.5 12.5-32.8 0-45.3l-160-160c-12.5-12.5-32.8-12.5-45.3 0s-12.5 32.8 0 45.3L338.8 224 32 224c-17.7 0-32 14.3-32 32s14.3 32 32 32l306.7 0L233.4 393.4c-12.5 12.5-12.5 32.8 0 45.3s32.8 12.5 45.3 0l160-160z\"><\/path><\/svg><\/span><\/a>\n\n<\/div>\n<\/div>\n<\/div>\n<\/div>\n<\/div>\n<\/div>\n<\/div>","protected":false},"excerpt":{"rendered":"<p>Get Involved Faites partie de la communaut\u00e9 canadienne du CSP ! En tant que patient, soignant ou membre de la famille, vous pouvez faire la diff\u00e9rence. Engagez-vous aupr\u00e8s de Partenaires PSC Canada et faites une grande diff\u00e9rence. Que vous vous joigniez \u00e0 un groupe de soutien, assistiez \u00e0 nos \u00e9v\u00e9nements, contribuiez au registre des patients, &#8230; <a title=\"Participez\" class=\"read-more\" href=\"https:\/\/pscpartners.ca\/fr\/participez\/\" aria-label=\"En savoir plus sur Participez\">Lire plus<\/a><\/p>\n","protected":false},"author":1,"featured_media":0,"parent":0,"menu_order":0,"comment_status":"closed","ping_status":"closed","template":"","meta":{"_acf_changed":false,"_seopress_robots_primary_cat":"","_seopress_titles_title":"Joignez la communaut\u00e9 PSC Canada, impactez les vies","_seopress_titles_desc":"Faites la diff\u00e9rence! Engagez-vous aupr\u00e8s de Partenaires PSC Canada pour soutenir la recherche sur la CSP et changer des vies. Joignez-vous \u00e0 nous!","_seopress_robots_index":"","footnotes":""},"class_list":["post-2554","page","type-page","status-publish"],"acf":[],"_links":{"self":[{"href":"https:\/\/pscpartners.ca\/fr\/wp-json\/wp\/v2\/pages\/2554","targetHints":{"allow":["GET"]}}],"collection":[{"href":"https:\/\/pscpartners.ca\/fr\/wp-json\/wp\/v2\/pages"}],"about":[{"href":"https:\/\/pscpartners.ca\/fr\/wp-json\/wp\/v2\/types\/page"}],"author":[{"embeddable":true,"href":"https:\/\/pscpartners.ca\/fr\/wp-json\/wp\/v2\/users\/1"}],"replies":[{"embeddable":true,"href":"https:\/\/pscpartners.ca\/fr\/wp-json\/wp\/v2\/comments?post=2554"}],"version-history":[{"count":35,"href":"https:\/\/pscpartners.ca\/fr\/wp-json\/wp\/v2\/pages\/2554\/revisions"}],"predecessor-version":[{"id":6426,"href":"https:\/\/pscpartners.ca\/fr\/wp-json\/wp\/v2\/pages\/2554\/revisions\/6426"}],"wp:attachment":[{"href":"https:\/\/pscpartners.ca\/fr\/wp-json\/wp\/v2\/media?parent=2554"}],"curies":[{"name":"wp","href":"https:\/\/api.w.org\/{rel}","templated":true}]}}